{"id":1472,"date":"2025-11-17T09:35:36","date_gmt":"2025-11-17T09:35:36","guid":{"rendered":"https:\/\/loot-zino.com\/login-and-registration\/"},"modified":"2025-11-17T13:20:24","modified_gmt":"2025-11-17T13:20:24","slug":"logowanie-i-rejestracja","status":"publish","type":"page","link":"https:\/\/loot-zino.com\/pl\/logowanie-i-rejestracja\/","title":{"rendered":"Logowanie i rejestracja"},"content":{"rendered":"<h1>Lootzino rejestracja i konfiguracja logowania<\/h1>\n<p>Aby uzyska\u0107 dost\u0119p do gier, bonus\u00f3w, p\u0142atno\u015bci i wielu innych wa\u017cnych sekcji naszej strony internetowej, nale\u017cy przej\u015b\u0107 przez prosty proces do Lootzino login. W tym celu wystarczy poda\u0107 sw\u00f3j adres e-mail i has\u0142o. Nasza strona internetowa umo\u017cliwia rejestracj\u0119 polskim u\u017cytkownikom, kt\u00f3rzy uko\u0144czyli 18 lat. Ponadto ka\u017cda osoba mo\u017ce posiada\u0107 tylko jedno konto w kasyno Lootzino.<\/p>\n<p><div class=\"banner-wrap\" aria-label=\"Banner\"><img src=\"https:\/\/loot-zino.com\/wp-content\/uploads\/2025\/11\/Lootzino-banner-carousel-800\u0445400.webp\" class=\"w-100 d-none d-lg-block img-pc main-banner-img\" alt=\"Lootzino banner desktop\" fetchpriority=\"high\" decoding=\"async\"><img src=\"https:\/\/loot-zino.com\/wp-content\/uploads\/2025\/12\/Group-25.webp\" class=\"w-100 d-none d-md-block d-lg-none main-banner-img\" alt=\"Lootzino banner mobile\" fetchpriority=\"high\" decoding=\"async\"><img src=\"https:\/\/loot-zino.com\/wp-content\/uploads\/2025\/12\/Group-25.webp\" class=\"w-100 d-md-none\" alt=\"Lootzino banner mobile\" fetchpriority=\"high\" decoding=\"async\"><div class=\"banner-description\">\n<div class=\"banner-title\">Bonusy powitalne<\/div>\n<p class=\"banner-header-title\">1500 \u20ac<\/p>\n<div class=\"banner-header-AdditionalText\">+ 250 Darmowe obroty<\/div>\n<button data-item=\"homepage_banner_link\" class=\"goto m-button m-gradient-border m-button--primary m-button--large banner-button btn-orange\">\n            <div class=\"m-button-content\">\n                <span>Zarejestruj si\u0119 teraz<\/span>\n                <span><\/span>\n            <\/div>\n        <\/button>\n<\/div>\n<div class=\"WelcomePack\">\n<p><img loading=\"lazy\" decoding=\"async\" class=\"alignnone size-full wp-image-1337\" src=\"https:\/\/loot-zino.com\/wp-content\/uploads\/2025\/11\/welcome-crown.svg\" alt=\"crown\" width=\"25\" height=\"26\" \/><\/p>\n<div class=\"WelcomePack-Info\">Cotygodniowy zwrot got\u00f3wki do 25%<\/div>\n<p><img loading=\"lazy\" decoding=\"async\" class=\"alignnone size-full wp-image-1337\" src=\"https:\/\/loot-zino.com\/wp-content\/uploads\/2025\/11\/welcome-crown.svg\" alt=\"crown\" width=\"25\" height=\"26\" \/><\/p>\n<\/div>\n<\/div><div class=\"scrollable-content-wrap my-5\"><div class=\"scrollable-content-inner\"><h2>Lootzino rejestracja i tworzenie konta<\/h2>\n<p>Podr\u00f3\u017c po naszej stronie internetowej lub aplikacji zaczyna si\u0119 od procesu logowania do Loot Zino. Je\u015bli nie masz jeszcze konta, najpierw musisz si\u0119 zarejestrowa\u0107. Proces ten zajmuje nie wi\u0119cej ni\u017c 3 minuty, nawet w przypadku nowych klient\u00f3w kasyn online. Poni\u017cej znajdziesz szczeg\u00f3\u0142owe instrukcje dotycz\u0105ce prostego procesu rejestracji w Lootzino Casino:<\/p>\n<ol>\n<li>Kliknij przycisk \u201eZarejestruj si\u0119\u201d w prawym g\u00f3rnym rogu.<\/li>\n<li>W formularzu rejestracyjnym wprowad\u017a sw\u00f3j adres e-mail i utw\u00f3rz has\u0142o. Has\u0142o musi mie\u0107 co najmniej 6 znak\u00f3w.<\/li>\n<li>Wpisz kod promocyjny, je\u015bli go posiadasz.<\/li>\n<li>Potwierd\u017a, \u017ce masz uko\u0144czone 18 lat i akceptujesz warunki korzystania z naszej strony internetowej.<\/li>\n<li>Kliknij przycisk \u201eZarejestruj si\u0119\u201d.<\/li>\n<\/ol>\n<p>Po zako\u0144czeniu g\u0142\u00f3wnego procesu rejestracji nale\u017cy wype\u0142ni\u0107 formularz, podaj\u0105c swoje dane osobowe, takie jak imi\u0119 i nazwisko, data urodzenia oraz adres zamieszkania. Prosimy o podanie prawdziwych informacji, poniewa\u017c s\u0105 one wa\u017cne dla procesu weryfikacji.<\/p>\n<h3>Funkcje i ustawienia konta<\/h3>\n<p>Posiadaj\u0105c konto w Loot Zino Casino, mo\u017cesz gra\u0107 w ponad 6.000 r\u00f3\u017cnych tytu\u0142\u00f3w na prawdziwe pieni\u0105dze. Otrzymasz dost\u0119p do wszystkich dost\u0119pnych metod p\u0142atno\u015bci przy minimalnej wp\u0142acie w wysoko\u015bci 15\u201320 euro. Poza tym oferujemy wieloj\u0119zyczn\u0105 obs\u0142ug\u0119 klienta, kt\u00f3ra jest dost\u0119pna za po\u015brednictwem czatu na \u017cywo na stronie internetowej lub poczty elektronicznej.<\/p>\n<p>W ustawieniach konta zawsze mo\u017cesz sprawdzi\u0107 histori\u0119 swoich wp\u0142at, przebieg gry, zak\u0142ady i wygrane. Mo\u017cesz tam r\u00f3wnie\u017c przegl\u0105da\u0107 i zarz\u0105dza\u0107 aktywnymi bonusami oraz turniejami. Na koncie osobistym Lootzino Casino dost\u0119pne s\u0105 r\u00f3wnie\u017c narz\u0119dzia do odpowiedzialnej gry, takie jak limity czasowe lub finansowe oraz opcja samowykluczenia.<\/p>\n<h2>Jak zalogowa\u0107 si\u0119 do Loot Zino<\/h2>\n<p>Je\u015bli wcze\u015bniej zarejestrowa\u0142e\u015b si\u0119 w naszym serwisie, mo\u017cesz od razu rozpocz\u0105\u0107 proces logowania do Lootzino. W tym celu potrzebujesz informacji podanych podczas rejestracji: adresu e-mail i has\u0142a. Po zalogowaniu si\u0119 mo\u017cesz rozpocz\u0105\u0107 gr\u0119 we wszystkie dost\u0119pne gry, dokonywa\u0107 wp\u0142at i wyp\u0142at oraz korzysta\u0107 z ekscytuj\u0105cego programu bonusowego.<\/p>\n<p>Zasady naszej strony internetowej nie pozwalaj\u0105 na dokonywanie wp\u0142at i granie w gry na prawdziwe pieni\u0105dze bez rejestracji. Mo\u017cesz wypr\u00f3bowa\u0107 wiele tytu\u0142\u00f3w w trybie demo, w kt\u00f3rym b\u0119dziesz korzysta\u0107 z wirtualnych kredyt\u00f3w. Jednak w tym przypadku nie b\u0119dziesz m\u00f3g\u0142 r\u00f3wnie\u017c wyp\u0142aci\u0107 wygranych. Dlatego zdecydowanie zalecamy zako\u0144czenie procesu logowania do Lootzino i korzystanie ze wszystkich funkcji platformy.<\/p>\n<p>Je\u015bli nie mo\u017cesz uzyska\u0107 dost\u0119pu do swojego konta lub masz inne problemy zwi\u0105zane z kasyno Lootzino, mo\u017cesz skontaktowa\u0107 si\u0119 z naszym dzia\u0142em obs\u0142ugi klienta dost\u0119pnym 24 godziny na dob\u0119, 7 dni w tygodniu. W przypadku szybkich i pilnych pyta\u0144 skorzystaj z czatu na \u017cywo na stronie internetowej lub w aplikacji. W przypadku bardziej szczeg\u00f3\u0142owych problem\u00f3w wy\u015blij nam wiadomo\u015b\u0107 e-mail.<\/p>\n<h3>Nie pami\u0119tasz danych logowania?<\/h3>\n<p>Na naszej platformie nie ma wi\u0119kszego problemu, je\u015bli zapomnisz dane logowania do serwisu Lootzino. Podczas logowania mo\u017cesz skorzysta\u0107 z linku \u201eNie pami\u0119tam has\u0142a\u201d. Ta funkcja pozwala na resetowanie has\u0142a w dowolnym momencie. Musisz poda\u0107 sw\u00f3j adres e-mail, aby\u015bmy mogli wys\u0142a\u0107 Ci link do resetowania has\u0142a.<\/p>\n<p>Nast\u0119pnie, po zalogowaniu si\u0119 na swoje konto, nale\u017cy wprowadzi\u0107 nowe has\u0142o. Ponadto w ustawieniach konta mo\u017cna w razie potrzeby zmieni\u0107 dowolne dane osobowe lub informacje dotycz\u0105ce p\u0142atno\u015bci.<\/p>\n<h2>Dlaczego weryfikacja konta jest wa\u017cna<\/h2>\n<p>Aby zapewni\u0107 wszystkim u\u017cytkownikom bezpieczn\u0105 platform\u0119 hazardow\u0105, przed dokonaniem pierwszej wyp\u0142aty prosimy o przej\u015bcie przez proces weryfikacji. Proces ten nie zajmuje du\u017co czasu i nie jest skomplikowany. Poprosimy Ci\u0119 o przes\u0142anie zdj\u0119\u0107 lub kopii nast\u0119puj\u0105cych dokument\u00f3w:<\/p>\n<table>\n<tbody>\n<tr>\n<td>Dokumenty<\/td>\n<td>Szczeg\u00f3\u0142y<\/td>\n<\/tr>\n<tr>\n<td>Dow\u00f3d to\u017csamo\u015bci i wieku<\/td>\n<td>Dow\u00f3d osobisty, paszport lub prawo jazdy<\/td>\n<\/tr>\n<tr>\n<td>Potwierdzenie adresu zamieszkania<\/td>\n<td>Rachunek za media nie starszy ni\u017c 3 miesi\u0105ce lub wyci\u0105g z konta bankowego<\/td>\n<\/tr>\n<tr>\n<td>Dow\u00f3d w\u0142asno\u015bci metody p\u0142atno\u015bci<\/td>\n<td>Wyci\u0105g bankowy lub zrzut ekranu z portfela kryptowalutowego lub elektronicznego<\/td>\n<\/tr>\n<\/tbody>\n<\/table>\n<p>Po przes\u0142aniu wszystkich wymaganych dokument\u00f3w nasi mened\u017cerowie sprawdz\u0105 je w ci\u0105gu 48 godzin i udziel\u0105 odpowiedniej odpowiedzi. Po zweryfikowaniu konta Lootzino b\u0119dziesz m\u00f3g\u0142 natychmiast dokonywa\u0107 wyp\u0142at.<\/p>\n<h2>Cz\u0119sto zadawane pytania<\/h2>\n<h3>Jak mog\u0119 uzyska\u0107 dost\u0119p do mojego konta w kasynie Lootzino?<\/h3>\n<p>Mo\u017cesz przej\u015b\u0107 przez proces logowania do serwisu Lootzino na stronie internetowej lub w aplikacji. W tym celu nale\u017cy przej\u015b\u0107 do sekcji \u201eZaloguj si\u0119\u201d i wprowadzi\u0107 sw\u00f3j adres e-mail oraz has\u0142o.<\/p>\n<h3>Co zrobi\u0107, je\u015bli nie pami\u0119tam has\u0142a?<\/h3>\n<p>Zawsze mo\u017cesz skorzysta\u0107 z funkcji \u201eNie pami\u0119tam has\u0142a\u201d, aby zresetowa\u0107 has\u0142o i utworzy\u0107 nowe. Funkcja ta znajduje si\u0119 w formularzu Logowanie do Loot Zino. Otrzymasz od nas wiadomo\u015b\u0107 e-mail z linkiem do resetowania has\u0142a.<\/p>\n<h3>Czy mog\u0119 zmieni\u0107 dane mojego konta po rejestracji?<\/h3>\n<p>W dowolnym momencie mo\u017cesz zmieni\u0107 swoje dane osobowe lub informacje dotycz\u0105ce p\u0142atno\u015bci w ustawieniach konta. Zawsze wysy\u0142amy Ci wiadomo\u015b\u0107 e-mail z potwierdzeniem ka\u017cdej zmiany danych, aby zapobiec oszustwom na platformie.<\/p>\n<\/div><\/div><\/p>\n","protected":false},"excerpt":{"rendered":"<p>Lootzino rejestracja i konfiguracja logowania Aby uzyska\u0107 dost\u0119p do gier, bonus\u00f3w, p\u0142atno\u015bci i wielu innych wa\u017cnych sekcji naszej strony internetowej, nale\u017cy przej\u015b\u0107 przez prosty proces do Lootzino login. W tym celu wystarczy poda\u0107 sw\u00f3j adres e-mail i has\u0142o. Nasza strona internetowa umo\u017cliwia rejestracj\u0119 polskim u\u017cytkownikom, kt\u00f3rzy uko\u0144czyli 18 lat. Ponadto ka\u017cda osoba mo\u017ce posiada\u0107 tylko [&hellip;]<\/p>\n","protected":false},"author":1,"featured_media":0,"parent":0,"menu_order":0,"comment_status":"closed","ping_status":"closed","template":"template-builder.php","meta":{"_acf_changed":false,"inline_featured_image":false,"footnotes":""},"class_list":["post-1472","page","type-page","status-publish","hentry"],"acf":[],"yoast_head":"<!-- This site is optimized with the Yoast SEO plugin v27.3 - https:\/\/yoast.com\/product\/yoast-seo-wordpress\/ -->\n<title>Lootzino Login | Bezpieczny dost\u0119p do konta i rejestracja<\/title>\n<meta name=\"description\" content=\"Uzyskaj \u0142atwy dost\u0119p do swojego konta dzi\u0119ki Loot Zino login. Zarz\u0105dzaj depozytami, bonusami i ustawieniami osobistymi w jednym miejscu. Nowi u\u017cytkownicy mog\u0105 zarejestrowa\u0107 si\u0119 w kilka sekund.\" \/>\n<meta name=\"robots\" content=\"index, follow, max-snippet:-1, max-image-preview:large, max-video-preview:-1\" \/>\n<link rel=\"canonical\" href=\"https:\/\/loot-zino.com\/pl\/logowanie-i-rejestracja\/\" \/>\n<meta property=\"og:locale\" content=\"pl_PL\" \/>\n<meta property=\"og:type\" content=\"article\" \/>\n<meta property=\"og:title\" content=\"Lootzino Login | Bezpieczny dost\u0119p do konta i rejestracja\" \/>\n<meta property=\"og:description\" content=\"Uzyskaj \u0142atwy dost\u0119p do swojego konta dzi\u0119ki Loot Zino login. Zarz\u0105dzaj depozytami, bonusami i ustawieniami osobistymi w jednym miejscu. Nowi u\u017cytkownicy mog\u0105 zarejestrowa\u0107 si\u0119 w kilka sekund.\" \/>\n<meta property=\"og:url\" content=\"https:\/\/loot-zino.com\/pl\/logowanie-i-rejestracja\/\" \/>\n<meta property=\"og:site_name\" content=\"lootzino\" \/>\n<meta property=\"article:modified_time\" content=\"2025-11-17T13:20:24+00:00\" \/>\n<meta name=\"twitter:card\" content=\"summary_large_image\" \/>\n<meta name=\"twitter:label1\" content=\"Est. reading time\" \/>\n\t<meta name=\"twitter:data1\" content=\"1 minute\" \/>\n<script type=\"application\/ld+json\" class=\"yoast-schema-graph\">{\"@context\":\"https:\\\/\\\/schema.org\",\"@graph\":[{\"@type\":\"WebPage\",\"@id\":\"https:\\\/\\\/loot-zino.com\\\/pl\\\/logowanie-i-rejestracja\\\/\",\"url\":\"https:\\\/\\\/loot-zino.com\\\/pl\\\/logowanie-i-rejestracja\\\/\",\"name\":\"Lootzino Login | Bezpieczny dost\u0119p do konta i rejestracja\",\"isPartOf\":{\"@id\":\"https:\\\/\\\/loot-zino.com\\\/pl\\\/#website\"},\"datePublished\":\"2025-11-17T09:35:36+00:00\",\"dateModified\":\"2025-11-17T13:20:24+00:00\",\"description\":\"Uzyskaj \u0142atwy dost\u0119p do swojego konta dzi\u0119ki Loot Zino login. Zarz\u0105dzaj depozytami, bonusami i ustawieniami osobistymi w jednym miejscu. Nowi u\u017cytkownicy mog\u0105 zarejestrowa\u0107 si\u0119 w kilka sekund.\",\"breadcrumb\":{\"@id\":\"https:\\\/\\\/loot-zino.com\\\/pl\\\/logowanie-i-rejestracja\\\/#breadcrumb\"},\"inLanguage\":\"pl-PL\",\"potentialAction\":[{\"@type\":\"ReadAction\",\"target\":[\"https:\\\/\\\/loot-zino.com\\\/pl\\\/logowanie-i-rejestracja\\\/\"]}]},{\"@type\":\"BreadcrumbList\",\"@id\":\"https:\\\/\\\/loot-zino.com\\\/pl\\\/logowanie-i-rejestracja\\\/#breadcrumb\",\"itemListElement\":[{\"@type\":\"ListItem\",\"position\":1,\"name\":\"Lootzino\",\"item\":\"https:\\\/\\\/loot-zino.com\\\/pl\\\/\"},{\"@type\":\"ListItem\",\"position\":2,\"name\":\"Logowanie i rejestracja\"}]},{\"@type\":\"WebSite\",\"@id\":\"https:\\\/\\\/loot-zino.com\\\/pl\\\/#website\",\"url\":\"https:\\\/\\\/loot-zino.com\\\/pl\\\/\",\"name\":\"Lootzino\",\"description\":\"\",\"publisher\":{\"@id\":\"https:\\\/\\\/loot-zino.com\\\/pl\\\/#organization\"},\"potentialAction\":[{\"@type\":\"SearchAction\",\"target\":{\"@type\":\"EntryPoint\",\"urlTemplate\":\"https:\\\/\\\/loot-zino.com\\\/pl\\\/?s={search_term_string}\"},\"query-input\":{\"@type\":\"PropertyValueSpecification\",\"valueRequired\":true,\"valueName\":\"search_term_string\"}}],\"inLanguage\":\"pl-PL\"},{\"@type\":\"Organization\",\"@id\":\"https:\\\/\\\/loot-zino.com\\\/pl\\\/#organization\",\"name\":\"Lootzino\",\"url\":\"https:\\\/\\\/loot-zino.com\\\/pl\\\/\",\"logo\":{\"@type\":\"ImageObject\",\"inLanguage\":\"pl-PL\",\"@id\":\"https:\\\/\\\/loot-zino.com\\\/pl\\\/#\\\/schema\\\/logo\\\/image\\\/\",\"url\":\"https:\\\/\\\/loot-zino.com\\\/wp-content\\\/uploads\\\/2025\\\/11\\\/lootzino-1.svg\",\"contentUrl\":\"https:\\\/\\\/loot-zino.com\\\/wp-content\\\/uploads\\\/2025\\\/11\\\/lootzino-1.svg\",\"width\":16,\"height\":20,\"caption\":\"Lootzino\"},\"image\":{\"@id\":\"https:\\\/\\\/loot-zino.com\\\/pl\\\/#\\\/schema\\\/logo\\\/image\\\/\"}}]}<\/script>\n<!-- \/ Yoast SEO plugin. -->","yoast_head_json":{"title":"Lootzino Login | Bezpieczny dost\u0119p do konta i rejestracja","description":"Uzyskaj \u0142atwy dost\u0119p do swojego konta dzi\u0119ki Loot Zino login. Zarz\u0105dzaj depozytami, bonusami i ustawieniami osobistymi w jednym miejscu. Nowi u\u017cytkownicy mog\u0105 zarejestrowa\u0107 si\u0119 w kilka sekund.","robots":{"index":"index","follow":"follow","max-snippet":"max-snippet:-1","max-image-preview":"max-image-preview:large","max-video-preview":"max-video-preview:-1"},"canonical":"https:\/\/loot-zino.com\/pl\/logowanie-i-rejestracja\/","og_locale":"pl_PL","og_type":"article","og_title":"Lootzino Login | Bezpieczny dost\u0119p do konta i rejestracja","og_description":"Uzyskaj \u0142atwy dost\u0119p do swojego konta dzi\u0119ki Loot Zino login. Zarz\u0105dzaj depozytami, bonusami i ustawieniami osobistymi w jednym miejscu. Nowi u\u017cytkownicy mog\u0105 zarejestrowa\u0107 si\u0119 w kilka sekund.","og_url":"https:\/\/loot-zino.com\/pl\/logowanie-i-rejestracja\/","og_site_name":"lootzino","article_modified_time":"2025-11-17T13:20:24+00:00","twitter_card":"summary_large_image","twitter_misc":{"Est. reading time":"1 minute"},"schema":{"@context":"https:\/\/schema.org","@graph":[{"@type":"WebPage","@id":"https:\/\/loot-zino.com\/pl\/logowanie-i-rejestracja\/","url":"https:\/\/loot-zino.com\/pl\/logowanie-i-rejestracja\/","name":"Lootzino Login | Bezpieczny dost\u0119p do konta i rejestracja","isPartOf":{"@id":"https:\/\/loot-zino.com\/pl\/#website"},"datePublished":"2025-11-17T09:35:36+00:00","dateModified":"2025-11-17T13:20:24+00:00","description":"Uzyskaj \u0142atwy dost\u0119p do swojego konta dzi\u0119ki Loot Zino login. Zarz\u0105dzaj depozytami, bonusami i ustawieniami osobistymi w jednym miejscu. Nowi u\u017cytkownicy mog\u0105 zarejestrowa\u0107 si\u0119 w kilka sekund.","breadcrumb":{"@id":"https:\/\/loot-zino.com\/pl\/logowanie-i-rejestracja\/#breadcrumb"},"inLanguage":"pl-PL","potentialAction":[{"@type":"ReadAction","target":["https:\/\/loot-zino.com\/pl\/logowanie-i-rejestracja\/"]}]},{"@type":"BreadcrumbList","@id":"https:\/\/loot-zino.com\/pl\/logowanie-i-rejestracja\/#breadcrumb","itemListElement":[{"@type":"ListItem","position":1,"name":"Lootzino","item":"https:\/\/loot-zino.com\/pl\/"},{"@type":"ListItem","position":2,"name":"Logowanie i rejestracja"}]},{"@type":"WebSite","@id":"https:\/\/loot-zino.com\/pl\/#website","url":"https:\/\/loot-zino.com\/pl\/","name":"Lootzino","description":"","publisher":{"@id":"https:\/\/loot-zino.com\/pl\/#organization"},"potentialAction":[{"@type":"SearchAction","target":{"@type":"EntryPoint","urlTemplate":"https:\/\/loot-zino.com\/pl\/?s={search_term_string}"},"query-input":{"@type":"PropertyValueSpecification","valueRequired":true,"valueName":"search_term_string"}}],"inLanguage":"pl-PL"},{"@type":"Organization","@id":"https:\/\/loot-zino.com\/pl\/#organization","name":"Lootzino","url":"https:\/\/loot-zino.com\/pl\/","logo":{"@type":"ImageObject","inLanguage":"pl-PL","@id":"https:\/\/loot-zino.com\/pl\/#\/schema\/logo\/image\/","url":"https:\/\/loot-zino.com\/wp-content\/uploads\/2025\/11\/lootzino-1.svg","contentUrl":"https:\/\/loot-zino.com\/wp-content\/uploads\/2025\/11\/lootzino-1.svg","width":16,"height":20,"caption":"Lootzino"},"image":{"@id":"https:\/\/loot-zino.com\/pl\/#\/schema\/logo\/image\/"}}]}},"_links":{"self":[{"href":"https:\/\/loot-zino.com\/pl\/wp-json\/wp\/v2\/pages\/1472","targetHints":{"allow":["GET"]}}],"collection":[{"href":"https:\/\/loot-zino.com\/pl\/wp-json\/wp\/v2\/pages"}],"about":[{"href":"https:\/\/loot-zino.com\/pl\/wp-json\/wp\/v2\/types\/page"}],"author":[{"embeddable":true,"href":"https:\/\/loot-zino.com\/pl\/wp-json\/wp\/v2\/users\/1"}],"replies":[{"embeddable":true,"href":"https:\/\/loot-zino.com\/pl\/wp-json\/wp\/v2\/comments?post=1472"}],"version-history":[{"count":2,"href":"https:\/\/loot-zino.com\/pl\/wp-json\/wp\/v2\/pages\/1472\/revisions"}],"predecessor-version":[{"id":1767,"href":"https:\/\/loot-zino.com\/pl\/wp-json\/wp\/v2\/pages\/1472\/revisions\/1767"}],"wp:attachment":[{"href":"https:\/\/loot-zino.com\/pl\/wp-json\/wp\/v2\/media?parent=1472"}],"curies":[{"name":"wp","href":"https:\/\/api.w.org\/{rel}","templated":true}]}}