{"id":1426,"date":"2025-11-17T09:22:59","date_gmt":"2025-11-17T09:22:59","guid":{"rendered":"https:\/\/loot-zino.com\/app\/"},"modified":"2025-11-17T13:18:28","modified_gmt":"2025-11-17T13:18:28","slug":"aplikacja","status":"publish","type":"page","link":"https:\/\/loot-zino.com\/pl\/aplikacja\/","title":{"rendered":"Aplikacja"},"content":{"rendered":"<h1>Kasyno Lootzino Aplikacja<\/h1>\n<p>Lootzino App to idealny wyb\u00f3r, aby gra\u0107 w swoje ulubione gry w podr\u00f3\u017cy z Polski. Oprogramowanie mobilne zosta\u0142o opracowane dla wszystkich nowoczesnych urz\u0105dze\u0144 z systemem Android i iOS. Wszystkie nasze gry od popularnych dostawc\u00f3w oprogramowania s\u0105 zoptymalizowane pod k\u0105tem smartfon\u00f3w i tablet\u00f3w. Nie stracisz nic, a nawet zyskasz lepsze wra\u017cenia z gry. Oprogramowanie mobilne jest dost\u0119pne na naszej stronie internetowej, a proces instalacji zajmie nie wi\u0119cej ni\u017c kilka minut.<\/p>\n<div class=\"banner-wrap\" aria-label=\"Banner\"><img src=\"https:\/\/loot-zino.com\/wp-content\/uploads\/2025\/11\/Lootzino-banner-carousel-800\u0445400.webp\" class=\"w-100 d-none d-lg-block img-pc main-banner-img\" alt=\"Lootzino banner desktop\" fetchpriority=\"high\" decoding=\"async\"><img src=\"https:\/\/loot-zino.com\/wp-content\/uploads\/2025\/12\/Group-25.webp\" class=\"w-100 d-none d-md-block d-lg-none main-banner-img\" alt=\"Lootzino banner mobile\" fetchpriority=\"high\" decoding=\"async\"><img src=\"https:\/\/loot-zino.com\/wp-content\/uploads\/2025\/12\/Group-25.webp\" class=\"w-100 d-md-none\" alt=\"Lootzino banner mobile\" fetchpriority=\"high\" decoding=\"async\"><div class=\"banner-description\">\n<div class=\"banner-title\">Bonusy powitalne<\/div>\n<p class=\"banner-header-title\">1500 \u20ac<\/p>\n<div class=\"banner-header-AdditionalText\">+ 250 Darmowe obroty<\/div>\n<button data-item=\"homepage_banner_link\" class=\"goto m-button m-gradient-border m-button--primary m-button--large banner-button btn-orange\">\n            <div class=\"m-button-content\">\n                <span>Zarejestruj si\u0119 teraz<\/span>\n                <span><\/span>\n            <\/div>\n        <\/button>\n<\/div>\n<div class=\"WelcomePack\">\n<p><img loading=\"lazy\" decoding=\"async\" class=\"alignnone size-full wp-image-1337\" src=\"https:\/\/loot-zino.com\/wp-content\/uploads\/2025\/11\/welcome-crown.svg\" alt=\"crown\" width=\"25\" height=\"26\" \/><\/p>\n<div class=\"WelcomePack-Info\">Cotygodniowy zwrot got\u00f3wki do 25%<\/div>\n<p><img loading=\"lazy\" decoding=\"async\" class=\"alignnone size-full wp-image-1337\" src=\"https:\/\/loot-zino.com\/wp-content\/uploads\/2025\/11\/welcome-crown.svg\" alt=\"crown\" width=\"25\" height=\"26\" \/><\/p>\n<\/div>\n<\/div>\n<h2>Dlaczego warto wybra\u0107 aplikacj\u0119 mobiln\u0105 Lootzino<\/h2>\n<p>Coraz wi\u0119cej os\u00f3b woli gra\u0107 w swoje ulubione gry na urz\u0105dzeniach mobilnych. Dlatego stworzyli\u015bmy wygodn\u0105 aplikacj\u0119 Lootzino na Androida i iOS. 80% naszych u\u017cytkownik\u00f3w preferuje oprogramowanie mobilne.<\/p>\n<p>Oprogramowanie mobilne odzwierciedla g\u0142\u00f3wn\u0105 wersj\u0119 desktopow\u0105. Ma ten sam wygl\u0105d i nawigacj\u0119, ale jest zoptymalizowane pod k\u0105tem mniejszych ekran\u00f3w. Je\u015bli wypr\u00f3bowa\u0142e\u015b ju\u017c nasz\u0105 wersj\u0119 desktopow\u0105, nie zgubisz si\u0119. Je\u015bli jednak napotkasz jakiekolwiek problemy z oprogramowaniem mobilnym, zawsze mo\u017cesz skontaktowa\u0107 si\u0119 z zespo\u0142em obs\u0142ugi klienta poprzez czat na \u017cywo w aplikacji lub e-mailem.<\/p>\n<p>Ludzie wybieraj\u0105 oprogramowanie mobilne, poniewa\u017c jest ono zawsze aktualne, nawet gdy nie s\u0105 w domu lub nie maj\u0105 dost\u0119pu do komputera. Wszystkie bonusy Loot Zino Casino i ponad 6.000 gier s\u0105 dost\u0119pne za pomoc\u0105 kilku klikni\u0119\u0107. Dodatkowo, w oprogramowaniu mobilnym mo\u017cna otrzymywa\u0107 spersonalizowane powiadomienia push dotycz\u0105ce osi\u0105gni\u0119\u0107 i nowo\u015bci.<\/p>\n<p><div style=\"clear: both\"><\/div><div class=\"d-flex justify-content-center\"><button data-item=\"decouvrez_link\" data-group=\"website_links\" class=\"goto fw-bold rounded-pill btn btn-orange\" aria-label=\"Pobierz aplikacj\u0119 Lootzino Casino\" >Pobierz aplikacj\u0119 Lootzino Casino<\/button><\/div><div class=\"scrollable-content-wrap my-5\"><div class=\"scrollable-content-inner\"><h2>Loot Zino Aplikacja na Androida<\/h2>\n<p>Wszyscy u\u017cytkownicy systemu Android mog\u0105 korzysta\u0107 z automat\u00f3w online, gier sto\u0142owych, opcji z krupierem na \u017cywo, gier b\u0142yskawicznych i wielu innych atrakcji bezpo\u015brednio na swoich urz\u0105dzeniach mobilnych. Opracowali\u015bmy dedykowan\u0105 aplikacj\u0119 mobiln\u0105, kt\u00f3ra nie zajmuje miejsca w pami\u0119ci telefonu i oferuje ponad 6.000 tytu\u0142\u00f3w. Nasi zaufani dostawcy oprogramowania, tacy jak BGaming, Evolution i Playson, tworz\u0105 gry, kt\u00f3re idealnie dostosowuj\u0105 si\u0119 do nowoczesnych urz\u0105dze\u0144 mobilnych.<\/p>\n<p>Nasi u\u017cytkownicy mog\u0105 wybiera\u0107 spo\u015br\u00f3d kilku opcji dost\u0119pu do Lootzino Casino na smartfonie lub tablecie: wersja przegl\u0105darkowa, progresywna aplikacja internetowa (PWA) oraz ikona skr\u00f3tu. Dost\u0119p do platformy mo\u017cna uzyska\u0107 za pomoc\u0105 dowolnej przegl\u0105darki mobilnej, na przyk\u0142ad Google Chrome, Safari itp. Aplikacj\u0119 PWA mo\u017cna pobra\u0107 z naszej strony internetowej, klikaj\u0105c link \u201eAplikacja kasyna\u201d w stopce. Aby zainstalowa\u0107 ikon\u0119 skr\u00f3tu Lootzino Casino i uzyska\u0107 dost\u0119p do strony internetowej z ekranu g\u0142\u00f3wnego w ci\u0105gu sekundy, post\u0119puj zgodnie z poni\u017cszymi instrukcjami:<\/p>\n<ol>\n<li>Otw\u00f3rz preferowan\u0105 przegl\u0105dark\u0119 na swoim smartfonie.<\/li>\n<li>Wejd\u017a na nasz\u0105 stron\u0119 internetow\u0105.<\/li>\n<li>Naci\u015bnij ikon\u0119 \u201eWi\u0119cej\u201d na pasku adresu.<\/li>\n<li>Kliknij \u201eDodaj do ekranu g\u0142\u00f3wnego\u201d, a nast\u0119pnie wybierz \u201eDodaj\u201d.<\/li>\n<li>Aby otworzy\u0107 list\u0119 aplikacji, nale\u017cy przesun\u0105\u0107 palcem w g\u00f3r\u0119 od do\u0142u ekranu g\u0142\u00f3wnego.<\/li>\n<li>Kliknij i przytrzymaj ikon\u0119 aplikacji, kt\u00f3r\u0105 chcesz doda\u0107.<\/li>\n<li>Przeci\u0105gnij ikon\u0119 w wybrane miejsce na ekranie g\u0142\u00f3wnym i zdejmij palec.<\/li>\n<\/ol>\n<p><img loading=\"lazy\" decoding=\"async\" src=\"https:\/\/loot-zino.com\/wp-content\/uploads\/2025\/11\/Lootzino-Android-App.webp\" alt=\"Lootzino Android App\" width=\"1248\" height=\"536\" \/><\/p>\n<\/div><\/div><div style=\"clear: both\"><\/div><div class=\"d-flex justify-content-center\"><button data-item=\"decouvrez_link\" data-group=\"website_links\" class=\"goto fw-bold rounded-pill btn btn-orange\" aria-label=\"Pobierz Lootzino\" >Pobierz Lootzino<\/button><\/div><div class=\"scrollable-content-wrap my-5\"><div class=\"scrollable-content-inner\"><h2>Aplikacja na urz\u0105dzenia z systemem iOS<\/h2>\n<p>Kasyno Lootzino wzi\u0119\u0142o pod uwag\u0119 wszystkich u\u017cytkownik\u00f3w iPhone&#8217;\u00f3w i opracowa\u0142o dla nich specjalne oprogramowanie mobilne. Jest ono intuicyjne i \u0142atwe w u\u017cyciu, nawet dla os\u00f3b, kt\u00f3re dopiero co otworzy\u0142y konto w kasynie online. Dost\u0119pne s\u0105 tam wszystkie te same funkcje, gry i narz\u0119dzia. Je\u015bli nie masz jeszcze konta w Loot Zino, mo\u017cesz je utworzy\u0107 w aplikacji w ci\u0105gu zaledwie kilku minut.<\/p>\n<p>Oprogramowanie mobilne jest tak samo bezpieczne jak g\u0142\u00f3wna wersja na komputery stacjonarne. Wszystkie transakcje, p\u0142atno\u015bci i dane osobowe s\u0105 chronione za pomoc\u0105 szyfrowania SSL. Wsp\u00f3\u0142pracujemy wy\u0142\u0105cznie z zaufanymi dostawcami oprogramowania i operatorami p\u0142atno\u015bci.<\/p>\n<p>Poniewa\u017c oficjalny sklep Apple Store nie zezwala na aplikacje hazardowe, oprogramowanie mobilne Lootzino Casino mo\u017cna zainstalowa\u0107 z oficjalnej strony internetowej. Aby to zrobi\u0107, wystarczy post\u0119powa\u0107 zgodnie z naszymi instrukcjami:<\/p>\n<ol>\n<li>Przejd\u017a do stopki (na dole strony) witryny internetowej Lootzino Casino.<\/li>\n<li>Kliknij przycisk \u201eAplikacja kasyna\u201d. Instalacja rozpocznie si\u0119 automatycznie.<\/li>\n<li>Ikona kasyna pojawi si\u0119 na ekranie g\u0142\u00f3wnym.<\/li>\n<\/ol>\n<p>Aby rozpocz\u0105\u0107 ekscytuj\u0105ce gry i bonusy, wystarczy zalogowa\u0107 si\u0119 na swoje konto lub utworzy\u0107 nowe. Przed dokonaniem pierwszej wyp\u0142aty w kasyno mobilne, nale\u017cy przej\u015b\u0107 przez proces weryfikacji.<\/p>\n<p><img loading=\"lazy\" decoding=\"async\" src=\"https:\/\/loot-zino.com\/wp-content\/uploads\/2025\/11\/Lootzino-iOS-App.webp\" alt=\"Lootzino iOS App\" width=\"1248\" height=\"536\" \/><\/p>\n<\/div><\/div><div style=\"clear: both\"><\/div><div class=\"d-flex justify-content-center\"><button data-item=\"decouvrez_link\" data-group=\"website_links\" class=\"goto fw-bold rounded-pill btn btn-orange\" aria-label=\"Pobierz aplikacj\u0119 Lootzino Casino\" >Pobierz aplikacj\u0119 Lootzino Casino<\/button><\/div><div class=\"scrollable-content-wrap my-5\"><div class=\"scrollable-content-inner\"><h2>Aplikacja internetowa dla komputer\u00f3w Mac lub Windows<\/h2>\n<p>Niekt\u00f3rzy u\u017cytkownicy wol\u0105 gra\u0107 w swoje ulubione gry na komputerze, kiedy s\u0105 spokojnie w domu. Masz du\u017cy ekran i wiesz, \u017ce nic Ci nie umknie. Oferujemy dwie opcje korzystania z Loot Zino na komputerze stacjonarnym: aplikacj\u0119 internetow\u0105 lub wersj\u0119 przegl\u0105darkow\u0105.<\/p>\n<p>Oprogramowanie komputerowe zapewnia szybszy dost\u0119p i bardziej spersonalizowane do\u015bwiadczenia. Mo\u017cna je zainstalowa\u0107 z naszej oficjalnej strony internetowej w ci\u0105gu zaledwie kilku minut. Poni\u017cej znajduje si\u0119 bardziej szczeg\u00f3\u0142owy przegl\u0105d r\u00f3\u017cnic mi\u0119dzy aplikacj\u0105 Lootzino a wersj\u0105 przegl\u0105darkow\u0105.<\/p>\n<table>\n<tbody>\n<tr>\n<td>Funkcja<\/td>\n<td>Aplikacja internetowa<\/td>\n<td>Wersja przegl\u0105darki<\/td>\n<\/tr>\n<tr>\n<td>Instalacja<\/td>\n<td>Wystarczy zainstalowa\u0107 j\u0105 raz, a nast\u0119pnie uruchamia\u0107 jak aplikacj\u0119 natywn\u0105.<\/td>\n<td>Nie wymaga instalacji, dost\u0119pny za po\u015brednictwem dowolnej przegl\u0105darki<\/td>\n<\/tr>\n<tr>\n<td>Tryb offline<\/td>\n<td>Niekt\u00f3re funkcje dzia\u0142aj\u0105 w trybie offline lub przy s\u0142abym po\u0142\u0105czeniu internetowym.<\/td>\n<td>Witryna wymaga sta\u0142ego po\u0142\u0105czenia z Internetem.<\/td>\n<\/tr>\n<tr>\n<td>Wydajno\u015b\u0107<\/td>\n<td>Szybsze czasy \u0142adowania, p\u0142ynniejsze animacje, mniejsze op\u00f3\u017anienia<\/td>\n<td>Zale\u017cy od wydajno\u015bci przegl\u0105darki i rozszerze\u0144.<\/td>\n<\/tr>\n<tr>\n<td>Interfejs u\u017cytkownika<\/td>\n<td>Zoptymalizowany dla komputer\u00f3w stacjonarnych z interfejsem przypominaj\u0105cym aplikacj\u0119<\/td>\n<td>Interfejs u\u017cytkownika mo\u017ce si\u0119 nieznacznie r\u00f3\u017cni\u0107 w zale\u017cno\u015bci od przegl\u0105darki i rozszerze\u0144.<\/td>\n<\/tr>\n<tr>\n<td>Powiadomienia<\/td>\n<td>Powiadomienia push dost\u0119pne dla promocji, bonus\u00f3w i alert\u00f3w dotycz\u0105cych gier<\/td>\n<td>Ograniczone powiadomienia przegl\u0105darki mog\u0105 wymaga\u0107 r\u0119cznego zezwolenia.<\/td>\n<\/tr>\n<tr>\n<td>Dost\u0119pno\u015b\u0107<\/td>\n<td>Mo\u017cliwo\u015b\u0107 uruchamiania z paska zada\u0144, menu Start oraz obs\u0142uga trybu pe\u0142noekranowego.<\/td>\n<td>Wymaga otwarcia przegl\u0105darki i mo\u017ce nie obs\u0142ugiwa\u0107 trybu pe\u0142noekranowego w spos\u00f3b sp\u00f3jny.<\/td>\n<\/tr>\n<\/tbody>\n<\/table>\n<p><img loading=\"lazy\" decoding=\"async\" src=\"https:\/\/loot-zino.com\/wp-content\/uploads\/2025\/11\/Lootzino-Desktop.webp\" alt=\"Lootzino Desktop\" width=\"1248\" height=\"536\" \/><\/p>\n<\/div><\/div><div style=\"clear: both\"><\/div><div class=\"d-flex justify-content-center\"><button data-item=\"decouvrez_link\" data-group=\"website_links\" class=\"goto fw-bold rounded-pill btn btn-orange\" aria-label=\"Pobierz Lootzino\" >Pobierz Lootzino<\/button><\/div><div class=\"scrollable-content-wrap my-5\"><div class=\"scrollable-content-inner\"><h2>Cz\u0119sto zadawane pytania<\/h2>\n<h3>Czy aplikacja Loot Zino jest kompatybilna z systemami iOS i Android?<\/h3>\n<p>Aplikacja Lootzino zosta\u0142a opracowana specjalnie dla urz\u0105dze\u0144 z systemem Android i iOS. Wszystkie gry i inne funkcje doskonale dostosowuj\u0105 si\u0119 do nowoczesnych smartfon\u00f3w i tablet\u00f3w.<\/p>\n<h3>Czy gry dost\u0119pne w aplikacji s\u0105 takie same jak te na komputerze?<\/h3>\n<p>W aplikacji Lootzino app dost\u0119pnych jest ponad 6.000 tytu\u0142\u00f3w. Jest to ta sama kolekcja gier, kt\u00f3ra obejmuje automaty, gry sto\u0142owe, opcje z krupierem na \u017cywo, gry typu crash i wiele innych.<\/p>\n<h3>Jak mog\u0119 uzyska\u0107 najnowsz\u0105 wersj\u0119 aplikacji Lootzino App?<\/h3>\n<p>Automatycznie aktualizujemy oprogramowanie mobilne, wi\u0119c nie musisz nic robi\u0107. Je\u015bli jednak wydamy du\u017ce aktualizacje, otrzymasz powiadomienie o konieczno\u015bci zainstalowania najnowszej wersji na naszej stronie internetowej.<\/p>\n<\/div><\/div><\/p>\n","protected":false},"excerpt":{"rendered":"<p>Kasyno Lootzino Aplikacja Lootzino App to idealny wyb\u00f3r, aby gra\u0107 w swoje ulubione gry w podr\u00f3\u017cy z Polski. Oprogramowanie mobilne zosta\u0142o opracowane dla wszystkich nowoczesnych urz\u0105dze\u0144 z systemem Android i iOS. Wszystkie nasze gry od popularnych dostawc\u00f3w oprogramowania s\u0105 zoptymalizowane pod k\u0105tem smartfon\u00f3w i tablet\u00f3w. Nie stracisz nic, a nawet zyskasz lepsze wra\u017cenia z gry. [&hellip;]<\/p>\n","protected":false},"author":1,"featured_media":0,"parent":0,"menu_order":0,"comment_status":"closed","ping_status":"closed","template":"template-builder.php","meta":{"_acf_changed":false,"inline_featured_image":false,"footnotes":""},"class_list":["post-1426","page","type-page","status-publish","hentry"],"acf":[],"yoast_head":"<!-- This site is optimized with the Yoast SEO plugin v27.3 - https:\/\/yoast.com\/product\/yoast-seo-wordpress\/ -->\n<title>Lootzino App na iOS i Androida<\/title>\n<meta name=\"description\" content=\"Graj w dowolnym miejscu i czasie dzi\u0119ki Loot Zino Casino app na iOS i Androida. Znajdziesz tu wszystkie gry, natychmiastowy dost\u0119p i bezpieczne p\u0142atno\u015bci. Pobierz ju\u017c teraz!\" \/>\n<meta name=\"robots\" content=\"index, follow, max-snippet:-1, max-image-preview:large, max-video-preview:-1\" \/>\n<link rel=\"canonical\" href=\"https:\/\/loot-zino.com\/pl\/aplikacja\/\" \/>\n<meta property=\"og:locale\" content=\"pl_PL\" \/>\n<meta property=\"og:type\" content=\"article\" \/>\n<meta property=\"og:title\" content=\"Lootzino App na iOS i Androida\" \/>\n<meta property=\"og:description\" content=\"Graj w dowolnym miejscu i czasie dzi\u0119ki Loot Zino Casino app na iOS i Androida. Znajdziesz tu wszystkie gry, natychmiastowy dost\u0119p i bezpieczne p\u0142atno\u015bci. Pobierz ju\u017c teraz!\" \/>\n<meta property=\"og:url\" content=\"https:\/\/loot-zino.com\/pl\/aplikacja\/\" \/>\n<meta property=\"og:site_name\" content=\"lootzino\" \/>\n<meta property=\"article:modified_time\" content=\"2025-11-17T13:18:28+00:00\" \/>\n<meta name=\"twitter:card\" content=\"summary_large_image\" \/>\n<meta name=\"twitter:label1\" content=\"Est. reading time\" \/>\n\t<meta name=\"twitter:data1\" content=\"1 minute\" \/>\n<script type=\"application\/ld+json\" class=\"yoast-schema-graph\">{\"@context\":\"https:\\\/\\\/schema.org\",\"@graph\":[{\"@type\":\"WebPage\",\"@id\":\"https:\\\/\\\/loot-zino.com\\\/pl\\\/aplikacja\\\/\",\"url\":\"https:\\\/\\\/loot-zino.com\\\/pl\\\/aplikacja\\\/\",\"name\":\"Lootzino App na iOS i Androida\",\"isPartOf\":{\"@id\":\"https:\\\/\\\/loot-zino.com\\\/pl\\\/#website\"},\"datePublished\":\"2025-11-17T09:22:59+00:00\",\"dateModified\":\"2025-11-17T13:18:28+00:00\",\"description\":\"Graj w dowolnym miejscu i czasie dzi\u0119ki Loot Zino Casino app na iOS i Androida. Znajdziesz tu wszystkie gry, natychmiastowy dost\u0119p i bezpieczne p\u0142atno\u015bci. Pobierz ju\u017c teraz!\",\"breadcrumb\":{\"@id\":\"https:\\\/\\\/loot-zino.com\\\/pl\\\/aplikacja\\\/#breadcrumb\"},\"inLanguage\":\"pl-PL\",\"potentialAction\":[{\"@type\":\"ReadAction\",\"target\":[\"https:\\\/\\\/loot-zino.com\\\/pl\\\/aplikacja\\\/\"]}]},{\"@type\":\"BreadcrumbList\",\"@id\":\"https:\\\/\\\/loot-zino.com\\\/pl\\\/aplikacja\\\/#breadcrumb\",\"itemListElement\":[{\"@type\":\"ListItem\",\"position\":1,\"name\":\"Lootzino\",\"item\":\"https:\\\/\\\/loot-zino.com\\\/pl\\\/\"},{\"@type\":\"ListItem\",\"position\":2,\"name\":\"Aplikacja\"}]},{\"@type\":\"WebSite\",\"@id\":\"https:\\\/\\\/loot-zino.com\\\/pl\\\/#website\",\"url\":\"https:\\\/\\\/loot-zino.com\\\/pl\\\/\",\"name\":\"Lootzino\",\"description\":\"\",\"publisher\":{\"@id\":\"https:\\\/\\\/loot-zino.com\\\/pl\\\/#organization\"},\"potentialAction\":[{\"@type\":\"SearchAction\",\"target\":{\"@type\":\"EntryPoint\",\"urlTemplate\":\"https:\\\/\\\/loot-zino.com\\\/pl\\\/?s={search_term_string}\"},\"query-input\":{\"@type\":\"PropertyValueSpecification\",\"valueRequired\":true,\"valueName\":\"search_term_string\"}}],\"inLanguage\":\"pl-PL\"},{\"@type\":\"Organization\",\"@id\":\"https:\\\/\\\/loot-zino.com\\\/pl\\\/#organization\",\"name\":\"Lootzino\",\"url\":\"https:\\\/\\\/loot-zino.com\\\/pl\\\/\",\"logo\":{\"@type\":\"ImageObject\",\"inLanguage\":\"pl-PL\",\"@id\":\"https:\\\/\\\/loot-zino.com\\\/pl\\\/#\\\/schema\\\/logo\\\/image\\\/\",\"url\":\"https:\\\/\\\/loot-zino.com\\\/wp-content\\\/uploads\\\/2025\\\/11\\\/lootzino-1.svg\",\"contentUrl\":\"https:\\\/\\\/loot-zino.com\\\/wp-content\\\/uploads\\\/2025\\\/11\\\/lootzino-1.svg\",\"width\":16,\"height\":20,\"caption\":\"Lootzino\"},\"image\":{\"@id\":\"https:\\\/\\\/loot-zino.com\\\/pl\\\/#\\\/schema\\\/logo\\\/image\\\/\"}}]}<\/script>\n<!-- \/ Yoast SEO plugin. -->","yoast_head_json":{"title":"Lootzino App na iOS i Androida","description":"Graj w dowolnym miejscu i czasie dzi\u0119ki Loot Zino Casino app na iOS i Androida. Znajdziesz tu wszystkie gry, natychmiastowy dost\u0119p i bezpieczne p\u0142atno\u015bci. Pobierz ju\u017c teraz!","robots":{"index":"index","follow":"follow","max-snippet":"max-snippet:-1","max-image-preview":"max-image-preview:large","max-video-preview":"max-video-preview:-1"},"canonical":"https:\/\/loot-zino.com\/pl\/aplikacja\/","og_locale":"pl_PL","og_type":"article","og_title":"Lootzino App na iOS i Androida","og_description":"Graj w dowolnym miejscu i czasie dzi\u0119ki Loot Zino Casino app na iOS i Androida. Znajdziesz tu wszystkie gry, natychmiastowy dost\u0119p i bezpieczne p\u0142atno\u015bci. Pobierz ju\u017c teraz!","og_url":"https:\/\/loot-zino.com\/pl\/aplikacja\/","og_site_name":"lootzino","article_modified_time":"2025-11-17T13:18:28+00:00","twitter_card":"summary_large_image","twitter_misc":{"Est. reading time":"1 minute"},"schema":{"@context":"https:\/\/schema.org","@graph":[{"@type":"WebPage","@id":"https:\/\/loot-zino.com\/pl\/aplikacja\/","url":"https:\/\/loot-zino.com\/pl\/aplikacja\/","name":"Lootzino App na iOS i Androida","isPartOf":{"@id":"https:\/\/loot-zino.com\/pl\/#website"},"datePublished":"2025-11-17T09:22:59+00:00","dateModified":"2025-11-17T13:18:28+00:00","description":"Graj w dowolnym miejscu i czasie dzi\u0119ki Loot Zino Casino app na iOS i Androida. Znajdziesz tu wszystkie gry, natychmiastowy dost\u0119p i bezpieczne p\u0142atno\u015bci. Pobierz ju\u017c teraz!","breadcrumb":{"@id":"https:\/\/loot-zino.com\/pl\/aplikacja\/#breadcrumb"},"inLanguage":"pl-PL","potentialAction":[{"@type":"ReadAction","target":["https:\/\/loot-zino.com\/pl\/aplikacja\/"]}]},{"@type":"BreadcrumbList","@id":"https:\/\/loot-zino.com\/pl\/aplikacja\/#breadcrumb","itemListElement":[{"@type":"ListItem","position":1,"name":"Lootzino","item":"https:\/\/loot-zino.com\/pl\/"},{"@type":"ListItem","position":2,"name":"Aplikacja"}]},{"@type":"WebSite","@id":"https:\/\/loot-zino.com\/pl\/#website","url":"https:\/\/loot-zino.com\/pl\/","name":"Lootzino","description":"","publisher":{"@id":"https:\/\/loot-zino.com\/pl\/#organization"},"potentialAction":[{"@type":"SearchAction","target":{"@type":"EntryPoint","urlTemplate":"https:\/\/loot-zino.com\/pl\/?s={search_term_string}"},"query-input":{"@type":"PropertyValueSpecification","valueRequired":true,"valueName":"search_term_string"}}],"inLanguage":"pl-PL"},{"@type":"Organization","@id":"https:\/\/loot-zino.com\/pl\/#organization","name":"Lootzino","url":"https:\/\/loot-zino.com\/pl\/","logo":{"@type":"ImageObject","inLanguage":"pl-PL","@id":"https:\/\/loot-zino.com\/pl\/#\/schema\/logo\/image\/","url":"https:\/\/loot-zino.com\/wp-content\/uploads\/2025\/11\/lootzino-1.svg","contentUrl":"https:\/\/loot-zino.com\/wp-content\/uploads\/2025\/11\/lootzino-1.svg","width":16,"height":20,"caption":"Lootzino"},"image":{"@id":"https:\/\/loot-zino.com\/pl\/#\/schema\/logo\/image\/"}}]}},"_links":{"self":[{"href":"https:\/\/loot-zino.com\/pl\/wp-json\/wp\/v2\/pages\/1426","targetHints":{"allow":["GET"]}}],"collection":[{"href":"https:\/\/loot-zino.com\/pl\/wp-json\/wp\/v2\/pages"}],"about":[{"href":"https:\/\/loot-zino.com\/pl\/wp-json\/wp\/v2\/types\/page"}],"author":[{"embeddable":true,"href":"https:\/\/loot-zino.com\/pl\/wp-json\/wp\/v2\/users\/1"}],"replies":[{"embeddable":true,"href":"https:\/\/loot-zino.com\/pl\/wp-json\/wp\/v2\/comments?post=1426"}],"version-history":[{"count":2,"href":"https:\/\/loot-zino.com\/pl\/wp-json\/wp\/v2\/pages\/1426\/revisions"}],"predecessor-version":[{"id":1765,"href":"https:\/\/loot-zino.com\/pl\/wp-json\/wp\/v2\/pages\/1426\/revisions\/1765"}],"wp:attachment":[{"href":"https:\/\/loot-zino.com\/pl\/wp-json\/wp\/v2\/media?parent=1426"}],"curies":[{"name":"wp","href":"https:\/\/api.w.org\/{rel}","templated":true}]}}