{"id":1471,"date":"2025-11-17T09:35:36","date_gmt":"2025-11-17T09:35:36","guid":{"rendered":"https:\/\/loot-zino.com\/login-and-registration\/"},"modified":"2025-11-17T12:57:29","modified_gmt":"2025-11-17T12:57:29","slug":"accesso-e-registrazione","status":"publish","type":"page","link":"https:\/\/loot-zino.com\/it\/accesso-e-registrazione\/","title":{"rendered":"Accesso e registrazione"},"content":{"rendered":"<h1>Lootzino registrazione e configurazione dell&#8217;accesso<\/h1>\n<p>Per accedere ai giochi, ai bonus, ai pagamenti e a molte altre sezioni importanti del nostro sito web, \u00e8 necessario seguire una semplice procedura di Lootzino login. Per farlo, \u00e8 sufficiente inserire il proprio indirizzo e-mail e la password. Il nostro sito web consente agli utenti italiani di registrarsi una volta compiuti i 18 anni. Inoltre, ogni persona pu\u00f2 avere un solo account su Lootzino Casino.<\/p>\n<p><div class=\"banner-wrap\" aria-label=\"Banner\"><img src=\"https:\/\/loot-zino.com\/wp-content\/uploads\/2025\/11\/Lootzino-banner-carousel-800\u0445400.webp\" class=\"w-100 d-none d-lg-block img-pc main-banner-img\" alt=\"Lootzino banner desktop\" fetchpriority=\"high\" decoding=\"async\"><img src=\"https:\/\/loot-zino.com\/wp-content\/uploads\/2025\/12\/Group-25.webp\" class=\"w-100 d-none d-md-block d-lg-none main-banner-img\" alt=\"Lootzino banner mobile\" fetchpriority=\"high\" decoding=\"async\"><img src=\"https:\/\/loot-zino.com\/wp-content\/uploads\/2025\/12\/Group-25.webp\" class=\"w-100 d-md-none\" alt=\"Lootzino banner mobile\" fetchpriority=\"high\" decoding=\"async\"><div class=\"banner-description\">\n<div class=\"banner-title\">Bonus di benvenuto<\/div>\n<p class=\"banner-header-title\">1500 \u20ac<\/p>\n<div class=\"banner-header-AdditionalText\">+ 250 Giri gratuiti<\/div>\n<button data-item=\"homepage_banner_link\" class=\"goto m-button m-gradient-border m-button--primary m-button--large banner-button btn-orange\">\n            <div class=\"m-button-content\">\n                <span>Iscriviti ora<\/span>\n                <span><\/span>\n            <\/div>\n        <\/button>\n<\/div>\n<div class=\"WelcomePack\">\n<p><img loading=\"lazy\" decoding=\"async\" class=\"alignnone size-full wp-image-1337\" src=\"https:\/\/loot-zino.com\/wp-content\/uploads\/2025\/11\/welcome-crown.svg\" alt=\"crown\" width=\"25\" height=\"26\" \/><\/p>\n<div class=\"WelcomePack-Info\">Cashback settimanale fino al 25%<\/div>\n<p><img loading=\"lazy\" decoding=\"async\" class=\"alignnone size-full wp-image-1337\" src=\"https:\/\/loot-zino.com\/wp-content\/uploads\/2025\/11\/welcome-crown.svg\" alt=\"crown\" width=\"25\" height=\"26\" \/><\/p>\n<\/div>\n<\/div><div class=\"scrollable-content-wrap my-5\"><div class=\"scrollable-content-inner\"><h2>Lootzino registrazione e creazione dell&#8217;account<\/h2>\n<p>Il viaggio sul nostro sito web o sulla nostra app inizia con il processo di accesso a Loot Zino. Se non hai ancora un account, devi prima registrarti. Questo processo richiede non pi\u00f9 di 3 minuti, anche per i nuovi clienti dei casin\u00f2 online. Di seguito troverai istruzioni dettagliate su come registrarti in modo semplice su Lootzino Casino.<\/p>\n<ol>\n<li>Clicca sul pulsante \u201cRegistrati\u201d nell&#8217;angolo in alto a destra.<\/li>\n<li>Nel modulo di registrazione, inserisci il tuo indirizzo e-mail e crea una password. La password deve essere composta da almeno 6 caratteri.<\/li>\n<li>Inserisci un codice promozionale se ne possiedi uno.<\/li>\n<li>Conferma di avere almeno 18 anni e di accettare i termini e le condizioni del nostro sito web.<\/li>\n<li>Clicca sul pulsante \u201cIscriviti\u201d.<\/li>\n<\/ol>\n<p>Dopo aver completato la procedura di registrazione principale, dovrai compilare un modulo con i tuoi dati personali, come nome, data di nascita e indirizzo di residenza. Inserisci i tuoi dati reali, poich\u00e9 sono importanti per la procedura di verifica.<\/p>\n<h3>Funzionalit\u00e0 e impostazioni dell&#8217;account<\/h3>\n<p>Con un account su Loot Zino Casino, puoi giocare a oltre 6.000 titoli diversi con soldi veri. Avrai accesso a tutti i metodi di pagamento disponibili con un deposito minimo di \u20ac 15-20. Inoltre, offriamo assistenza multilingue, disponibile tramite live chat sul sito web o via e-mail.<\/p>\n<p>Nelle impostazioni del tuo account puoi sempre controllare la cronologia dei tuoi depositi, delle partite giocate, delle scommesse e delle vincite. Inoltre, l\u00ec puoi vedere e gestire i tuoi bonus attivi e i tornei. Nell&#8217;account personale di Lootzino Casino sono disponibili anche strumenti per il gioco responsabile, come limiti di tempo o finanziari e un&#8217;opzione di autoesclusione.<\/p>\n<h2>Come accedere a Loot Zino<\/h2>\n<p>Se ti sei gi\u00e0 registrato con noi, puoi avviare immediatamente la procedura di accesso a Lootzino. A tal fine, ti occorrono le informazioni inserite durante la registrazione: il tuo indirizzo e-mail e la tua password. Dopo aver effettuato l&#8217;accesso, potrai iniziare a giocare a tutti i giochi disponibili, effettuare depositi e prelievi e approfittare dell&#8217;entusiasmante programma bonus.<\/p>\n<p>Le regole del nostro sito web non consentono di effettuare depositi e giocare con denaro reale senza registrazione. \u00c8 possibile provare molti titoli in modalit\u00e0 demo, utilizzando crediti virtuali. Tuttavia, in questo caso non \u00e8 possibile prelevare le vincite. Per questo motivo consigliamo vivamente di completare la procedura di login a Lootzino e di godere di tutte le funzionalit\u00e0 della piattaforma.<\/p>\n<p>Se non riesci ad accedere al tuo account o hai altri problemi relativi a Lootzino Casino, puoi contattare il nostro team di assistenza clienti disponibile 24 ore su 24, 7 giorni su 7. Per domande rapide e urgenti, utilizza la live chat sul sito web o nell&#8217;app. Per questioni pi\u00f9 dettagliate, inviaci un&#8217;e-mail.<\/p>\n<h3>Hai perso le tue informazioni di accesso?<\/h3>\n<p>Sulla nostra piattaforma, non \u00e8 un grosso problema se dimentichi i tuoi dati di accesso a Lootzino. Durante il login, puoi utilizzare il link \u201cPassword dimenticata\u201d. Questa funzione \u00e8 stata progettata per consentirti di reimpostare la password in qualsiasi momento. Devi inserire il tuo indirizzo e-mail in modo che possiamo inviarti un link per reimpostare la password.<\/p>\n<p>Successivamente, quando accedi al tuo account, dovrai inserire la nuova password. Inoltre, nelle impostazioni dell&#8217;account, potrai modificare le tue informazioni personali o di pagamento, se necessario.<\/p>\n<h2>Perch\u00e9 la verifica dell&#8217;account \u00e8 importante<\/h2>\n<p>Per garantire una piattaforma di gioco sicura per tutti gli utenti, ti chiediamo di completare il processo di verifica prima di effettuare il tuo primo prelievo. Questo processo non richiede molto tempo e non \u00e8 complesso. Ti chiederemo di caricare foto o copie dei seguenti documenti:<\/p>\n<table>\n<tbody>\n<tr>\n<td>Documenti<\/td>\n<td>Dettagli<\/td>\n<\/tr>\n<tr>\n<td>Prova di identit\u00e0 ed et\u00e0<\/td>\n<td>Carta d&#8217;identit\u00e0, passaporto o patente di guida<\/td>\n<\/tr>\n<tr>\n<td>Prova del tuo indirizzo di residenza<\/td>\n<td>Bolletta non pi\u00f9 vecchia di 3 mesi o estratto conto bancario<\/td>\n<\/tr>\n<tr>\n<td>Prova della titolarit\u00e0 del metodo di pagamento<\/td>\n<td>Estratto conto bancario o screenshot del tuo portafoglio elettronico o di criptovaluta<\/td>\n<\/tr>\n<\/tbody>\n<\/table>\n<p>Una volta caricati tutti i documenti richiesti, i nostri responsabili li verificheranno entro 48 ore e ti daranno una risposta. Dopo che il tuo account Lootzino sar\u00e0 stato verificato, potrai effettuare prelievi immediatamente.<\/p>\n<h2>Domande frequenti<\/h2>\n<h3>Come posso accedere al mio account Lootzino Casino?<\/h3>\n<p>Puoi effettuare il login a Lootzino sul sito web o nell&#8217;app. Per farlo, devi andare alla sezione \u201cAccedi\u201d e inserire il tuo indirizzo e-mail e la password.<\/p>\n<h3>Cosa devo fare se non ricordo la password?<\/h3>\n<p>Puoi sempre utilizzare la funzione \u201cPassword dimenticata\u201d per reimpostare la tua password e crearne una nuova. Questa funzione si trova nel modulo Accesso a Loot Zino. Riceverai un&#8217;e-mail da parte nostra con il link per reimpostare la password.<\/p>\n<h3>Posso modificare le informazioni del mio account dopo aver effettuato la registrazione?<\/h3>\n<p>Puoi modificare i tuoi dati personali o di pagamento nelle impostazioni dell&#8217;account in qualsiasi momento. Ti inviamo sempre un&#8217;e-mail di conferma quando vengono modificati dei dati, per aiutare a prevenire frodi sulla piattaforma.<\/p>\n<\/div><\/div><\/p>\n","protected":false},"excerpt":{"rendered":"<p>Lootzino registrazione e configurazione dell&#8217;accesso Per accedere ai giochi, ai bonus, ai pagamenti e a molte altre sezioni importanti del nostro sito web, \u00e8 necessario seguire una semplice procedura di Lootzino login. Per farlo, \u00e8 sufficiente inserire il proprio indirizzo e-mail e la password. Il nostro sito web consente agli utenti italiani di registrarsi una [&hellip;]<\/p>\n","protected":false},"author":1,"featured_media":0,"parent":0,"menu_order":0,"comment_status":"closed","ping_status":"closed","template":"template-builder.php","meta":{"_acf_changed":false,"inline_featured_image":false,"footnotes":""},"class_list":["post-1471","page","type-page","status-publish","hentry"],"acf":[],"yoast_head":"<!-- This site is optimized with the Yoast SEO plugin v27.3 - https:\/\/yoast.com\/product\/yoast-seo-wordpress\/ -->\n<title>Lootzino Login | Accesso e registrazione sicuri dell&#039;account<\/title>\n<meta name=\"description\" content=\"Accedi facilmente al tuo account con il tuo Loot Zino login. Gestisci depositi, bonus e impostazioni personali, tutto in un unico posto. I nuovi utenti possono registrarsi in pochi secondi.\" \/>\n<meta name=\"robots\" content=\"index, follow, max-snippet:-1, max-image-preview:large, max-video-preview:-1\" \/>\n<link rel=\"canonical\" href=\"https:\/\/loot-zino.com\/it\/accesso-e-registrazione\/\" \/>\n<meta property=\"og:locale\" content=\"it_IT\" \/>\n<meta property=\"og:type\" content=\"article\" \/>\n<meta property=\"og:title\" content=\"Lootzino Login | Accesso e registrazione sicuri dell&#039;account\" \/>\n<meta property=\"og:description\" content=\"Accedi facilmente al tuo account con il tuo Loot Zino login. Gestisci depositi, bonus e impostazioni personali, tutto in un unico posto. I nuovi utenti possono registrarsi in pochi secondi.\" \/>\n<meta property=\"og:url\" content=\"https:\/\/loot-zino.com\/it\/accesso-e-registrazione\/\" \/>\n<meta property=\"og:site_name\" content=\"lootzino\" \/>\n<meta property=\"article:modified_time\" content=\"2025-11-17T12:57:29+00:00\" \/>\n<meta name=\"twitter:card\" content=\"summary_large_image\" \/>\n<meta name=\"twitter:label1\" content=\"Est. reading time\" \/>\n\t<meta name=\"twitter:data1\" content=\"1 minute\" \/>\n<script type=\"application\/ld+json\" class=\"yoast-schema-graph\">{\"@context\":\"https:\\\/\\\/schema.org\",\"@graph\":[{\"@type\":\"WebPage\",\"@id\":\"https:\\\/\\\/loot-zino.com\\\/it\\\/accesso-e-registrazione\\\/\",\"url\":\"https:\\\/\\\/loot-zino.com\\\/it\\\/accesso-e-registrazione\\\/\",\"name\":\"Lootzino Login | Accesso e registrazione sicuri dell'account\",\"isPartOf\":{\"@id\":\"https:\\\/\\\/loot-zino.com\\\/it\\\/#website\"},\"datePublished\":\"2025-11-17T09:35:36+00:00\",\"dateModified\":\"2025-11-17T12:57:29+00:00\",\"description\":\"Accedi facilmente al tuo account con il tuo Loot Zino login. Gestisci depositi, bonus e impostazioni personali, tutto in un unico posto. I nuovi utenti possono registrarsi in pochi secondi.\",\"breadcrumb\":{\"@id\":\"https:\\\/\\\/loot-zino.com\\\/it\\\/accesso-e-registrazione\\\/#breadcrumb\"},\"inLanguage\":\"it-IT\",\"potentialAction\":[{\"@type\":\"ReadAction\",\"target\":[\"https:\\\/\\\/loot-zino.com\\\/it\\\/accesso-e-registrazione\\\/\"]}]},{\"@type\":\"BreadcrumbList\",\"@id\":\"https:\\\/\\\/loot-zino.com\\\/it\\\/accesso-e-registrazione\\\/#breadcrumb\",\"itemListElement\":[{\"@type\":\"ListItem\",\"position\":1,\"name\":\"Lootzino\",\"item\":\"https:\\\/\\\/loot-zino.com\\\/it\\\/\"},{\"@type\":\"ListItem\",\"position\":2,\"name\":\"Accesso e registrazione\"}]},{\"@type\":\"WebSite\",\"@id\":\"https:\\\/\\\/loot-zino.com\\\/it\\\/#website\",\"url\":\"https:\\\/\\\/loot-zino.com\\\/it\\\/\",\"name\":\"Lootzino\",\"description\":\"\",\"publisher\":{\"@id\":\"https:\\\/\\\/loot-zino.com\\\/it\\\/#organization\"},\"potentialAction\":[{\"@type\":\"SearchAction\",\"target\":{\"@type\":\"EntryPoint\",\"urlTemplate\":\"https:\\\/\\\/loot-zino.com\\\/it\\\/?s={search_term_string}\"},\"query-input\":{\"@type\":\"PropertyValueSpecification\",\"valueRequired\":true,\"valueName\":\"search_term_string\"}}],\"inLanguage\":\"it-IT\"},{\"@type\":\"Organization\",\"@id\":\"https:\\\/\\\/loot-zino.com\\\/it\\\/#organization\",\"name\":\"Lootzino\",\"url\":\"https:\\\/\\\/loot-zino.com\\\/it\\\/\",\"logo\":{\"@type\":\"ImageObject\",\"inLanguage\":\"it-IT\",\"@id\":\"https:\\\/\\\/loot-zino.com\\\/it\\\/#\\\/schema\\\/logo\\\/image\\\/\",\"url\":\"https:\\\/\\\/loot-zino.com\\\/wp-content\\\/uploads\\\/2025\\\/11\\\/lootzino-1.svg\",\"contentUrl\":\"https:\\\/\\\/loot-zino.com\\\/wp-content\\\/uploads\\\/2025\\\/11\\\/lootzino-1.svg\",\"width\":16,\"height\":20,\"caption\":\"Lootzino\"},\"image\":{\"@id\":\"https:\\\/\\\/loot-zino.com\\\/it\\\/#\\\/schema\\\/logo\\\/image\\\/\"}}]}<\/script>\n<!-- \/ Yoast SEO plugin. -->","yoast_head_json":{"title":"Lootzino Login | Accesso e registrazione sicuri dell'account","description":"Accedi facilmente al tuo account con il tuo Loot Zino login. Gestisci depositi, bonus e impostazioni personali, tutto in un unico posto. I nuovi utenti possono registrarsi in pochi secondi.","robots":{"index":"index","follow":"follow","max-snippet":"max-snippet:-1","max-image-preview":"max-image-preview:large","max-video-preview":"max-video-preview:-1"},"canonical":"https:\/\/loot-zino.com\/it\/accesso-e-registrazione\/","og_locale":"it_IT","og_type":"article","og_title":"Lootzino Login | Accesso e registrazione sicuri dell'account","og_description":"Accedi facilmente al tuo account con il tuo Loot Zino login. Gestisci depositi, bonus e impostazioni personali, tutto in un unico posto. I nuovi utenti possono registrarsi in pochi secondi.","og_url":"https:\/\/loot-zino.com\/it\/accesso-e-registrazione\/","og_site_name":"lootzino","article_modified_time":"2025-11-17T12:57:29+00:00","twitter_card":"summary_large_image","twitter_misc":{"Est. reading time":"1 minute"},"schema":{"@context":"https:\/\/schema.org","@graph":[{"@type":"WebPage","@id":"https:\/\/loot-zino.com\/it\/accesso-e-registrazione\/","url":"https:\/\/loot-zino.com\/it\/accesso-e-registrazione\/","name":"Lootzino Login | Accesso e registrazione sicuri dell'account","isPartOf":{"@id":"https:\/\/loot-zino.com\/it\/#website"},"datePublished":"2025-11-17T09:35:36+00:00","dateModified":"2025-11-17T12:57:29+00:00","description":"Accedi facilmente al tuo account con il tuo Loot Zino login. Gestisci depositi, bonus e impostazioni personali, tutto in un unico posto. I nuovi utenti possono registrarsi in pochi secondi.","breadcrumb":{"@id":"https:\/\/loot-zino.com\/it\/accesso-e-registrazione\/#breadcrumb"},"inLanguage":"it-IT","potentialAction":[{"@type":"ReadAction","target":["https:\/\/loot-zino.com\/it\/accesso-e-registrazione\/"]}]},{"@type":"BreadcrumbList","@id":"https:\/\/loot-zino.com\/it\/accesso-e-registrazione\/#breadcrumb","itemListElement":[{"@type":"ListItem","position":1,"name":"Lootzino","item":"https:\/\/loot-zino.com\/it\/"},{"@type":"ListItem","position":2,"name":"Accesso e registrazione"}]},{"@type":"WebSite","@id":"https:\/\/loot-zino.com\/it\/#website","url":"https:\/\/loot-zino.com\/it\/","name":"Lootzino","description":"","publisher":{"@id":"https:\/\/loot-zino.com\/it\/#organization"},"potentialAction":[{"@type":"SearchAction","target":{"@type":"EntryPoint","urlTemplate":"https:\/\/loot-zino.com\/it\/?s={search_term_string}"},"query-input":{"@type":"PropertyValueSpecification","valueRequired":true,"valueName":"search_term_string"}}],"inLanguage":"it-IT"},{"@type":"Organization","@id":"https:\/\/loot-zino.com\/it\/#organization","name":"Lootzino","url":"https:\/\/loot-zino.com\/it\/","logo":{"@type":"ImageObject","inLanguage":"it-IT","@id":"https:\/\/loot-zino.com\/it\/#\/schema\/logo\/image\/","url":"https:\/\/loot-zino.com\/wp-content\/uploads\/2025\/11\/lootzino-1.svg","contentUrl":"https:\/\/loot-zino.com\/wp-content\/uploads\/2025\/11\/lootzino-1.svg","width":16,"height":20,"caption":"Lootzino"},"image":{"@id":"https:\/\/loot-zino.com\/it\/#\/schema\/logo\/image\/"}}]}},"_links":{"self":[{"href":"https:\/\/loot-zino.com\/it\/wp-json\/wp\/v2\/pages\/1471","targetHints":{"allow":["GET"]}}],"collection":[{"href":"https:\/\/loot-zino.com\/it\/wp-json\/wp\/v2\/pages"}],"about":[{"href":"https:\/\/loot-zino.com\/it\/wp-json\/wp\/v2\/types\/page"}],"author":[{"embeddable":true,"href":"https:\/\/loot-zino.com\/it\/wp-json\/wp\/v2\/users\/1"}],"replies":[{"embeddable":true,"href":"https:\/\/loot-zino.com\/it\/wp-json\/wp\/v2\/comments?post=1471"}],"version-history":[{"count":1,"href":"https:\/\/loot-zino.com\/it\/wp-json\/wp\/v2\/pages\/1471\/revisions"}],"predecessor-version":[{"id":1711,"href":"https:\/\/loot-zino.com\/it\/wp-json\/wp\/v2\/pages\/1471\/revisions\/1711"}],"wp:attachment":[{"href":"https:\/\/loot-zino.com\/it\/wp-json\/wp\/v2\/media?parent=1471"}],"curies":[{"name":"wp","href":"https:\/\/api.w.org\/{rel}","templated":true}]}}