{"id":1436,"date":"2025-11-17T09:44:32","date_gmt":"2025-11-17T09:44:32","guid":{"rendered":"https:\/\/loot-zino.com\/bonus\/"},"modified":"2025-11-17T13:01:43","modified_gmt":"2025-11-17T13:01:43","slug":"bonus","status":"publish","type":"page","link":"https:\/\/loot-zino.com\/it\/bonus\/","title":{"rendered":"Bonus"},"content":{"rendered":"<h1>Lootzino bonus e promozioni<\/h1>\n<p>Uno dei fattori principali nella scelta di un casin\u00f2 online in Italia \u00e8 rappresentato dalle promozioni. Il sistema di Lootzino bonus \u00e8 progettato per soddisfare i giocatori nuovi e abituali con budget e preferenze diversi. Offriamo un pacchetto di benvenuto, cashback settimanale, ricarica domenicale, rakeback e molto altro ancora. Per i nostri utenti fedeli provenienti dall&#8217;Italia, abbiamo creato un club VIP con offerte esclusive.<\/p>\n<p><div class=\"banner-wrap\" aria-label=\"Banner\"><img src=\"https:\/\/loot-zino.com\/wp-content\/uploads\/2025\/11\/Lootzino-banner-carousel-800\u0445400.webp\" class=\"w-100 d-none d-lg-block img-pc main-banner-img\" alt=\"Lootzino banner desktop\" fetchpriority=\"high\" decoding=\"async\"><img src=\"https:\/\/loot-zino.com\/wp-content\/uploads\/2025\/12\/Group-25.webp\" class=\"w-100 d-none d-md-block d-lg-none main-banner-img\" alt=\"Lootzino banner mobile\" fetchpriority=\"high\" decoding=\"async\"><img src=\"https:\/\/loot-zino.com\/wp-content\/uploads\/2025\/12\/Group-25.webp\" class=\"w-100 d-md-none\" alt=\"Lootzino banner mobile\" fetchpriority=\"high\" decoding=\"async\"><div class=\"banner-description\">\n<div class=\"banner-title\">Bonus di benvenuto<\/div>\n<p class=\"banner-header-title\">1500 \u20ac<\/p>\n<div class=\"banner-header-AdditionalText\">+ 250 Giri gratuiti<\/div>\n<button data-item=\"homepage_banner_link\" class=\"goto m-button m-gradient-border m-button--primary m-button--large banner-button btn-orange\">\n            <div class=\"m-button-content\">\n                <span>Iscriviti ora<\/span>\n                <span><\/span>\n            <\/div>\n        <\/button>\n<\/div>\n<div class=\"WelcomePack\">\n<p><img loading=\"lazy\" decoding=\"async\" class=\"alignnone size-full wp-image-1337\" src=\"https:\/\/loot-zino.com\/wp-content\/uploads\/2025\/11\/welcome-crown.svg\" alt=\"crown\" width=\"25\" height=\"26\" \/><\/p>\n<div class=\"WelcomePack-Info\">Cashback settimanale fino al 25%<\/div>\n<p><img loading=\"lazy\" decoding=\"async\" class=\"alignnone size-full wp-image-1337\" src=\"https:\/\/loot-zino.com\/wp-content\/uploads\/2025\/11\/welcome-crown.svg\" alt=\"crown\" width=\"25\" height=\"26\" \/><\/p>\n<\/div>\n<\/div><div class=\"promotions-wrap\"><div class=\"promotion-card\" style=\"background-image: url(https:\/\/loot-zino.com\/wp-content\/uploads\/2025\/11\/First-deposit.webp);\"><h2 class=\"promotion-card__title\">Bonus sul primo deposito<\/h2><label class=\"promotion-card__offer\">100% fino a 500 \u20ac + 150 giri gratuiti<\/label><label class=\"promotion-card__description\"><\/label><div class=\"promotion-card__actions\"><button data-item=\"payments_link\" data-group=\"website_links\" class=\"goto btn btn-orange rounded-pill fw-bold px-4 m-button m-gradient-border m-button--primary m-button--large promotion-button promotion-card__action-btn\" aria-label=\"Iscriviti\"><div class=\"m-button-content\"><span class=\"promotion-button__content\">Iscriviti<\/span><\/div><\/button><button data-item=\"http:\/\/bonus_link\" data-group=\"website_links\" class=\"goto m-button m-gradient-border m-button--secondary m-button--medium promotion-card__info-btn\" aria-label=\"More information\"><div class=\"m-button-content\"><svg viewBox=\"0 0 24 24\" fill=\"none\" xmlns=\"http:\/\/www.w3.org\/2000\/svg\" class=\"m-icon m-icon-loadable\" name=\"Attention\" loading=\"false\" aria-hidden=\"true\"><path d=\"M12 22C6.477 22 2 17.522 2 12S6.477 2 12 2s10 4.478 10 10-4.477 10-10 10m-.002-13.004a.999.999 0 1 0 0-1.997.999.999 0 0 0 0 1.997M12 17a1 1 0 0 0 .993-.884L13 16l-.002-5.001-.007-.117a1 1 0 0 0-1.986 0l-.007.117L11 16l.007.117A1 1 0 0 0 12 17\" fill=\"currentColor\"><\/path><\/svg><\/div><\/button><\/div><\/div><div class=\"promotion-card\" style=\"background-image: url(https:\/\/loot-zino.com\/wp-content\/uploads\/2025\/11\/second-deposit.webp);\"><h2 class=\"promotion-card__title\">Bonus sul secondo deposito<\/h2><label class=\"promotion-card__offer\">55% fino a \u20ac500 + 100 giri gratuiti<\/label><label class=\"promotion-card__description\"><\/label><div class=\"promotion-card__actions\"><button data-item=\"payments_link\" data-group=\"website_links\" class=\"goto btn btn-orange rounded-pill fw-bold px-4 m-button m-gradient-border m-button--primary m-button--large promotion-button promotion-card__action-btn\" aria-label=\"Iscriviti\"><div class=\"m-button-content\"><span class=\"promotion-button__content\">Iscriviti<\/span><\/div><\/button><button data-item=\"http:\/\/bonus_link\" data-group=\"website_links\" class=\"goto m-button m-gradient-border m-button--secondary m-button--medium promotion-card__info-btn\" aria-label=\"More information\"><div class=\"m-button-content\"><svg viewBox=\"0 0 24 24\" fill=\"none\" xmlns=\"http:\/\/www.w3.org\/2000\/svg\" class=\"m-icon m-icon-loadable\" name=\"Attention\" loading=\"false\" aria-hidden=\"true\"><path d=\"M12 22C6.477 22 2 17.522 2 12S6.477 2 12 2s10 4.478 10 10-4.477 10-10 10m-.002-13.004a.999.999 0 1 0 0-1.997.999.999 0 0 0 0 1.997M12 17a1 1 0 0 0 .993-.884L13 16l-.002-5.001-.007-.117a1 1 0 0 0-1.986 0l-.007.117L11 16l.007.117A1 1 0 0 0 12 17\" fill=\"currentColor\"><\/path><\/svg><\/div><\/button><\/div><\/div><div class=\"promotion-card\" style=\"background-image: url(https:\/\/loot-zino.com\/wp-content\/uploads\/2025\/11\/third-deposit.webp);\"><h2 class=\"promotion-card__title\">Bonus sul terzo deposito<\/h2><label class=\"promotion-card__offer\">100% fino a 500 \u20ac<\/label><label class=\"promotion-card__description\"><\/label><div class=\"promotion-card__actions\"><button data-item=\"payments_link\" data-group=\"website_links\" class=\"goto btn btn-orange rounded-pill fw-bold px-4 m-button m-gradient-border m-button--primary m-button--large promotion-button promotion-card__action-btn\" aria-label=\"Iscriviti\"><div class=\"m-button-content\"><span class=\"promotion-button__content\">Iscriviti<\/span><\/div><\/button><button data-item=\"http:\/\/bonus_link\" data-group=\"website_links\" class=\"goto m-button m-gradient-border m-button--secondary m-button--medium promotion-card__info-btn\" aria-label=\"More information\"><div class=\"m-button-content\"><svg viewBox=\"0 0 24 24\" fill=\"none\" xmlns=\"http:\/\/www.w3.org\/2000\/svg\" class=\"m-icon m-icon-loadable\" name=\"Attention\" loading=\"false\" aria-hidden=\"true\"><path d=\"M12 22C6.477 22 2 17.522 2 12S6.477 2 12 2s10 4.478 10 10-4.477 10-10 10m-.002-13.004a.999.999 0 1 0 0-1.997.999.999 0 0 0 0 1.997M12 17a1 1 0 0 0 .993-.884L13 16l-.002-5.001-.007-.117a1 1 0 0 0-1.986 0l-.007.117L11 16l.007.117A1 1 0 0 0 12 17\" fill=\"currentColor\"><\/path><\/svg><\/div><\/button><\/div><\/div><div class=\"promotion-card\" style=\"background-image: url(https:\/\/loot-zino.com\/wp-content\/uploads\/2025\/11\/cashback.webp);\"><h2 class=\"promotion-card__title\">Cashback settimanale<\/h2><label class=\"promotion-card__offer\">fino al 25%<\/label><label class=\"promotion-card__description\"><\/label><div class=\"promotion-card__actions\"><button data-item=\"payments_link\" data-group=\"website_links\" class=\"goto btn btn-orange rounded-pill fw-bold px-4 m-button m-gradient-border m-button--primary m-button--large promotion-button promotion-card__action-btn\" aria-label=\"Iscriviti\"><div class=\"m-button-content\"><span class=\"promotion-button__content\">Iscriviti<\/span><\/div><\/button><button data-item=\"http:\/\/bonus_link\" data-group=\"website_links\" class=\"goto m-button m-gradient-border m-button--secondary m-button--medium promotion-card__info-btn\" aria-label=\"More information\"><div class=\"m-button-content\"><svg viewBox=\"0 0 24 24\" fill=\"none\" xmlns=\"http:\/\/www.w3.org\/2000\/svg\" class=\"m-icon m-icon-loadable\" name=\"Attention\" loading=\"false\" aria-hidden=\"true\"><path d=\"M12 22C6.477 22 2 17.522 2 12S6.477 2 12 2s10 4.478 10 10-4.477 10-10 10m-.002-13.004a.999.999 0 1 0 0-1.997.999.999 0 0 0 0 1.997M12 17a1 1 0 0 0 .993-.884L13 16l-.002-5.001-.007-.117a1 1 0 0 0-1.986 0l-.007.117L11 16l.007.117A1 1 0 0 0 12 17\" fill=\"currentColor\"><\/path><\/svg><\/div><\/button><\/div><\/div><div class=\"promotion-card\" style=\"background-image: url(https:\/\/loot-zino.com\/wp-content\/uploads\/2025\/11\/rakeback.webp);\"><h2 class=\"promotion-card__title\">Rakeback<\/h2><label class=\"promotion-card__offer\">fino al 17%<\/label><label class=\"promotion-card__description\"><\/label><div class=\"promotion-card__actions\"><button data-item=\"payments_link\" data-group=\"website_links\" class=\"goto btn btn-orange rounded-pill fw-bold px-4 m-button m-gradient-border m-button--primary m-button--large promotion-button promotion-card__action-btn\" aria-label=\"Iscriviti\"><div class=\"m-button-content\"><span class=\"promotion-button__content\">Iscriviti<\/span><\/div><\/button><button data-item=\"http:\/\/bonus_link\" data-group=\"website_links\" class=\"goto m-button m-gradient-border m-button--secondary m-button--medium promotion-card__info-btn\" aria-label=\"More information\"><div class=\"m-button-content\"><svg viewBox=\"0 0 24 24\" fill=\"none\" xmlns=\"http:\/\/www.w3.org\/2000\/svg\" class=\"m-icon m-icon-loadable\" name=\"Attention\" loading=\"false\" aria-hidden=\"true\"><path d=\"M12 22C6.477 22 2 17.522 2 12S6.477 2 12 2s10 4.478 10 10-4.477 10-10 10m-.002-13.004a.999.999 0 1 0 0-1.997.999.999 0 0 0 0 1.997M12 17a1 1 0 0 0 .993-.884L13 16l-.002-5.001-.007-.117a1 1 0 0 0-1.986 0l-.007.117L11 16l.007.117A1 1 0 0 0 12 17\" fill=\"currentColor\"><\/path><\/svg><\/div><\/button><\/div><\/div><div class=\"promotion-card\" style=\"background-image: url(https:\/\/loot-zino.com\/wp-content\/uploads\/2025\/11\/sunday-reload.webp);\"><h2 class=\"promotion-card__title\">Ricarica domenicale<\/h2><label class=\"promotion-card__offer\">25% fino a \u20ac\u200b\u200b100<\/label><label class=\"promotion-card__description\"><\/label><div class=\"promotion-card__actions\"><button data-item=\"payments_link\" data-group=\"website_links\" class=\"goto btn btn-orange rounded-pill fw-bold px-4 m-button m-gradient-border m-button--primary m-button--large promotion-button promotion-card__action-btn\" aria-label=\"Iscriviti\"><div class=\"m-button-content\"><span class=\"promotion-button__content\">Iscriviti<\/span><\/div><\/button><button data-item=\"http:\/\/bonus_link\" data-group=\"website_links\" class=\"goto m-button m-gradient-border m-button--secondary m-button--medium promotion-card__info-btn\" aria-label=\"More information\"><div class=\"m-button-content\"><svg viewBox=\"0 0 24 24\" fill=\"none\" xmlns=\"http:\/\/www.w3.org\/2000\/svg\" class=\"m-icon m-icon-loadable\" name=\"Attention\" loading=\"false\" aria-hidden=\"true\"><path d=\"M12 22C6.477 22 2 17.522 2 12S6.477 2 12 2s10 4.478 10 10-4.477 10-10 10m-.002-13.004a.999.999 0 1 0 0-1.997.999.999 0 0 0 0 1.997M12 17a1 1 0 0 0 .993-.884L13 16l-.002-5.001-.007-.117a1 1 0 0 0-1.986 0l-.007.117L11 16l.007.117A1 1 0 0 0 12 17\" fill=\"currentColor\"><\/path><\/svg><\/div><\/button><\/div><\/div><div class=\"promotion-card\" style=\"background-image: url(https:\/\/loot-zino.com\/wp-content\/uploads\/2025\/11\/highroller.webp);\"><h2 class=\"promotion-card__title\">Bonus Highroller<\/h2><label class=\"promotion-card__offer\">50% fino a 500 \u20ac<\/label><label class=\"promotion-card__description\"><\/label><div class=\"promotion-card__actions\"><button data-item=\"payments_link\" data-group=\"website_links\" class=\"goto btn btn-orange rounded-pill fw-bold px-4 m-button m-gradient-border m-button--primary m-button--large promotion-button promotion-card__action-btn\" aria-label=\"Iscriviti\"><div class=\"m-button-content\"><span class=\"promotion-button__content\">Iscriviti<\/span><\/div><\/button><button data-item=\"http:\/\/bonus_link\" data-group=\"website_links\" class=\"goto m-button m-gradient-border m-button--secondary m-button--medium promotion-card__info-btn\" aria-label=\"More information\"><div class=\"m-button-content\"><svg viewBox=\"0 0 24 24\" fill=\"none\" xmlns=\"http:\/\/www.w3.org\/2000\/svg\" class=\"m-icon m-icon-loadable\" name=\"Attention\" loading=\"false\" aria-hidden=\"true\"><path d=\"M12 22C6.477 22 2 17.522 2 12S6.477 2 12 2s10 4.478 10 10-4.477 10-10 10m-.002-13.004a.999.999 0 1 0 0-1.997.999.999 0 0 0 0 1.997M12 17a1 1 0 0 0 .993-.884L13 16l-.002-5.001-.007-.117a1 1 0 0 0-1.986 0l-.007.117L11 16l.007.117A1 1 0 0 0 12 17\" fill=\"currentColor\"><\/path><\/svg><\/div><\/button><\/div><\/div><\/div><div class=\"scrollable-content-wrap my-5\"><div class=\"scrollable-content-inner\"><h2>Promozioni e bonus attuali su Lootzino<\/h2>\n<p>Siamo convinti che un programma bonus vantaggioso aumenter\u00e0 il tuo entusiasmo durante il gioco. Offriamo regole chiare per ogni promozione. Il tuo viaggio su Lootzino Casino inizier\u00e0 con un pacchetto di benvenuto e proseguir\u00e0 con una serie di offerte per i giocatori abituali. Se ti piacciono le grandi vincite e lo spirito competitivo, prova gli interessanti tornei. Una volta che la tua attivit\u00e0 su Loot Zino Casino raggiunger\u00e0 un certo livello, ti iscriveremo automaticamente al programma VIP.<\/p>\n<table>\n<tbody>\n<tr>\n<td>Offerta bonus<\/td>\n<td>Ricompensa<\/td>\n<td>Dettagli<\/td>\n<\/tr>\n<tr>\n<td>Pacchetto di benvenuto<\/td>\n<td>fino a 1.500 \u20ac + 250 giri gratuiti<\/td>\n<td>Dopo la registrazione e il primo deposito, ogni utente riceve automaticamente il bonus di benvenuto.<\/td>\n<\/tr>\n<tr>\n<td>Cashback settimanale<\/td>\n<td>fino al 25%<\/td>\n<td>\u00c8 possibile ottenere una percentuale delle perdite ogni settimana. La percentuale dipende dall&#8217;importo del deposito.<\/td>\n<\/tr>\n<tr>\n<td>Rakeback<\/td>\n<td>fino al 17%<\/td>\n<td>\u00c8 consentito ricevere la percentuale del rake in titoli specifici.<\/td>\n<\/tr>\n<tr>\n<td>Ricarica domenicale<\/td>\n<td>25% fino a \u20ac\u200b\u200b100<\/td>\n<td>Ogni domenica, gli utenti possono recuperare parte delle loro perdite.<\/td>\n<\/tr>\n<tr>\n<td>Bonus Highroller<\/td>\n<td>50% fino a 500 \u20ac<\/td>\n<td>Per coloro che preferiscono depositi e scommesse elevati, c&#8217;\u00e8 un&#8217;opzione per guadagnare ancora di pi\u00f9.<\/td>\n<\/tr>\n<\/tbody>\n<\/table>\n<h2>Promozioni per i nuovi utenti<\/h2>\n<p>Il tuo viaggio con il programma bonus Lootzino inizier\u00e0 con il pacchetto di benvenuto per i nuovi clienti. Dopo la registrazione e il primo deposito, potrai ottenere fino a 1.500 \u20ac + 250 giri gratuiti. Il pacchetto di benvenuto \u00e8 suddiviso tra i tuoi primi tre depositi come segue:<\/p>\n<table>\n<tbody>\n<tr>\n<td>Bonus sul primo deposito<\/td>\n<td>100% fino a 500 \u20ac + 150 giri gratuiti<\/td>\n<\/tr>\n<tr>\n<td>Bonus sul secondo deposito<\/td>\n<td>55% fino a \u20ac500 + 100 giri gratuiti<\/td>\n<\/tr>\n<tr>\n<td>Bonus sul terzo deposito<\/td>\n<td>100% fino a 500 \u20ac<\/td>\n<\/tr>\n<\/tbody>\n<\/table>\n<p>Il bonus Lootzino per i nuovi utenti \u00e8 disponibile entro 7 giorni dall&#8217;attivazione. Il tuo deposito in ogni caso deve essere di almeno 20 \u20ac. Riceverai 50 giri gratuiti ogni giorno per i 5 giorni successivi all&#8217;attivazione della promozione. Le vincite dell&#8217;offerta di benvenuto devono essere scommesse almeno 35 volte.<\/p>\n<h2>Club VIP per giocatori appassionati<\/h2>\n<p>Su Lootzino Casino, abbiamo un programma VIP speciale per i giocatori pi\u00f9 attivi. Per ottenere lo status di membro VIP, devi utilizzare attivamente il nostro sito web, effettuare depositi, partecipare a tornei e approfittare di altre offerte. Monitoriamo regolarmente l&#8217;attivit\u00e0 degli utenti e ti invieremo automaticamente l&#8217;invito.<\/p>\n<p>In qualit\u00e0 di membro VIP, avrai accesso a opzioni esclusive bonus Lootzino, una percentuale di cashback pi\u00f9 alta, un responsabile dell&#8217;assistenza personale e inviti a eventi di gioco privati. \u00c8 un&#8217;occasione davvero interessante per guadagnare ricompense migliori semplicemente giocando regolarmente su Loot Zino, senza altre condizioni difficili.<\/p>\n<h2>Loot Zino Tornei<\/h2>\n<p>Il programma dei tornei del Lootzino Casino \u00e8 ampio e viene aggiornato regolarmente. \u00c8 l&#8217;opzione perfetta per chi ama la competizione. Il principio dei tornei \u00e8 semplice: giocare a giochi specifici, guadagnare punti e vincere grandi premi. A proposito, i montepremi ammontano solitamente a migliaia e milioni di euro.<\/p>\n<p>I tornei sono solitamente dedicati alle slot o ai giochi con croupier dal vivo. Tuttavia, ti consigliamo di leggere sempre i termini e le condizioni di ogni torneo specifico, in particolare l&#8217;elenco dei titoli o dei fornitori di software che devi giocare per ottenere la ricompensa. Ecco l&#8217;elenco dei tornei attuali e dei relativi montepremi:<\/p>\n<ul>\n<li>Spinoleague. Montepremi: 12.000.000 \u20ac<\/li>\n<li>Torneo Giornaliero Bronze. Montepremi: 2.500 \u20ac al giorno<\/li>\n<li>BGaming Drops Frenzy. Montepremi: 660.000 \u20ac+<\/li>\n<li>Torneo Live. Montepremi: 10.000 \u20ac<\/li>\n<\/ul>\n<h2>Termini e condizioni delle promozioni<\/h2>\n<p>Per garantire il fair play a tutti, tutte le nostre promozioni hanno regole specifiche. Alcune di esse devono essere completate per attivare il bonus Lootzino, altre per ricevere la ricompensa. \u00c8 necessario leggere sempre i termini e le condizioni di ciascuna promozione, poich\u00e9 possono variare a seconda dei casi.<\/p>\n<p>Anche se le regole sono diverse su Loot Zino Casino, ci sono alcune categorie specifiche che dovresti tenere a mente mentre scegli il bonus:<\/p>\n<ul>\n<li>Requisiti di scommessa \u2013 nel nostro casin\u00f2 sono pari a 35x-40x<\/li>\n<li>Deposito minimo: la maggior parte dei bonus richiede un minimo di 20 \u20ac.<\/li>\n<li>Limite massimo di puntata: 5 \u20ac sul nostro sito web<\/li>\n<li>Contributo dei giochi: le slot contano solitamente al 100%, mentre i giochi da tavolo e le opzioni di casin\u00f2 dal vivo contano meno.<\/li>\n<\/ul>\n<h2>Domande frequenti<\/h2>\n<h3>Che tipo di bonus offre Loot Zino?<\/h3>\n<p>Su Lootzino Casino, offriamo bonus di benvenuto, sistemi di cashback, promozioni highroller e altri fantastici premi. Inoltre, abbiamo una serie di tornei con ricchi montepremi. I giocatori pi\u00f9 attivi possono approfittare del programma VIP con opzioni esclusive bonus Lootzino.<\/p>\n<h3>Come funzionano i requisiti di scommessa e di rollover dei bonus?<\/h3>\n<p>I requisiti di scommessa o rollover del bonus significano che devi scommettere l&#8217;importo del bonus un certo numero di volte prima di poter prelevare le vincite. Ad esempio, se un bonus di 100 \u20ac ha un requisito di 35x, devi scommettere un totale di 3.500 \u20ac.<\/p>\n<h3>Esistono limiti di tempo per richiedere o utilizzare un bonus Lootzino?<\/h3>\n<p>Ogni bonus Lootzino ha le proprie regole e condizioni. Ogni offerta ha una validit\u00e0 di 7-14 giorni dalla data di attivazione. \u00c8 necessario utilizzarla entro tale periodo.<\/p>\n<\/div><\/div><\/p>\n","protected":false},"excerpt":{"rendered":"<p>Lootzino bonus e promozioni Uno dei fattori principali nella scelta di un casin\u00f2 online in Italia \u00e8 rappresentato dalle promozioni. Il sistema di Lootzino bonus \u00e8 progettato per soddisfare i giocatori nuovi e abituali con budget e preferenze diversi. Offriamo un pacchetto di benvenuto, cashback settimanale, ricarica domenicale, rakeback e molto altro ancora. Per i [&hellip;]<\/p>\n","protected":false},"author":1,"featured_media":0,"parent":0,"menu_order":0,"comment_status":"closed","ping_status":"closed","template":"template-builder.php","meta":{"_acf_changed":false,"inline_featured_image":false,"footnotes":""},"class_list":["post-1436","page","type-page","status-publish","hentry"],"acf":[],"yoast_head":"<!-- This site is optimized with the Yoast SEO plugin v27.3 - https:\/\/yoast.com\/product\/yoast-seo-wordpress\/ -->\n<title>Lootzino Bonuses | Offerte promozionali esclusive<\/title>\n<meta name=\"description\" content=\"I migliori Loot Zino bonuses, tutti in un unico posto. Dai pacchetti di benvenuto e bonus sul deposito ai giri gratuiti, cashback e tornei con ricchi premi.\" \/>\n<meta name=\"robots\" content=\"index, follow, max-snippet:-1, max-image-preview:large, max-video-preview:-1\" \/>\n<link rel=\"canonical\" href=\"https:\/\/loot-zino.com\/it\/bonus\/\" \/>\n<meta property=\"og:locale\" content=\"it_IT\" \/>\n<meta property=\"og:type\" content=\"article\" \/>\n<meta property=\"og:title\" content=\"Lootzino Bonuses | Offerte promozionali esclusive\" \/>\n<meta property=\"og:description\" content=\"I migliori Loot Zino bonuses, tutti in un unico posto. Dai pacchetti di benvenuto e bonus sul deposito ai giri gratuiti, cashback e tornei con ricchi premi.\" \/>\n<meta property=\"og:url\" content=\"https:\/\/loot-zino.com\/it\/bonus\/\" \/>\n<meta property=\"og:site_name\" content=\"lootzino\" \/>\n<meta property=\"article:modified_time\" content=\"2025-11-17T13:01:43+00:00\" \/>\n<meta name=\"twitter:card\" content=\"summary_large_image\" \/>\n<meta name=\"twitter:label1\" content=\"Est. reading time\" \/>\n\t<meta name=\"twitter:data1\" content=\"1 minute\" \/>\n<script type=\"application\/ld+json\" class=\"yoast-schema-graph\">{\"@context\":\"https:\\\/\\\/schema.org\",\"@graph\":[{\"@type\":\"WebPage\",\"@id\":\"https:\\\/\\\/loot-zino.com\\\/it\\\/bonus\\\/\",\"url\":\"https:\\\/\\\/loot-zino.com\\\/it\\\/bonus\\\/\",\"name\":\"Lootzino Bonuses | Offerte promozionali esclusive\",\"isPartOf\":{\"@id\":\"https:\\\/\\\/loot-zino.com\\\/it\\\/#website\"},\"datePublished\":\"2025-11-17T09:44:32+00:00\",\"dateModified\":\"2025-11-17T13:01:43+00:00\",\"description\":\"I migliori Loot Zino bonuses, tutti in un unico posto. Dai pacchetti di benvenuto e bonus sul deposito ai giri gratuiti, cashback e tornei con ricchi premi.\",\"breadcrumb\":{\"@id\":\"https:\\\/\\\/loot-zino.com\\\/it\\\/bonus\\\/#breadcrumb\"},\"inLanguage\":\"it-IT\",\"potentialAction\":[{\"@type\":\"ReadAction\",\"target\":[\"https:\\\/\\\/loot-zino.com\\\/it\\\/bonus\\\/\"]}]},{\"@type\":\"BreadcrumbList\",\"@id\":\"https:\\\/\\\/loot-zino.com\\\/it\\\/bonus\\\/#breadcrumb\",\"itemListElement\":[{\"@type\":\"ListItem\",\"position\":1,\"name\":\"Lootzino\",\"item\":\"https:\\\/\\\/loot-zino.com\\\/it\\\/\"},{\"@type\":\"ListItem\",\"position\":2,\"name\":\"Bonus\"}]},{\"@type\":\"WebSite\",\"@id\":\"https:\\\/\\\/loot-zino.com\\\/it\\\/#website\",\"url\":\"https:\\\/\\\/loot-zino.com\\\/it\\\/\",\"name\":\"Lootzino\",\"description\":\"\",\"publisher\":{\"@id\":\"https:\\\/\\\/loot-zino.com\\\/it\\\/#organization\"},\"potentialAction\":[{\"@type\":\"SearchAction\",\"target\":{\"@type\":\"EntryPoint\",\"urlTemplate\":\"https:\\\/\\\/loot-zino.com\\\/it\\\/?s={search_term_string}\"},\"query-input\":{\"@type\":\"PropertyValueSpecification\",\"valueRequired\":true,\"valueName\":\"search_term_string\"}}],\"inLanguage\":\"it-IT\"},{\"@type\":\"Organization\",\"@id\":\"https:\\\/\\\/loot-zino.com\\\/it\\\/#organization\",\"name\":\"Lootzino\",\"url\":\"https:\\\/\\\/loot-zino.com\\\/it\\\/\",\"logo\":{\"@type\":\"ImageObject\",\"inLanguage\":\"it-IT\",\"@id\":\"https:\\\/\\\/loot-zino.com\\\/it\\\/#\\\/schema\\\/logo\\\/image\\\/\",\"url\":\"https:\\\/\\\/loot-zino.com\\\/wp-content\\\/uploads\\\/2025\\\/11\\\/lootzino-1.svg\",\"contentUrl\":\"https:\\\/\\\/loot-zino.com\\\/wp-content\\\/uploads\\\/2025\\\/11\\\/lootzino-1.svg\",\"width\":16,\"height\":20,\"caption\":\"Lootzino\"},\"image\":{\"@id\":\"https:\\\/\\\/loot-zino.com\\\/it\\\/#\\\/schema\\\/logo\\\/image\\\/\"}}]}<\/script>\n<!-- \/ Yoast SEO plugin. -->","yoast_head_json":{"title":"Lootzino Bonuses | Offerte promozionali esclusive","description":"I migliori Loot Zino bonuses, tutti in un unico posto. Dai pacchetti di benvenuto e bonus sul deposito ai giri gratuiti, cashback e tornei con ricchi premi.","robots":{"index":"index","follow":"follow","max-snippet":"max-snippet:-1","max-image-preview":"max-image-preview:large","max-video-preview":"max-video-preview:-1"},"canonical":"https:\/\/loot-zino.com\/it\/bonus\/","og_locale":"it_IT","og_type":"article","og_title":"Lootzino Bonuses | Offerte promozionali esclusive","og_description":"I migliori Loot Zino bonuses, tutti in un unico posto. Dai pacchetti di benvenuto e bonus sul deposito ai giri gratuiti, cashback e tornei con ricchi premi.","og_url":"https:\/\/loot-zino.com\/it\/bonus\/","og_site_name":"lootzino","article_modified_time":"2025-11-17T13:01:43+00:00","twitter_card":"summary_large_image","twitter_misc":{"Est. reading time":"1 minute"},"schema":{"@context":"https:\/\/schema.org","@graph":[{"@type":"WebPage","@id":"https:\/\/loot-zino.com\/it\/bonus\/","url":"https:\/\/loot-zino.com\/it\/bonus\/","name":"Lootzino Bonuses | Offerte promozionali esclusive","isPartOf":{"@id":"https:\/\/loot-zino.com\/it\/#website"},"datePublished":"2025-11-17T09:44:32+00:00","dateModified":"2025-11-17T13:01:43+00:00","description":"I migliori Loot Zino bonuses, tutti in un unico posto. Dai pacchetti di benvenuto e bonus sul deposito ai giri gratuiti, cashback e tornei con ricchi premi.","breadcrumb":{"@id":"https:\/\/loot-zino.com\/it\/bonus\/#breadcrumb"},"inLanguage":"it-IT","potentialAction":[{"@type":"ReadAction","target":["https:\/\/loot-zino.com\/it\/bonus\/"]}]},{"@type":"BreadcrumbList","@id":"https:\/\/loot-zino.com\/it\/bonus\/#breadcrumb","itemListElement":[{"@type":"ListItem","position":1,"name":"Lootzino","item":"https:\/\/loot-zino.com\/it\/"},{"@type":"ListItem","position":2,"name":"Bonus"}]},{"@type":"WebSite","@id":"https:\/\/loot-zino.com\/it\/#website","url":"https:\/\/loot-zino.com\/it\/","name":"Lootzino","description":"","publisher":{"@id":"https:\/\/loot-zino.com\/it\/#organization"},"potentialAction":[{"@type":"SearchAction","target":{"@type":"EntryPoint","urlTemplate":"https:\/\/loot-zino.com\/it\/?s={search_term_string}"},"query-input":{"@type":"PropertyValueSpecification","valueRequired":true,"valueName":"search_term_string"}}],"inLanguage":"it-IT"},{"@type":"Organization","@id":"https:\/\/loot-zino.com\/it\/#organization","name":"Lootzino","url":"https:\/\/loot-zino.com\/it\/","logo":{"@type":"ImageObject","inLanguage":"it-IT","@id":"https:\/\/loot-zino.com\/it\/#\/schema\/logo\/image\/","url":"https:\/\/loot-zino.com\/wp-content\/uploads\/2025\/11\/lootzino-1.svg","contentUrl":"https:\/\/loot-zino.com\/wp-content\/uploads\/2025\/11\/lootzino-1.svg","width":16,"height":20,"caption":"Lootzino"},"image":{"@id":"https:\/\/loot-zino.com\/it\/#\/schema\/logo\/image\/"}}]}},"_links":{"self":[{"href":"https:\/\/loot-zino.com\/it\/wp-json\/wp\/v2\/pages\/1436","targetHints":{"allow":["GET"]}}],"collection":[{"href":"https:\/\/loot-zino.com\/it\/wp-json\/wp\/v2\/pages"}],"about":[{"href":"https:\/\/loot-zino.com\/it\/wp-json\/wp\/v2\/types\/page"}],"author":[{"embeddable":true,"href":"https:\/\/loot-zino.com\/it\/wp-json\/wp\/v2\/users\/1"}],"replies":[{"embeddable":true,"href":"https:\/\/loot-zino.com\/it\/wp-json\/wp\/v2\/comments?post=1436"}],"version-history":[{"count":2,"href":"https:\/\/loot-zino.com\/it\/wp-json\/wp\/v2\/pages\/1436\/revisions"}],"predecessor-version":[{"id":1719,"href":"https:\/\/loot-zino.com\/it\/wp-json\/wp\/v2\/pages\/1436\/revisions\/1719"}],"wp:attachment":[{"href":"https:\/\/loot-zino.com\/it\/wp-json\/wp\/v2\/media?parent=1436"}],"curies":[{"name":"wp","href":"https:\/\/api.w.org\/{rel}","templated":true}]}}