{"id":1424,"date":"2025-11-17T09:22:59","date_gmt":"2025-11-17T09:22:59","guid":{"rendered":"https:\/\/loot-zino.com\/app\/"},"modified":"2025-11-17T12:55:12","modified_gmt":"2025-11-17T12:55:12","slug":"applicazione","status":"publish","type":"page","link":"https:\/\/loot-zino.com\/it\/applicazione\/","title":{"rendered":"Applicazione"},"content":{"rendered":"<h1>Lootzino Casino Applicazione<\/h1>\n<p>Lootzino App \u00e8 la scelta perfetta per giocare ai tuoi giochi preferiti mentre sei in viaggio in Italia. Il software mobile \u00e8 sviluppato per tutti i moderni dispositivi Android e iOS. Tutti i nostri giochi dei pi\u00f9 famosi fornitori di software sono ottimizzati per il tuo smartphone o tablet. Non perderai nulla e avrai persino una migliore esperienza di gioco. Il software mobile \u00e8 disponibile sul nostro sito web e il processo di installazione richieder\u00e0 solo pochi minuti.<\/p>\n<div class=\"banner-wrap\" aria-label=\"Banner\"><img src=\"https:\/\/loot-zino.com\/wp-content\/uploads\/2025\/11\/Lootzino-banner-carousel-800\u0445400.webp\" class=\"w-100 d-none d-lg-block img-pc main-banner-img\" alt=\"Lootzino banner desktop\" fetchpriority=\"high\" decoding=\"async\"><img src=\"https:\/\/loot-zino.com\/wp-content\/uploads\/2025\/12\/Group-25.webp\" class=\"w-100 d-none d-md-block d-lg-none main-banner-img\" alt=\"Lootzino banner mobile\" fetchpriority=\"high\" decoding=\"async\"><img src=\"https:\/\/loot-zino.com\/wp-content\/uploads\/2025\/12\/Group-25.webp\" class=\"w-100 d-md-none\" alt=\"Lootzino banner mobile\" fetchpriority=\"high\" decoding=\"async\"><div class=\"banner-description\">\n<div class=\"banner-title\">Bonus di benvenuto<\/div>\n<p class=\"banner-header-title\">1500 \u20ac<\/p>\n<div class=\"banner-header-AdditionalText\">+ 250 Giri gratuiti<\/div>\n<button data-item=\"homepage_banner_link\" class=\"goto m-button m-gradient-border m-button--primary m-button--large banner-button btn-orange\">\n            <div class=\"m-button-content\">\n                <span>Iscriviti ora<\/span>\n                <span><\/span>\n            <\/div>\n        <\/button>\n<\/div>\n<div class=\"WelcomePack\">\n<p><img loading=\"lazy\" decoding=\"async\" class=\"alignnone size-full wp-image-1337\" src=\"https:\/\/loot-zino.com\/wp-content\/uploads\/2025\/11\/welcome-crown.svg\" alt=\"crown\" width=\"25\" height=\"26\" \/><\/p>\n<div class=\"WelcomePack-Info\">Cashback settimanale fino al 25%<\/div>\n<p><img loading=\"lazy\" decoding=\"async\" class=\"alignnone size-full wp-image-1337\" src=\"https:\/\/loot-zino.com\/wp-content\/uploads\/2025\/11\/welcome-crown.svg\" alt=\"crown\" width=\"25\" height=\"26\" \/><\/p>\n<\/div>\n<\/div>\n<h2>Perch\u00e9 dovresti scegliere l&#8217;app mobile Lootzino<\/h2>\n<p>Sempre pi\u00f9 persone preferiscono giocare ai loro giochi preferiti sui dispositivi mobili. Ecco perch\u00e9 abbiamo sviluppato una comoda app Lootzino per Android e iOS. L&#8217;80% dei nostri utenti preferisce il software mobile.<\/p>\n<p>Il software mobile rispecchia la versione desktop principale. Ha lo stesso design e la stessa navigazione, ma \u00e8 ottimizzato per schermi pi\u00f9 piccoli. Se hai gi\u00e0 provato la nostra versione desktop, non avrai difficolt\u00e0. Tuttavia, se dovessi riscontrare problemi con il software mobile, puoi sempre contattare il team di assistenza clienti tramite la chat live nell&#8217;app o tramite e-mail.<\/p>\n<p>Le persone scelgono il software mobile perch\u00e9 \u00e8 sempre aggiornato, anche quando non sono a casa o vicino al proprio PC. Tutti i bonus Loot Zino Casino e oltre 6.000 giochi sono rapidamente disponibili con pochi clic. Inoltre, nel software mobile, \u00e8 possibile ricevere notifiche push personalizzate sui propri risultati e sulle novit\u00e0.<\/p>\n<p><div style=\"clear: both\"><\/div><div class=\"d-flex justify-content-center\"><button data-item=\"decouvrez_link\" data-group=\"website_links\" class=\"goto fw-bold rounded-pill btn btn-orange\" aria-label=\"Scarica l&#039;app Lootzino Casino\" >Scarica l&#039;app Lootzino Casino<\/button><\/div><div class=\"scrollable-content-wrap my-5\"><div class=\"scrollable-content-inner\"><h2>Loot Zino Applicazione Android<\/h2>\n<p>Tutti gli utenti Android di Lootzino possono divertirsi con slot online, giochi da tavolo, opzioni con croupier dal vivo, giochi istantanei e molto altro direttamente sui propri dispositivi mobili. Abbiamo sviluppato un&#8217;app mobile dedicata che non occupa spazio di archiviazione sul telefono e offre oltre 6.000 titoli. I nostri fornitori di software di fiducia, come BGaming, Evolution e Playson, realizzano giochi che si adattano perfettamente ai moderni dispositivi mobili.<\/p>\n<p>I nostri utenti possono scegliere tra diverse opzioni per accedere a Lootzino Casino su smartphone o tablet: la versione browser, un&#8217;applicazione web progressiva (PWA) e un&#8217;icona di collegamento. \u00c8 possibile accedere alla piattaforma tramite qualsiasi browser mobile, ad esempio Google Chrome, Safari, ecc. La PWA pu\u00f2 essere scaricata dal nostro sito web tramite il link &#8220;Casino App&#8221; nel pi\u00e8 di pagina. Per installare l&#8217;icona di collegamento Lootzino Casino e accedere al sito web dalla schermata iniziale in un secondo, seguire le istruzioni riportate di seguito:<\/p>\n<ol>\n<li>Apri il browser preferito sul tuo smartphone.<\/li>\n<li>Visita il nostro sito web.<\/li>\n<li>Tocca l&#8217;icona &#8220;Altro&#8221; nella barra degli indirizzi.<\/li>\n<li>Clicca su &#8220;Aggiungi alla schermata iniziale&#8221; e poi tocca &#8220;Aggiungi&#8221;.<\/li>\n<li>Devi scorrere verso l&#8217;alto dalla parte inferiore della schermata iniziale per aprire il cassetto delle app.<\/li>\n<li>Clicca e tieni premuta l&#8217;icona dell&#8217;app che desideri aggiungere.<\/li>\n<li>Trascina l&#8217;icona nella posizione desiderata sulla schermata iniziale e solleva il dito.<\/li>\n<\/ol>\n<p><img loading=\"lazy\" decoding=\"async\" src=\"https:\/\/loot-zino.com\/wp-content\/uploads\/2025\/11\/Lootzino-Android-App.webp\" alt=\"Lootzino Android App\" width=\"1248\" height=\"536\" \/><\/p>\n<\/div><\/div><div style=\"clear: both\"><\/div><div class=\"d-flex justify-content-center\"><button data-item=\"decouvrez_link\" data-group=\"website_links\" class=\"goto fw-bold rounded-pill btn btn-orange\" aria-label=\"Scarica Lootzino\" >Scarica Lootzino<\/button><\/div><div class=\"scrollable-content-wrap my-5\"><div class=\"scrollable-content-inner\"><h2>App per dispositivi iOS<\/h2>\n<p>Lootzino Casino ha pensato a tutti gli utenti iPhone e ha sviluppato un software mobile speciale per loro. \u00c8 intuitivo e facile da usare, anche per chi ha appena aperto un conto su un casin\u00f2 online. Sono disponibili tutte le stesse funzioni, giochi e strumenti. Se non hai ancora un conto su Loot Zino, puoi crearne uno nell&#8217;app in pochi minuti.<\/p>\n<p>Il software mobile \u00e8 sicuro quanto la versione desktop principale. Tutte le tue transazioni, i pagamenti e i dati personali sono protetti con crittografia SSL. Lavoriamo solo con software e operatori di pagamento affidabili.<\/p>\n<p>Poich\u00e9 l&#8217;Apple Store ufficiale non consente le app di gioco d&#8217;azzardo, \u00e8 possibile installare il software mobile Lootzino Casino dal sito web ufficiale. Per farlo, basta seguire le nostre istruzioni:<\/p>\n<ol>\n<li>Vai al pi\u00e8 di pagina (parte inferiore della pagina) sul sito web Lootzino Casino.<\/li>\n<li>Clicca sul pulsante &#8220;App Casin\u00f2&#8221;. L&#8217;installazione inizier\u00e0 automaticamente.<\/li>\n<li>L&#8217;icona del casin\u00f2 apparir\u00e0 sulla tua schermata iniziale.<\/li>\n<\/ol>\n<p>Per iniziare a giocare con giochi emozionanti e bonus, basta accedere al proprio account o crearne uno nuovo. Prima di effettuare il primo prelievo nel casin\u00f2 mobile, \u00e8 necessario completare il processo di verifica.<\/p>\n<p><img loading=\"lazy\" decoding=\"async\" src=\"https:\/\/loot-zino.com\/wp-content\/uploads\/2025\/11\/Lootzino-iOS-App.webp\" alt=\"Lootzino iOS App\" width=\"1248\" height=\"536\" \/><\/p>\n<\/div><\/div><div style=\"clear: both\"><\/div><div class=\"d-flex justify-content-center\"><button data-item=\"decouvrez_link\" data-group=\"website_links\" class=\"goto fw-bold rounded-pill btn btn-orange\" aria-label=\"Scarica l&#039;app Lootzino Casino\" >Scarica l&#039;app Lootzino Casino<\/button><\/div><div class=\"scrollable-content-wrap my-5\"><div class=\"scrollable-content-inner\"><h2>Applicazione web per Mac o Windows<\/h2>\n<p>Alcuni utenti preferiscono giocare ai loro giochi preferiti sul PC quando sono tranquillamente a casa. Hanno uno schermo grande e sanno che non si perderanno nulla. Offriamo due opzioni per utilizzare Loot Zino sul desktop: un&#8217;applicazione web o una versione browser.<\/p>\n<p>Il software desktop \u00e8 pi\u00f9 veloce da accedere e offre un&#8217;esperienza pi\u00f9 personalizzata. Pu\u00f2 essere installato dal nostro sito web ufficiale in pochi minuti. Di seguito troverai una panoramica pi\u00f9 dettagliata delle differenze tra l&#8217;app Lootzino e la versione browser.<\/p>\n<table>\n<tbody>\n<tr>\n<td>Caratteristica<\/td>\n<td>Applicazione web<\/td>\n<td>Versione browser<\/td>\n<\/tr>\n<tr>\n<td>Installazione<\/td>\n<td>Deve essere installato una sola volta e pu\u00f2 essere avviato come un&#8217;app nativa.<\/td>\n<td>Non richiede installazione, accessibile tramite qualsiasi browser<\/td>\n<\/tr>\n<tr>\n<td>Modalit\u00e0 offline<\/td>\n<td>Alcune funzioni funzionano offline o con una connessione Internet debole.<\/td>\n<td>Il sito web richiede una connessione Internet costante.<\/td>\n<\/tr>\n<tr>\n<td>Prestazioni<\/td>\n<td>Tempi di caricamento pi\u00f9 rapidi, animazioni pi\u00f9 fluide, latenza ridotta<\/td>\n<td>Dipende dalle prestazioni del browser e dalle estensioni<\/td>\n<\/tr>\n<tr>\n<td>Interfaccia utente<\/td>\n<td>Ottimizzato per desktop con un&#8217;interfaccia simile a quella di un&#8217;app<\/td>\n<td>L&#8217;interfaccia utente pu\u00f2 variare leggermente in base al browser e alle estensioni.<\/td>\n<\/tr>\n<tr>\n<td>Notifiche<\/td>\n<td>Notifiche push disponibili per promozioni, bonus e avvisi di gioco<\/td>\n<td>Le notifiche limitate del browser potrebbero richiedere un&#8217;autorizzazione manuale<\/td>\n<\/tr>\n<tr>\n<td>Accessibilit\u00e0<\/td>\n<td>Avviabile dalla barra delle applicazioni, dal menu Start e supporta la modalit\u00e0 a schermo intero.<\/td>\n<td>Richiede l&#8217;apertura del browser e potrebbe non supportare la modalit\u00e0 a schermo intero in modo coerente.<\/td>\n<\/tr>\n<\/tbody>\n<\/table>\n<p><img loading=\"lazy\" decoding=\"async\" src=\"https:\/\/loot-zino.com\/wp-content\/uploads\/2025\/11\/Lootzino-Desktop.webp\" alt=\"Lootzino Desktop\" width=\"1248\" height=\"536\" \/><\/p>\n<\/div><\/div><div style=\"clear: both\"><\/div><div class=\"d-flex justify-content-center\"><button data-item=\"decouvrez_link\" data-group=\"website_links\" class=\"goto fw-bold rounded-pill btn btn-orange\" aria-label=\"Scarica Lootzino\" >Scarica Lootzino<\/button><\/div><div class=\"scrollable-content-wrap my-5\"><div class=\"scrollable-content-inner\"><h2>Domande frequenti<\/h2>\n<h3>L&#8217;app Loot Zino \u00e8 compatibile con iOS e Android?<\/h3>\n<p>L&#8217;app Lootzino \u00e8 stata sviluppata appositamente per dispositivi Android e iOS. Tutti i giochi e le altre funzionalit\u00e0 si adattano perfettamente agli smartphone e ai tablet moderni.<\/p>\n<h3>I giochi disponibili sull&#8217;app sono gli stessi di quelli disponibili sul desktop?<\/h3>\n<p>Nell&#8217;app Lootzino sono disponibili oltre 6.000 titoli. Si tratta della stessa collezione di giochi, che include slot, giochi da tavolo, opzioni con croupier dal vivo, giochi crash e molto altro ancora.<\/p>\n<h3>Come posso ottenere l&#8217;ultima versione dell&#8217;app Lootzino?<\/h3>\n<p>Aggiorniamo automaticamente il software mobile, quindi non devi fare altro. Tuttavia, se rilasciamo aggiornamenti importanti, riceverai una notifica per installare l&#8217;ultima versione sul nostro sito web.<\/p>\n<\/div><\/div><\/p>\n","protected":false},"excerpt":{"rendered":"<p>Lootzino Casino Applicazione Lootzino App \u00e8 la scelta perfetta per giocare ai tuoi giochi preferiti mentre sei in viaggio in Italia. Il software mobile \u00e8 sviluppato per tutti i moderni dispositivi Android e iOS. Tutti i nostri giochi dei pi\u00f9 famosi fornitori di software sono ottimizzati per il tuo smartphone o tablet. Non perderai nulla [&hellip;]<\/p>\n","protected":false},"author":1,"featured_media":0,"parent":0,"menu_order":0,"comment_status":"closed","ping_status":"closed","template":"template-builder.php","meta":{"_acf_changed":false,"inline_featured_image":false,"footnotes":""},"class_list":["post-1424","page","type-page","status-publish","hentry"],"acf":[],"yoast_head":"<!-- This site is optimized with the Yoast SEO plugin v27.3 - https:\/\/yoast.com\/product\/yoast-seo-wordpress\/ -->\n<title>Lootzino App per iOS e Android<\/title>\n<meta name=\"description\" content=\"Gioca quando e dove vuoi con Loot Zino Casino app per iOS e Android. Con tutti i giochi, accesso immediato e pagamenti sicuri. Scaricala subito!\" \/>\n<meta name=\"robots\" content=\"index, follow, max-snippet:-1, max-image-preview:large, max-video-preview:-1\" \/>\n<link rel=\"canonical\" href=\"https:\/\/loot-zino.com\/it\/applicazione\/\" \/>\n<meta property=\"og:locale\" content=\"it_IT\" \/>\n<meta property=\"og:type\" content=\"article\" \/>\n<meta property=\"og:title\" content=\"Lootzino App per iOS e Android\" \/>\n<meta property=\"og:description\" content=\"Gioca quando e dove vuoi con Loot Zino Casino app per iOS e Android. Con tutti i giochi, accesso immediato e pagamenti sicuri. Scaricala subito!\" \/>\n<meta property=\"og:url\" content=\"https:\/\/loot-zino.com\/it\/applicazione\/\" \/>\n<meta property=\"og:site_name\" content=\"lootzino\" \/>\n<meta property=\"article:modified_time\" content=\"2025-11-17T12:55:12+00:00\" \/>\n<meta name=\"twitter:card\" content=\"summary_large_image\" \/>\n<meta name=\"twitter:label1\" content=\"Est. reading time\" \/>\n\t<meta name=\"twitter:data1\" content=\"2 minutes\" \/>\n<script type=\"application\/ld+json\" class=\"yoast-schema-graph\">{\"@context\":\"https:\\\/\\\/schema.org\",\"@graph\":[{\"@type\":\"WebPage\",\"@id\":\"https:\\\/\\\/loot-zino.com\\\/it\\\/applicazione\\\/\",\"url\":\"https:\\\/\\\/loot-zino.com\\\/it\\\/applicazione\\\/\",\"name\":\"Lootzino App per iOS e Android\",\"isPartOf\":{\"@id\":\"https:\\\/\\\/loot-zino.com\\\/it\\\/#website\"},\"datePublished\":\"2025-11-17T09:22:59+00:00\",\"dateModified\":\"2025-11-17T12:55:12+00:00\",\"description\":\"Gioca quando e dove vuoi con Loot Zino Casino app per iOS e Android. Con tutti i giochi, accesso immediato e pagamenti sicuri. Scaricala subito!\",\"breadcrumb\":{\"@id\":\"https:\\\/\\\/loot-zino.com\\\/it\\\/applicazione\\\/#breadcrumb\"},\"inLanguage\":\"it-IT\",\"potentialAction\":[{\"@type\":\"ReadAction\",\"target\":[\"https:\\\/\\\/loot-zino.com\\\/it\\\/applicazione\\\/\"]}]},{\"@type\":\"BreadcrumbList\",\"@id\":\"https:\\\/\\\/loot-zino.com\\\/it\\\/applicazione\\\/#breadcrumb\",\"itemListElement\":[{\"@type\":\"ListItem\",\"position\":1,\"name\":\"Lootzino\",\"item\":\"https:\\\/\\\/loot-zino.com\\\/it\\\/\"},{\"@type\":\"ListItem\",\"position\":2,\"name\":\"Applicazione\"}]},{\"@type\":\"WebSite\",\"@id\":\"https:\\\/\\\/loot-zino.com\\\/it\\\/#website\",\"url\":\"https:\\\/\\\/loot-zino.com\\\/it\\\/\",\"name\":\"Lootzino\",\"description\":\"\",\"publisher\":{\"@id\":\"https:\\\/\\\/loot-zino.com\\\/it\\\/#organization\"},\"potentialAction\":[{\"@type\":\"SearchAction\",\"target\":{\"@type\":\"EntryPoint\",\"urlTemplate\":\"https:\\\/\\\/loot-zino.com\\\/it\\\/?s={search_term_string}\"},\"query-input\":{\"@type\":\"PropertyValueSpecification\",\"valueRequired\":true,\"valueName\":\"search_term_string\"}}],\"inLanguage\":\"it-IT\"},{\"@type\":\"Organization\",\"@id\":\"https:\\\/\\\/loot-zino.com\\\/it\\\/#organization\",\"name\":\"Lootzino\",\"url\":\"https:\\\/\\\/loot-zino.com\\\/it\\\/\",\"logo\":{\"@type\":\"ImageObject\",\"inLanguage\":\"it-IT\",\"@id\":\"https:\\\/\\\/loot-zino.com\\\/it\\\/#\\\/schema\\\/logo\\\/image\\\/\",\"url\":\"https:\\\/\\\/loot-zino.com\\\/wp-content\\\/uploads\\\/2025\\\/11\\\/lootzino-1.svg\",\"contentUrl\":\"https:\\\/\\\/loot-zino.com\\\/wp-content\\\/uploads\\\/2025\\\/11\\\/lootzino-1.svg\",\"width\":16,\"height\":20,\"caption\":\"Lootzino\"},\"image\":{\"@id\":\"https:\\\/\\\/loot-zino.com\\\/it\\\/#\\\/schema\\\/logo\\\/image\\\/\"}}]}<\/script>\n<!-- \/ Yoast SEO plugin. -->","yoast_head_json":{"title":"Lootzino App per iOS e Android","description":"Gioca quando e dove vuoi con Loot Zino Casino app per iOS e Android. Con tutti i giochi, accesso immediato e pagamenti sicuri. Scaricala subito!","robots":{"index":"index","follow":"follow","max-snippet":"max-snippet:-1","max-image-preview":"max-image-preview:large","max-video-preview":"max-video-preview:-1"},"canonical":"https:\/\/loot-zino.com\/it\/applicazione\/","og_locale":"it_IT","og_type":"article","og_title":"Lootzino App per iOS e Android","og_description":"Gioca quando e dove vuoi con Loot Zino Casino app per iOS e Android. Con tutti i giochi, accesso immediato e pagamenti sicuri. Scaricala subito!","og_url":"https:\/\/loot-zino.com\/it\/applicazione\/","og_site_name":"lootzino","article_modified_time":"2025-11-17T12:55:12+00:00","twitter_card":"summary_large_image","twitter_misc":{"Est. reading time":"2 minutes"},"schema":{"@context":"https:\/\/schema.org","@graph":[{"@type":"WebPage","@id":"https:\/\/loot-zino.com\/it\/applicazione\/","url":"https:\/\/loot-zino.com\/it\/applicazione\/","name":"Lootzino App per iOS e Android","isPartOf":{"@id":"https:\/\/loot-zino.com\/it\/#website"},"datePublished":"2025-11-17T09:22:59+00:00","dateModified":"2025-11-17T12:55:12+00:00","description":"Gioca quando e dove vuoi con Loot Zino Casino app per iOS e Android. Con tutti i giochi, accesso immediato e pagamenti sicuri. Scaricala subito!","breadcrumb":{"@id":"https:\/\/loot-zino.com\/it\/applicazione\/#breadcrumb"},"inLanguage":"it-IT","potentialAction":[{"@type":"ReadAction","target":["https:\/\/loot-zino.com\/it\/applicazione\/"]}]},{"@type":"BreadcrumbList","@id":"https:\/\/loot-zino.com\/it\/applicazione\/#breadcrumb","itemListElement":[{"@type":"ListItem","position":1,"name":"Lootzino","item":"https:\/\/loot-zino.com\/it\/"},{"@type":"ListItem","position":2,"name":"Applicazione"}]},{"@type":"WebSite","@id":"https:\/\/loot-zino.com\/it\/#website","url":"https:\/\/loot-zino.com\/it\/","name":"Lootzino","description":"","publisher":{"@id":"https:\/\/loot-zino.com\/it\/#organization"},"potentialAction":[{"@type":"SearchAction","target":{"@type":"EntryPoint","urlTemplate":"https:\/\/loot-zino.com\/it\/?s={search_term_string}"},"query-input":{"@type":"PropertyValueSpecification","valueRequired":true,"valueName":"search_term_string"}}],"inLanguage":"it-IT"},{"@type":"Organization","@id":"https:\/\/loot-zino.com\/it\/#organization","name":"Lootzino","url":"https:\/\/loot-zino.com\/it\/","logo":{"@type":"ImageObject","inLanguage":"it-IT","@id":"https:\/\/loot-zino.com\/it\/#\/schema\/logo\/image\/","url":"https:\/\/loot-zino.com\/wp-content\/uploads\/2025\/11\/lootzino-1.svg","contentUrl":"https:\/\/loot-zino.com\/wp-content\/uploads\/2025\/11\/lootzino-1.svg","width":16,"height":20,"caption":"Lootzino"},"image":{"@id":"https:\/\/loot-zino.com\/it\/#\/schema\/logo\/image\/"}}]}},"_links":{"self":[{"href":"https:\/\/loot-zino.com\/it\/wp-json\/wp\/v2\/pages\/1424","targetHints":{"allow":["GET"]}}],"collection":[{"href":"https:\/\/loot-zino.com\/it\/wp-json\/wp\/v2\/pages"}],"about":[{"href":"https:\/\/loot-zino.com\/it\/wp-json\/wp\/v2\/types\/page"}],"author":[{"embeddable":true,"href":"https:\/\/loot-zino.com\/it\/wp-json\/wp\/v2\/users\/1"}],"replies":[{"embeddable":true,"href":"https:\/\/loot-zino.com\/it\/wp-json\/wp\/v2\/comments?post=1424"}],"version-history":[{"count":2,"href":"https:\/\/loot-zino.com\/it\/wp-json\/wp\/v2\/pages\/1424\/revisions"}],"predecessor-version":[{"id":1710,"href":"https:\/\/loot-zino.com\/it\/wp-json\/wp\/v2\/pages\/1424\/revisions\/1710"}],"wp:attachment":[{"href":"https:\/\/loot-zino.com\/it\/wp-json\/wp\/v2\/media?parent=1424"}],"curies":[{"name":"wp","href":"https:\/\/api.w.org\/{rel}","templated":true}]}}