{"id":1468,"date":"2025-11-17T09:35:36","date_gmt":"2025-11-17T09:35:36","guid":{"rendered":"https:\/\/loot-zino.com\/login-and-registration\/"},"modified":"2025-12-25T07:55:13","modified_gmt":"2025-12-25T07:55:13","slug":"connexion-et-inscription","status":"publish","type":"page","link":"https:\/\/loot-zino.com\/fr\/connexion-et-inscription\/","title":{"rendered":"Connexion et inscription"},"content":{"rendered":"<h1>Lootzino inscription et configuration de la connexion<\/h1>\n<p>Pour acc\u00e9der aux jeux, aux bonus, aux paiements et \u00e0 de nombreuses autres sections importantes de notre site Web, vous devez suivre une proc\u00e9dure simple de Lootzino login. Pour cela, il vous suffit d&rsquo;entrer votre adresse e-mail et votre mot de passe. Notre site Web permet aux utilisateurs de s&rsquo;inscrire d\u00e8s qu&rsquo;ils atteignent l&rsquo;\u00e2ge de 18 ans. De plus, chaque personne ne peut avoir qu&rsquo;un seul compte sur Lootzino Casino.<\/p>\n<p><div class=\"banner-wrap\" aria-label=\"Banner\"><img src=\"https:\/\/loot-zino.com\/wp-content\/uploads\/2025\/11\/Lootzino-banner-carousel-800\u0445400.webp\" class=\"w-100 d-none d-lg-block img-pc main-banner-img\" alt=\"Lootzino banner desktop\" fetchpriority=\"high\" decoding=\"async\"><img src=\"https:\/\/loot-zino.com\/wp-content\/uploads\/2025\/12\/Group-25.webp\" class=\"w-100 d-none d-md-block d-lg-none main-banner-img\" alt=\"Lootzino banner mobile\" fetchpriority=\"high\" decoding=\"async\"><img src=\"https:\/\/loot-zino.com\/wp-content\/uploads\/2025\/12\/Group-25.webp\" class=\"w-100 d-md-none\" alt=\"Lootzino banner mobile\" fetchpriority=\"high\" decoding=\"async\"><div class=\"banner-description\">\n<div class=\"banner-title\">Bonus de bienvenue<\/div>\n<p class=\"banner-header-title\">1000 \u20ac<\/p>\n<div class=\"banner-header-AdditionalText\">+ 100 Tours gratuits<\/div>\n<button data-item=\"homepage_banner_link\" class=\"goto m-button m-gradient-border m-button--primary m-button--large banner-button btn-orange\">\n            <div class=\"m-button-content\">\n                <span>Inscrivez-vous d\u00e8s maintenant<\/span>\n                <span><\/span>\n            <\/div>\n        <\/button>\n<\/div>\n<div class=\"WelcomePack\">\n<p><img loading=\"lazy\" decoding=\"async\" class=\"alignnone size-full wp-image-1337\" src=\"https:\/\/loot-zino.com\/wp-content\/uploads\/2025\/11\/welcome-crown.svg\" alt=\"crown\" width=\"25\" height=\"26\" \/><\/p>\n<div class=\"WelcomePack-Info\">Cashback hebdomadaire jusqu&rsquo;\u00e0 25 %<\/div>\n<p><img loading=\"lazy\" decoding=\"async\" class=\"alignnone size-full wp-image-1337\" src=\"https:\/\/loot-zino.com\/wp-content\/uploads\/2025\/11\/welcome-crown.svg\" alt=\"crown\" width=\"25\" height=\"26\" \/><\/p>\n<\/div>\n<\/div><div class=\"scrollable-content-wrap my-5\"><div class=\"scrollable-content-inner\"><h2>Lootzino inscription et cr\u00e9ation de compte<\/h2>\n<p>Le parcours sur notre site Web ou notre application commence par le processus de connexion \u00e0 Loot Zino. Si vous n&rsquo;avez pas encore de compte, vous devez d&rsquo;abord vous inscrire. Ce processus ne prend pas plus de 3 minutes, m\u00eame pour les nouveaux clients de casino en ligne. Vous trouverez ci-dessous des instructions d\u00e9taill\u00e9es sur la mani\u00e8re de vous inscrire facilement \u00e0 Lootzino Casino :<\/p>\n<ol>\n<li>Cliquez sur le bouton \u00ab S&rsquo;inscrire \u00bb dans le coin sup\u00e9rieur droit.<\/li>\n<li>Dans le formulaire d&rsquo;inscription, entrez votre adresse e-mail et cr\u00e9ez un mot de passe. Le mot de passe doit comporter au moins 6 caract\u00e8res.<\/li>\n<li>Entrez un code promotionnel si vous en avez un.<\/li>\n<li>Confirmez que vous avez 18 ans ou plus et acceptez les conditions g\u00e9n\u00e9rales de notre site Web.<\/li>\n<li>Cliquez sur le bouton \u00ab S&rsquo;inscrire \u00bb.<\/li>\n<\/ol>\n<p>Une fois le processus d&rsquo;inscription principal termin\u00e9, vous devez remplir un formulaire avec vos informations personnelles, telles que votre nom, votre date de naissance et votre adresse postale. Veuillez saisir vos informations r\u00e9elles, car elles sont importantes pour le processus de v\u00e9rification.<\/p>\n<h3>Fonctionnalit\u00e9s et param\u00e8tres du compte<\/h3>\n<p>Avec un compte sur Loot Zino Casino, vous pouvez jouer \u00e0 plus de 6 000 titres diff\u00e9rents avec de l&rsquo;argent r\u00e9el. Vous aurez acc\u00e8s \u00e0 tous les modes de paiement disponibles avec un d\u00e9p\u00f4t minimum de 15 \u00e0 20 \u20ac. En outre, nous proposons une assistance multilingue, disponible via le chat en direct sur le site web ou par e-mail.<\/p>\n<p>Dans les param\u00e8tres de votre compte, vous pouvez \u00e0 tout moment consulter l&rsquo;historique de vos d\u00e9p\u00f4ts, de vos parties, de vos paris et de vos gains. Vous pouvez \u00e9galement y consulter et g\u00e9rer vos bonus et tournois actifs. Le compte personnel Lootzino Casino propose \u00e9galement des outils pour jouer de mani\u00e8re responsable, tels que des limites de temps ou financi\u00e8res et une option d&rsquo;auto-exclusion.<\/p>\n<h2>Comment se connecter \u00e0 Loot Zino<\/h2>\n<p>Si vous vous \u00eates d\u00e9j\u00e0 inscrit chez nous, vous pouvez imm\u00e9diatement commencer le processus de connexion \u00e0 Lootzino. Pour cela, vous avez besoin des informations que vous avez saisies lors de votre inscription : votre adresse e-mail et votre mot de passe. Une fois connect\u00e9, vous pouvez commencer \u00e0 jouer \u00e0 tous les jeux disponibles, effectuer des d\u00e9p\u00f4ts et des retraits et profiter du programme de bonus passionnant.<\/p>\n<p>Les r\u00e8gles de notre site web ne vous permettent pas d&rsquo;effectuer des d\u00e9p\u00f4ts et de jouer \u00e0 des jeux en argent r\u00e9el sans inscription. Vous pouvez essayer de nombreux titres en mode d\u00e9mo, o\u00f9 vous utiliserez des cr\u00e9dits virtuels. Mais dans ce cas, vous ne pouvez pas non plus retirer vos gains. C&rsquo;est pourquoi nous vous recommandons vivement de suivre la proc\u00e9dure d&rsquo;inscription \u00e0 Lootzino et de profiter de toutes les fonctionnalit\u00e9s de la plateforme.<\/p>\n<p>Si vous ne parvenez pas \u00e0 acc\u00e9der \u00e0 votre compte ou si vous rencontrez d&rsquo;autres probl\u00e8mes concernant Lootzino Casino, vous pouvez contacter notre \u00e9quipe d&rsquo;assistance disponible 24h\/24 et 7j\/7. Pour les questions rapides et urgentes, utilisez le chat en direct sur le site web ou dans l&rsquo;application. Pour les questions plus d\u00e9taill\u00e9es, envoyez-nous un e-mail.<\/p>\n<h3>Vous avez perdu vos informations de connexion ?<\/h3>\n<p>Sur notre plateforme, ce n&rsquo;est pas grave si vous oubliez vos identifiants Lootzino login. Lors de la connexion, vous pouvez utiliser le lien \u00ab Mot de passe oubli\u00e9 \u00bb. Cette fonction vous permet de r\u00e9initialiser votre mot de passe \u00e0 tout moment. Vous devez saisir votre adresse e-mail afin que nous puissions vous envoyer un lien de r\u00e9initialisation.<\/p>\n<p>Ensuite, lorsque vous acc\u00e9dez \u00e0 votre compte, vous devez saisir votre nouveau mot de passe. De plus, dans les param\u00e8tres du compte, vous pouvez modifier vos informations personnelles ou bancaires si n\u00e9cessaire.<\/p>\n<h2>Pourquoi la v\u00e9rification du compte est-elle importante ?<\/h2>\n<p>Afin de garantir une plateforme de jeu s\u00e9curis\u00e9e pour tous les utilisateurs, nous vous demandons de suivre la proc\u00e9dure de v\u00e9rification avant d&rsquo;effectuer votre premier retrait. Cette proc\u00e9dure ne prendra pas beaucoup de temps et n&rsquo;est pas complexe. Nous vous demanderons de t\u00e9l\u00e9charger des photos ou des copies des documents suivants :<\/p>\n<table>\n<tbody>\n<tr>\n<td>Documents<\/td>\n<td>D\u00e9tails<\/td>\n<\/tr>\n<tr>\n<td>Preuve d&rsquo;identit\u00e9 et d&rsquo;\u00e2ge<\/td>\n<td>Carte d&rsquo;identit\u00e9, passeport ou permis de conduire<\/td>\n<\/tr>\n<tr>\n<td>Justificatif de domicile<\/td>\n<td>Facture de services publics datant de moins de 3 mois ou relev\u00e9 bancaire<\/td>\n<\/tr>\n<tr>\n<td>Preuve de propri\u00e9t\u00e9 du moyen de paiement<\/td>\n<td>Relev\u00e9 bancaire ou capture d&rsquo;\u00e9cran de votre portefeuille \u00e9lectronique ou de cryptomonnaie<\/td>\n<\/tr>\n<\/tbody>\n<\/table>\n<p>Une fois que vous aurez t\u00e9l\u00e9charg\u00e9 tous les documents requis, nos responsables les v\u00e9rifieront dans les 48 heures et vous r\u00e9pondront en cons\u00e9quence. Une fois votre compte Lootzino v\u00e9rifi\u00e9, vous pourrez effectuer des retraits imm\u00e9diatement.<\/p>\n<h2>FAQ<\/h2>\n<h3>Comment puis-je acc\u00e9der \u00e0 mon compte Lootzino Casino ?<\/h3>\n<p>Vous pouvez suivre la proc\u00e9dure de connexion \u00e0 Lootzino sur le site Web ou dans l&rsquo;application. Pour ce faire, vous devez vous rendre dans la section \u00ab Connexion \u00bb et saisir votre adresse e-mail et votre mot de passe.<\/p>\n<h3>Que faire si je ne me souviens plus du mot de passe ?<\/h3>\n<p>Vous pouvez toujours utiliser la fonction \u00ab Mot de passe oubli\u00e9 \u00bb pour r\u00e9initialiser votre mot de passe et en cr\u00e9er un nouveau. Cette fonction se trouve dans le formulaire Connexion \u00e0 Loot Zino. Vous recevrez un e-mail de notre part contenant le lien de r\u00e9initialisation du mot de passe.<\/p>\n<h3>Puis-je modifier les informations de mon compte apr\u00e8s m&rsquo;\u00eatre inscrit ?<\/h3>\n<p>Vous pouvez modifier vos informations personnelles ou bancaires \u00e0 tout moment dans les param\u00e8tres de votre compte. Nous vous envoyons toujours un e-mail de confirmation lorsque des donn\u00e9es sont modifi\u00e9es afin de pr\u00e9venir toute fraude sur la plateforme.<\/p>\n<\/div><\/div><\/p>\n","protected":false},"excerpt":{"rendered":"<p>Lootzino inscription et configuration de la connexion Pour acc\u00e9der aux jeux, aux bonus, aux paiements et \u00e0 de nombreuses autres sections importantes de notre site Web, vous devez suivre une proc\u00e9dure simple de Lootzino login. Pour cela, il vous suffit d&rsquo;entrer votre adresse e-mail et votre mot de passe. Notre site Web permet aux utilisateurs [&hellip;]<\/p>\n","protected":false},"author":1,"featured_media":0,"parent":0,"menu_order":0,"comment_status":"closed","ping_status":"closed","template":"template-builder.php","meta":{"_acf_changed":false,"inline_featured_image":false,"footnotes":""},"class_list":["post-1468","page","type-page","status-publish","hentry"],"acf":[],"yoast_head":"<!-- This site is optimized with the Yoast SEO plugin v27.3 - https:\/\/yoast.com\/product\/yoast-seo-wordpress\/ -->\n<title>Lootzino Login | Acc\u00e8s s\u00e9curis\u00e9 au compte et inscription<\/title>\n<meta name=\"description\" content=\"Acc\u00e9dez facilement \u00e0 votre compte gr\u00e2ce \u00e0 vos Loot Zino login. G\u00e9rez vos d\u00e9p\u00f4ts, bonus et param\u00e8tres personnels au m\u00eame endroit. L&#039;inscription est instantan\u00e9e pour les nouveaux utilisateurs.\" \/>\n<meta name=\"robots\" content=\"index, follow, max-snippet:-1, max-image-preview:large, max-video-preview:-1\" \/>\n<link rel=\"canonical\" href=\"https:\/\/loot-zino.com\/fr\/connexion-et-inscription\/\" \/>\n<meta property=\"og:locale\" content=\"fr_FR\" \/>\n<meta property=\"og:type\" content=\"article\" \/>\n<meta property=\"og:title\" content=\"Lootzino Login | Acc\u00e8s s\u00e9curis\u00e9 au compte et inscription\" \/>\n<meta property=\"og:description\" content=\"Acc\u00e9dez facilement \u00e0 votre compte gr\u00e2ce \u00e0 vos Loot Zino login. G\u00e9rez vos d\u00e9p\u00f4ts, bonus et param\u00e8tres personnels au m\u00eame endroit. L&#039;inscription est instantan\u00e9e pour les nouveaux utilisateurs.\" \/>\n<meta property=\"og:url\" content=\"https:\/\/loot-zino.com\/fr\/connexion-et-inscription\/\" \/>\n<meta property=\"og:site_name\" content=\"lootzino\" \/>\n<meta property=\"article:modified_time\" content=\"2025-12-25T07:55:13+00:00\" \/>\n<meta name=\"twitter:card\" content=\"summary_large_image\" \/>\n<meta name=\"twitter:label1\" content=\"Dur\u00e9e de lecture estim\u00e9e\" \/>\n\t<meta name=\"twitter:data1\" content=\"1 minute\" \/>\n<script type=\"application\/ld+json\" class=\"yoast-schema-graph\">{\"@context\":\"https:\\\/\\\/schema.org\",\"@graph\":[{\"@type\":\"WebPage\",\"@id\":\"https:\\\/\\\/loot-zino.com\\\/fr\\\/connexion-et-inscription\\\/\",\"url\":\"https:\\\/\\\/loot-zino.com\\\/fr\\\/connexion-et-inscription\\\/\",\"name\":\"Lootzino Login | Acc\u00e8s s\u00e9curis\u00e9 au compte et inscription\",\"isPartOf\":{\"@id\":\"https:\\\/\\\/loot-zino.com\\\/fr\\\/#website\"},\"datePublished\":\"2025-11-17T09:35:36+00:00\",\"dateModified\":\"2025-12-25T07:55:13+00:00\",\"description\":\"Acc\u00e9dez facilement \u00e0 votre compte gr\u00e2ce \u00e0 vos Loot Zino login. G\u00e9rez vos d\u00e9p\u00f4ts, bonus et param\u00e8tres personnels au m\u00eame endroit. L'inscription est instantan\u00e9e pour les nouveaux utilisateurs.\",\"breadcrumb\":{\"@id\":\"https:\\\/\\\/loot-zino.com\\\/fr\\\/connexion-et-inscription\\\/#breadcrumb\"},\"inLanguage\":\"fr-FR\",\"potentialAction\":[{\"@type\":\"ReadAction\",\"target\":[\"https:\\\/\\\/loot-zino.com\\\/fr\\\/connexion-et-inscription\\\/\"]}]},{\"@type\":\"BreadcrumbList\",\"@id\":\"https:\\\/\\\/loot-zino.com\\\/fr\\\/connexion-et-inscription\\\/#breadcrumb\",\"itemListElement\":[{\"@type\":\"ListItem\",\"position\":1,\"name\":\"Lootzino\",\"item\":\"https:\\\/\\\/loot-zino.com\\\/fr\\\/\"},{\"@type\":\"ListItem\",\"position\":2,\"name\":\"Connexion et inscription\"}]},{\"@type\":\"WebSite\",\"@id\":\"https:\\\/\\\/loot-zino.com\\\/fr\\\/#website\",\"url\":\"https:\\\/\\\/loot-zino.com\\\/fr\\\/\",\"name\":\"Lootzino\",\"description\":\"\",\"publisher\":{\"@id\":\"https:\\\/\\\/loot-zino.com\\\/fr\\\/#organization\"},\"potentialAction\":[{\"@type\":\"SearchAction\",\"target\":{\"@type\":\"EntryPoint\",\"urlTemplate\":\"https:\\\/\\\/loot-zino.com\\\/fr\\\/?s={search_term_string}\"},\"query-input\":{\"@type\":\"PropertyValueSpecification\",\"valueRequired\":true,\"valueName\":\"search_term_string\"}}],\"inLanguage\":\"fr-FR\"},{\"@type\":\"Organization\",\"@id\":\"https:\\\/\\\/loot-zino.com\\\/fr\\\/#organization\",\"name\":\"Lootzino\",\"url\":\"https:\\\/\\\/loot-zino.com\\\/fr\\\/\",\"logo\":{\"@type\":\"ImageObject\",\"inLanguage\":\"fr-FR\",\"@id\":\"https:\\\/\\\/loot-zino.com\\\/fr\\\/#\\\/schema\\\/logo\\\/image\\\/\",\"url\":\"https:\\\/\\\/loot-zino.com\\\/wp-content\\\/uploads\\\/2025\\\/11\\\/lootzino-1.svg\",\"contentUrl\":\"https:\\\/\\\/loot-zino.com\\\/wp-content\\\/uploads\\\/2025\\\/11\\\/lootzino-1.svg\",\"width\":16,\"height\":20,\"caption\":\"Lootzino\"},\"image\":{\"@id\":\"https:\\\/\\\/loot-zino.com\\\/fr\\\/#\\\/schema\\\/logo\\\/image\\\/\"}}]}<\/script>\n<!-- \/ Yoast SEO plugin. -->","yoast_head_json":{"title":"Lootzino Login | Acc\u00e8s s\u00e9curis\u00e9 au compte et inscription","description":"Acc\u00e9dez facilement \u00e0 votre compte gr\u00e2ce \u00e0 vos Loot Zino login. G\u00e9rez vos d\u00e9p\u00f4ts, bonus et param\u00e8tres personnels au m\u00eame endroit. L'inscription est instantan\u00e9e pour les nouveaux utilisateurs.","robots":{"index":"index","follow":"follow","max-snippet":"max-snippet:-1","max-image-preview":"max-image-preview:large","max-video-preview":"max-video-preview:-1"},"canonical":"https:\/\/loot-zino.com\/fr\/connexion-et-inscription\/","og_locale":"fr_FR","og_type":"article","og_title":"Lootzino Login | Acc\u00e8s s\u00e9curis\u00e9 au compte et inscription","og_description":"Acc\u00e9dez facilement \u00e0 votre compte gr\u00e2ce \u00e0 vos Loot Zino login. G\u00e9rez vos d\u00e9p\u00f4ts, bonus et param\u00e8tres personnels au m\u00eame endroit. L'inscription est instantan\u00e9e pour les nouveaux utilisateurs.","og_url":"https:\/\/loot-zino.com\/fr\/connexion-et-inscription\/","og_site_name":"lootzino","article_modified_time":"2025-12-25T07:55:13+00:00","twitter_card":"summary_large_image","twitter_misc":{"Dur\u00e9e de lecture estim\u00e9e":"1 minute"},"schema":{"@context":"https:\/\/schema.org","@graph":[{"@type":"WebPage","@id":"https:\/\/loot-zino.com\/fr\/connexion-et-inscription\/","url":"https:\/\/loot-zino.com\/fr\/connexion-et-inscription\/","name":"Lootzino Login | Acc\u00e8s s\u00e9curis\u00e9 au compte et inscription","isPartOf":{"@id":"https:\/\/loot-zino.com\/fr\/#website"},"datePublished":"2025-11-17T09:35:36+00:00","dateModified":"2025-12-25T07:55:13+00:00","description":"Acc\u00e9dez facilement \u00e0 votre compte gr\u00e2ce \u00e0 vos Loot Zino login. G\u00e9rez vos d\u00e9p\u00f4ts, bonus et param\u00e8tres personnels au m\u00eame endroit. L'inscription est instantan\u00e9e pour les nouveaux utilisateurs.","breadcrumb":{"@id":"https:\/\/loot-zino.com\/fr\/connexion-et-inscription\/#breadcrumb"},"inLanguage":"fr-FR","potentialAction":[{"@type":"ReadAction","target":["https:\/\/loot-zino.com\/fr\/connexion-et-inscription\/"]}]},{"@type":"BreadcrumbList","@id":"https:\/\/loot-zino.com\/fr\/connexion-et-inscription\/#breadcrumb","itemListElement":[{"@type":"ListItem","position":1,"name":"Lootzino","item":"https:\/\/loot-zino.com\/fr\/"},{"@type":"ListItem","position":2,"name":"Connexion et inscription"}]},{"@type":"WebSite","@id":"https:\/\/loot-zino.com\/fr\/#website","url":"https:\/\/loot-zino.com\/fr\/","name":"Lootzino","description":"","publisher":{"@id":"https:\/\/loot-zino.com\/fr\/#organization"},"potentialAction":[{"@type":"SearchAction","target":{"@type":"EntryPoint","urlTemplate":"https:\/\/loot-zino.com\/fr\/?s={search_term_string}"},"query-input":{"@type":"PropertyValueSpecification","valueRequired":true,"valueName":"search_term_string"}}],"inLanguage":"fr-FR"},{"@type":"Organization","@id":"https:\/\/loot-zino.com\/fr\/#organization","name":"Lootzino","url":"https:\/\/loot-zino.com\/fr\/","logo":{"@type":"ImageObject","inLanguage":"fr-FR","@id":"https:\/\/loot-zino.com\/fr\/#\/schema\/logo\/image\/","url":"https:\/\/loot-zino.com\/wp-content\/uploads\/2025\/11\/lootzino-1.svg","contentUrl":"https:\/\/loot-zino.com\/wp-content\/uploads\/2025\/11\/lootzino-1.svg","width":16,"height":20,"caption":"Lootzino"},"image":{"@id":"https:\/\/loot-zino.com\/fr\/#\/schema\/logo\/image\/"}}]}},"_links":{"self":[{"href":"https:\/\/loot-zino.com\/fr\/wp-json\/wp\/v2\/pages\/1468","targetHints":{"allow":["GET"]}}],"collection":[{"href":"https:\/\/loot-zino.com\/fr\/wp-json\/wp\/v2\/pages"}],"about":[{"href":"https:\/\/loot-zino.com\/fr\/wp-json\/wp\/v2\/types\/page"}],"author":[{"embeddable":true,"href":"https:\/\/loot-zino.com\/fr\/wp-json\/wp\/v2\/users\/1"}],"replies":[{"embeddable":true,"href":"https:\/\/loot-zino.com\/fr\/wp-json\/wp\/v2\/comments?post=1468"}],"version-history":[{"count":3,"href":"https:\/\/loot-zino.com\/fr\/wp-json\/wp\/v2\/pages\/1468\/revisions"}],"predecessor-version":[{"id":1843,"href":"https:\/\/loot-zino.com\/fr\/wp-json\/wp\/v2\/pages\/1468\/revisions\/1843"}],"wp:attachment":[{"href":"https:\/\/loot-zino.com\/fr\/wp-json\/wp\/v2\/media?parent=1468"}],"curies":[{"name":"wp","href":"https:\/\/api.w.org\/{rel}","templated":true}]}}