{"id":1419,"date":"2025-11-17T09:22:59","date_gmt":"2025-11-17T09:22:59","guid":{"rendered":"https:\/\/loot-zino.com\/app\/"},"modified":"2025-12-25T07:45:13","modified_gmt":"2025-12-25T07:45:13","slug":"app","status":"publish","type":"page","link":"https:\/\/loot-zino.com\/fr\/app\/","title":{"rendered":"App"},"content":{"rendered":"<h1>Application Lootzino Casino<\/h1>\n<p>Lootzino App est le choix id\u00e9al pour jouer \u00e0 vos jeux pr\u00e9f\u00e9r\u00e9s o\u00f9 que vous soyez. Le logiciel mobile est d\u00e9velopp\u00e9 pour tous les appareils Android et iOS modernes. Tous nos jeux provenant de fournisseurs de logiciels populaires sont optimis\u00e9s pour votre smartphone ou votre tablette. Vous ne perdrez rien et b\u00e9n\u00e9ficierez m\u00eame d&rsquo;une meilleure exp\u00e9rience de jeu. Le logiciel mobile est disponible sur notre site web et son installation ne prendra que quelques minutes.<\/p>\n<div class=\"banner-wrap\" aria-label=\"Banner\"><img src=\"https:\/\/loot-zino.com\/wp-content\/uploads\/2025\/11\/Lootzino-banner-carousel-800\u0445400.webp\" class=\"w-100 d-none d-lg-block img-pc main-banner-img\" alt=\"Lootzino banner desktop\" fetchpriority=\"high\" decoding=\"async\"><img src=\"https:\/\/loot-zino.com\/wp-content\/uploads\/2025\/12\/Group-25.webp\" class=\"w-100 d-none d-md-block d-lg-none main-banner-img\" alt=\"Lootzino banner mobile\" fetchpriority=\"high\" decoding=\"async\"><img src=\"https:\/\/loot-zino.com\/wp-content\/uploads\/2025\/12\/Group-25.webp\" class=\"w-100 d-md-none\" alt=\"Lootzino banner mobile\" fetchpriority=\"high\" decoding=\"async\"><div class=\"banner-description\">\n<div class=\"banner-title\">Bonus de bienvenue<\/div>\n<p class=\"banner-header-title\">1000 \u20ac<\/p>\n<div class=\"banner-header-AdditionalText\">+ 100 Tours gratuits<\/div>\n<button data-item=\"homepage_banner_link\" class=\"goto m-button m-gradient-border m-button--primary m-button--large banner-button btn-orange\">\n            <div class=\"m-button-content\">\n                <span>Inscrivez-vous d\u00e8s maintenant<\/span>\n                <span><\/span>\n            <\/div>\n        <\/button>\n<\/div>\n<div class=\"WelcomePack\">\n<p><img loading=\"lazy\" decoding=\"async\" class=\"alignnone size-full wp-image-1337\" src=\"https:\/\/loot-zino.com\/wp-content\/uploads\/2025\/11\/welcome-crown.svg\" alt=\"crown\" width=\"25\" height=\"26\" \/><\/p>\n<div class=\"WelcomePack-Info\">Cashback hebdomadaire jusqu&rsquo;\u00e0 25 %<\/div>\n<p><img loading=\"lazy\" decoding=\"async\" class=\"alignnone size-full wp-image-1337\" src=\"https:\/\/loot-zino.com\/wp-content\/uploads\/2025\/11\/welcome-crown.svg\" alt=\"crown\" width=\"25\" height=\"26\" \/><\/p>\n<\/div>\n<\/div>\n<h2>Pourquoi choisir l&rsquo;application mobile Lootzino ?<\/h2>\n<p>De plus en plus de personnes pr\u00e9f\u00e8rent jouer \u00e0 leurs jeux pr\u00e9f\u00e9r\u00e9s sur des appareils mobiles. C&rsquo;est pourquoi nous avons d\u00e9velopp\u00e9 une application pratique Lootzino app pour Android et iOS. 80 % de nos utilisateurs pr\u00e9f\u00e8rent le logiciel mobile.<\/p>\n<p>Le logiciel mobile refl\u00e8te la version principale pour ordinateur de bureau. Il pr\u00e9sente le m\u00eame design et la m\u00eame navigation, mais est optimis\u00e9 pour les \u00e9crans plus petits. Si vous avez d\u00e9j\u00e0 essay\u00e9 notre version pour ordinateur de bureau, vous n&rsquo;aurez aucun mal \u00e0 vous y retrouver. Mais si vous rencontrez des probl\u00e8mes avec le logiciel mobile, vous pouvez toujours contacter l&rsquo;\u00e9quipe d&rsquo;assistance client\u00e8le via le chat en direct dans l&rsquo;application ou par e-mail.<\/p>\n<p>Les gens choisissent les logiciels mobiles parce qu&rsquo;ils sont toujours \u00e0 jour, m\u00eame lorsqu&rsquo;ils ne sont pas chez eux ou \u00e0 proximit\u00e9 de leur PC. Tous les bonus Loot Zino Casino et plus de 6 000 jeux sont rapidement accessibles en quelques clics. De plus, dans le logiciel mobile, vous pouvez recevoir des notifications push personnalis\u00e9es concernant vos r\u00e9sultats et les actualit\u00e9s.<\/p>\n<p><div style=\"clear: both\"><\/div><div class=\"d-flex justify-content-center\"><button data-item=\"decouvrez_link\" data-group=\"website_links\" class=\"goto fw-bold rounded-pill btn btn-orange\" aria-label=\"T\u00e9l\u00e9chargez l&#039;application Lootzino Casino\" >T\u00e9l\u00e9chargez l&#039;application Lootzino Casino<\/button><\/div><div class=\"scrollable-content-wrap my-5\"><div class=\"scrollable-content-inner\"><h2>Loot Zino Application Android<\/h2>\n<p>Tous les utilisateurs Android de Lootzino peuvent profiter des machines \u00e0 sous en ligne, des jeux de table, des options avec croupier en direct, des jeux instantan\u00e9s et bien plus encore directement sur leurs appareils mobiles. Nous avons d\u00e9velopp\u00e9 une application mobile d\u00e9di\u00e9e qui ne prend pas de place sur votre t\u00e9l\u00e9phone et propose plus de 6 000 titres. Nos fournisseurs de logiciels de confiance, tels que BGaming, Evolution et Playson, cr\u00e9ent des jeux qui s&rsquo;adaptent parfaitement aux appareils mobiles modernes.<\/p>\n<p>Nos utilisateurs peuvent choisir parmi plusieurs options pour acc\u00e9der \u00e0 Lootzino Casino sur un smartphone ou une tablette : la version navigateur, une application web progressive (PWA) et une ic\u00f4ne de raccourci. Vous pouvez acc\u00e9der \u00e0 la plateforme via n&rsquo;importe quel navigateur mobile, par exemple Google Chrome, Safari, etc. La PWA peut \u00eatre t\u00e9l\u00e9charg\u00e9e depuis notre site web via le lien \u00ab Casino App \u00bb en bas de page. Pour installer l&rsquo;ic\u00f4ne de raccourci Lootzino Casino et acc\u00e9der au site web depuis votre \u00e9cran d&rsquo;accueil en une seconde, suivez les instructions ci-dessous :<\/p>\n<ol>\n<li>Ouvrez le navigateur de votre choix sur votre smartphone.<\/li>\n<li>Rendez-vous sur notre site web.<\/li>\n<li>Appuyez sur l&rsquo;ic\u00f4ne \u00ab Plus \u00bb dans la barre d&rsquo;adresse.<\/li>\n<li>Cliquez sur \u00ab Ajouter \u00e0 l&rsquo;\u00e9cran d&rsquo;accueil \u00bb, puis appuyez sur \u00ab Ajouter \u00bb.<\/li>\n<li>Vous devez faire glisser votre doigt vers le haut depuis le bas de votre \u00e9cran d&rsquo;accueil pour ouvrir le tiroir d&rsquo;applications.<\/li>\n<li>Cliquez et maintenez enfonc\u00e9 l&rsquo;ic\u00f4ne de l&rsquo;application que vous souhaitez ajouter.<\/li>\n<li>Faites glisser l&rsquo;ic\u00f4ne vers l&#8217;emplacement souhait\u00e9 sur l&rsquo;\u00e9cran d&rsquo;accueil, puis rel\u00e2chez votre doigt.<\/li>\n<\/ol>\n<p><img loading=\"lazy\" decoding=\"async\" src=\"https:\/\/loot-zino.com\/wp-content\/uploads\/2025\/11\/Lootzino-Android-App.webp\" alt=\"Lootzino Android App\" width=\"1248\" height=\"536\" \/><\/p>\n<\/div><\/div><div style=\"clear: both\"><\/div><div class=\"d-flex justify-content-center\"><button data-item=\"decouvrez_link\" data-group=\"website_links\" class=\"goto fw-bold rounded-pill btn btn-orange\" aria-label=\"T\u00e9l\u00e9charger Lootzino\" >T\u00e9l\u00e9charger Lootzino<\/button><\/div><div class=\"scrollable-content-wrap my-5\"><div class=\"scrollable-content-inner\"><h2>Application pour appareils iOS<\/h2>\n<p>Lootzino Casino a pens\u00e9 \u00e0 tous les utilisateurs d&rsquo;iPhone et a d\u00e9velopp\u00e9 un logiciel mobile sp\u00e9cial pour eux. Il est intuitif et facile \u00e0 utiliser, m\u00eame pour ceux qui viennent d&rsquo;ouvrir un compte de casino en ligne. Toutes les m\u00eames fonctions, jeux et outils y sont disponibles. Si vous n&rsquo;avez pas encore de compte sur Loot Zino, vous pouvez en cr\u00e9er un dans l&rsquo;application en quelques minutes seulement.<\/p>\n<p>Le logiciel mobile est aussi s\u00fbr que la version principale pour ordinateur de bureau. Toutes vos transactions, paiements et donn\u00e9es personnelles sont prot\u00e9g\u00e9s par un cryptage SSL. Nous travaillons uniquement avec des logiciels et des op\u00e9rateurs de paiement de confiance.<\/p>\n<p>Comme l&rsquo;Apple Store officiel n&rsquo;autorise pas les applications de jeux d&rsquo;argent, vous pouvez installer le logiciel mobile Lootzino Casino depuis le site officiel. Pour ce faire, il vous suffit de suivre nos instructions :<\/p>\n<ol>\n<li>Allez dans le pied de page (en bas de la page) du site web Lootzino Casino.<\/li>\n<li>Cliquez sur le bouton \u00ab Application Casino \u00bb. L&rsquo;installation d\u00e9marre automatiquement.<\/li>\n<li>L&rsquo;ic\u00f4ne du casino appara\u00eetra sur votre \u00e9cran d&rsquo;accueil.<\/li>\n<\/ol>\n<p>Pour commencer \u00e0 profiter de jeux passionnants et de bonus, il vous suffit de vous connecter \u00e0 votre compte ou d&rsquo;en cr\u00e9er un nouveau. Avant d&rsquo;effectuer votre premier retrait dans le casino mobile, vous devrez suivre la proc\u00e9dure de v\u00e9rification.<\/p>\n<p><img loading=\"lazy\" decoding=\"async\" src=\"https:\/\/loot-zino.com\/wp-content\/uploads\/2025\/11\/Lootzino-iOS-App.webp\" alt=\"Lootzino iOS App\" width=\"1248\" height=\"536\" \/><\/p>\n<\/div><\/div><div style=\"clear: both\"><\/div><div class=\"d-flex justify-content-center\"><button data-item=\"decouvrez_link\" data-group=\"website_links\" class=\"goto fw-bold rounded-pill btn btn-orange\" aria-label=\"T\u00e9l\u00e9chargez l&#039;application Lootzino Casino\" >T\u00e9l\u00e9chargez l&#039;application Lootzino Casino<\/button><\/div><div class=\"scrollable-content-wrap my-5\"><div class=\"scrollable-content-inner\"><h2>Application Web pour Mac ou Windows<\/h2>\n<p>Certains utilisateurs pr\u00e9f\u00e8rent profiter de leurs jeux pr\u00e9f\u00e9r\u00e9s sur un PC lorsqu&rsquo;ils sont tranquillement chez eux. Vous disposez d&rsquo;un grand \u00e9cran et savez que vous ne manquerez rien du processus. Nous proposons deux options pour utiliser Loot Zino sur votre ordinateur de bureau : une application web ou une version navigateur.<\/p>\n<p>Le logiciel de bureau est plus rapide \u00e0 acc\u00e9der et offre une exp\u00e9rience plus personnalis\u00e9e. Il peut \u00eatre install\u00e9 \u00e0 partir de notre site officiel en quelques minutes seulement. Vous trouverez ci-dessous un aper\u00e7u plus d\u00e9taill\u00e9 des diff\u00e9rences entre l&rsquo;application Lootzino et la version navigateur.<\/p>\n<p>&nbsp;<\/p>\n<table>\n<tbody>\n<tr>\n<td>Fonctionnalit\u00e9<\/td>\n<td>Application Web<\/td>\n<td>Version navigateur<\/td>\n<\/tr>\n<tr>\n<td>Installation<\/td>\n<td>Il doit \u00eatre install\u00e9 une seule fois et peut \u00eatre lanc\u00e9 comme une application native.<\/td>\n<td>Aucune installation requise, accessible via n&rsquo;importe quel navigateur<\/td>\n<\/tr>\n<tr>\n<td>Mode hors ligne<\/td>\n<td>Certaines fonctionnalit\u00e9s fonctionnent hors ligne ou avec une connexion Internet faible.<\/td>\n<td>Le site web n\u00e9cessite une connexion Internet permanente.<\/td>\n<\/tr>\n<tr>\n<td>Performance<\/td>\n<td>Temps de chargement plus rapides, animations plus fluides, latence r\u00e9duite<\/td>\n<td>D\u00e9pend des performances du navigateur et des extensions<\/td>\n<\/tr>\n<tr>\n<td>Interface utilisateur<\/td>\n<td>Optimis\u00e9 pour les ordinateurs de bureau avec une interface semblable \u00e0 celle d&rsquo;une application<\/td>\n<td>L&rsquo;interface utilisateur peut varier l\u00e9g\u00e8rement en fonction du navigateur et des extensions.<\/td>\n<\/tr>\n<tr>\n<td>Notifications<\/td>\n<td>Notifications push disponibles pour les promotions, les bonus et les alertes de jeu<\/td>\n<td>Les notifications limit\u00e9es du navigateur peuvent n\u00e9cessiter une autorisation manuelle.<\/td>\n<\/tr>\n<tr>\n<td>Accessibilit\u00e9<\/td>\n<td>Lanceable depuis la barre des t\u00e2ches, le menu D\u00e9marrer et le mode plein \u00e9cran pris en charge<\/td>\n<td>N\u00e9cessite l&rsquo;ouverture du navigateur et peut ne pas prendre en charge le mode plein \u00e9cran de mani\u00e8re coh\u00e9rente.<\/td>\n<\/tr>\n<\/tbody>\n<\/table>\n<p><img loading=\"lazy\" decoding=\"async\" src=\"https:\/\/loot-zino.com\/wp-content\/uploads\/2025\/11\/Lootzino-Desktop.webp\" alt=\"Lootzino Desktop\" width=\"1248\" height=\"536\" \/><\/p>\n<\/div><\/div><div style=\"clear: both\"><\/div><div class=\"d-flex justify-content-center\"><button data-item=\"decouvrez_link\" data-group=\"website_links\" class=\"goto fw-bold rounded-pill btn btn-orange\" aria-label=\"T\u00e9l\u00e9charger Lootzino\" >T\u00e9l\u00e9charger Lootzino<\/button><\/div><div class=\"scrollable-content-wrap my-5\"><div class=\"scrollable-content-inner\"><h2>FAQ<\/h2>\n<h3>L&rsquo;application Loot Zino est-elle compatible avec iOS et Android ?<\/h3>\n<p>L&rsquo;application Lootzino est sp\u00e9cialement con\u00e7ue pour les appareils Android et iOS. Tous les jeux et autres fonctionnalit\u00e9s s&rsquo;adaptent parfaitement aux smartphones et tablettes modernes.<\/p>\n<h3>Les jeux disponibles sur l&rsquo;application sont-ils les m\u00eames que ceux disponibles sur ordinateur ?<\/h3>\n<p>Plus de 6 000 titres sont disponibles dans l&rsquo;application Lootzino. Il s&rsquo;agit de la m\u00eame collection de jeux, qui comprend des machines \u00e0 sous, des jeux de table, des options avec croupier en direct, des jeux crash et bien plus encore.<\/p>\n<h3>Comment puis-je obtenir la derni\u00e8re version de l&rsquo;application Lootzino ?<\/h3>\n<p>Nous mettons automatiquement \u00e0 jour le logiciel mobile, vous n&rsquo;avez donc rien \u00e0 faire. Cependant, si nous publions des mises \u00e0 jour importantes, vous recevrez une notification vous invitant \u00e0 installer la derni\u00e8re version sur notre site Web.<\/p>\n<\/div><\/div><\/p>\n","protected":false},"excerpt":{"rendered":"<p>Application Lootzino Casino Lootzino App est le choix id\u00e9al pour jouer \u00e0 vos jeux pr\u00e9f\u00e9r\u00e9s o\u00f9 que vous soyez. Le logiciel mobile est d\u00e9velopp\u00e9 pour tous les appareils Android et iOS modernes. Tous nos jeux provenant de fournisseurs de logiciels populaires sont optimis\u00e9s pour votre smartphone ou votre tablette. Vous ne perdrez rien et b\u00e9n\u00e9ficierez [&hellip;]<\/p>\n","protected":false},"author":1,"featured_media":0,"parent":0,"menu_order":0,"comment_status":"closed","ping_status":"closed","template":"template-builder.php","meta":{"_acf_changed":false,"inline_featured_image":false,"footnotes":""},"class_list":["post-1419","page","type-page","status-publish","hentry"],"acf":[],"yoast_head":"<!-- This site is optimized with the Yoast SEO plugin v27.3 - https:\/\/yoast.com\/product\/yoast-seo-wordpress\/ -->\n<title>Lootzino App pour iOS et Android<\/title>\n<meta name=\"description\" content=\"Jouez n&#039;importe o\u00f9 et n&#039;importe quand avec Loot Zino Casino app pour iOS et Android. Retrouvez tous les jeux, un acc\u00e8s instantan\u00e9 et des paiements s\u00e9curis\u00e9s. T\u00e9l\u00e9chargez-la maintenant !\" \/>\n<meta name=\"robots\" content=\"index, follow, max-snippet:-1, max-image-preview:large, max-video-preview:-1\" \/>\n<link rel=\"canonical\" href=\"https:\/\/loot-zino.com\/fr\/app\/\" \/>\n<meta property=\"og:locale\" content=\"fr_FR\" \/>\n<meta property=\"og:type\" content=\"article\" \/>\n<meta property=\"og:title\" content=\"Lootzino App pour iOS et Android\" \/>\n<meta property=\"og:description\" content=\"Jouez n&#039;importe o\u00f9 et n&#039;importe quand avec Loot Zino Casino app pour iOS et Android. Retrouvez tous les jeux, un acc\u00e8s instantan\u00e9 et des paiements s\u00e9curis\u00e9s. T\u00e9l\u00e9chargez-la maintenant !\" \/>\n<meta property=\"og:url\" content=\"https:\/\/loot-zino.com\/fr\/app\/\" \/>\n<meta property=\"og:site_name\" content=\"lootzino\" \/>\n<meta property=\"article:modified_time\" content=\"2025-12-25T07:45:13+00:00\" \/>\n<meta name=\"twitter:card\" content=\"summary_large_image\" \/>\n<meta name=\"twitter:label1\" content=\"Dur\u00e9e de lecture estim\u00e9e\" \/>\n\t<meta name=\"twitter:data1\" content=\"2 minutes\" \/>\n<script type=\"application\/ld+json\" class=\"yoast-schema-graph\">{\"@context\":\"https:\\\/\\\/schema.org\",\"@graph\":[{\"@type\":\"WebPage\",\"@id\":\"https:\\\/\\\/loot-zino.com\\\/fr\\\/app\\\/\",\"url\":\"https:\\\/\\\/loot-zino.com\\\/fr\\\/app\\\/\",\"name\":\"Lootzino App pour iOS et Android\",\"isPartOf\":{\"@id\":\"https:\\\/\\\/loot-zino.com\\\/fr\\\/#website\"},\"datePublished\":\"2025-11-17T09:22:59+00:00\",\"dateModified\":\"2025-12-25T07:45:13+00:00\",\"description\":\"Jouez n'importe o\u00f9 et n'importe quand avec Loot Zino Casino app pour iOS et Android. Retrouvez tous les jeux, un acc\u00e8s instantan\u00e9 et des paiements s\u00e9curis\u00e9s. T\u00e9l\u00e9chargez-la maintenant !\",\"breadcrumb\":{\"@id\":\"https:\\\/\\\/loot-zino.com\\\/fr\\\/app\\\/#breadcrumb\"},\"inLanguage\":\"fr-FR\",\"potentialAction\":[{\"@type\":\"ReadAction\",\"target\":[\"https:\\\/\\\/loot-zino.com\\\/fr\\\/app\\\/\"]}]},{\"@type\":\"BreadcrumbList\",\"@id\":\"https:\\\/\\\/loot-zino.com\\\/fr\\\/app\\\/#breadcrumb\",\"itemListElement\":[{\"@type\":\"ListItem\",\"position\":1,\"name\":\"Lootzino\",\"item\":\"https:\\\/\\\/loot-zino.com\\\/fr\\\/\"},{\"@type\":\"ListItem\",\"position\":2,\"name\":\"App\"}]},{\"@type\":\"WebSite\",\"@id\":\"https:\\\/\\\/loot-zino.com\\\/fr\\\/#website\",\"url\":\"https:\\\/\\\/loot-zino.com\\\/fr\\\/\",\"name\":\"Lootzino\",\"description\":\"\",\"publisher\":{\"@id\":\"https:\\\/\\\/loot-zino.com\\\/fr\\\/#organization\"},\"potentialAction\":[{\"@type\":\"SearchAction\",\"target\":{\"@type\":\"EntryPoint\",\"urlTemplate\":\"https:\\\/\\\/loot-zino.com\\\/fr\\\/?s={search_term_string}\"},\"query-input\":{\"@type\":\"PropertyValueSpecification\",\"valueRequired\":true,\"valueName\":\"search_term_string\"}}],\"inLanguage\":\"fr-FR\"},{\"@type\":\"Organization\",\"@id\":\"https:\\\/\\\/loot-zino.com\\\/fr\\\/#organization\",\"name\":\"Lootzino\",\"url\":\"https:\\\/\\\/loot-zino.com\\\/fr\\\/\",\"logo\":{\"@type\":\"ImageObject\",\"inLanguage\":\"fr-FR\",\"@id\":\"https:\\\/\\\/loot-zino.com\\\/fr\\\/#\\\/schema\\\/logo\\\/image\\\/\",\"url\":\"https:\\\/\\\/loot-zino.com\\\/wp-content\\\/uploads\\\/2025\\\/11\\\/lootzino-1.svg\",\"contentUrl\":\"https:\\\/\\\/loot-zino.com\\\/wp-content\\\/uploads\\\/2025\\\/11\\\/lootzino-1.svg\",\"width\":16,\"height\":20,\"caption\":\"Lootzino\"},\"image\":{\"@id\":\"https:\\\/\\\/loot-zino.com\\\/fr\\\/#\\\/schema\\\/logo\\\/image\\\/\"}}]}<\/script>\n<!-- \/ Yoast SEO plugin. -->","yoast_head_json":{"title":"Lootzino App pour iOS et Android","description":"Jouez n'importe o\u00f9 et n'importe quand avec Loot Zino Casino app pour iOS et Android. Retrouvez tous les jeux, un acc\u00e8s instantan\u00e9 et des paiements s\u00e9curis\u00e9s. T\u00e9l\u00e9chargez-la maintenant !","robots":{"index":"index","follow":"follow","max-snippet":"max-snippet:-1","max-image-preview":"max-image-preview:large","max-video-preview":"max-video-preview:-1"},"canonical":"https:\/\/loot-zino.com\/fr\/app\/","og_locale":"fr_FR","og_type":"article","og_title":"Lootzino App pour iOS et Android","og_description":"Jouez n'importe o\u00f9 et n'importe quand avec Loot Zino Casino app pour iOS et Android. Retrouvez tous les jeux, un acc\u00e8s instantan\u00e9 et des paiements s\u00e9curis\u00e9s. T\u00e9l\u00e9chargez-la maintenant !","og_url":"https:\/\/loot-zino.com\/fr\/app\/","og_site_name":"lootzino","article_modified_time":"2025-12-25T07:45:13+00:00","twitter_card":"summary_large_image","twitter_misc":{"Dur\u00e9e de lecture estim\u00e9e":"2 minutes"},"schema":{"@context":"https:\/\/schema.org","@graph":[{"@type":"WebPage","@id":"https:\/\/loot-zino.com\/fr\/app\/","url":"https:\/\/loot-zino.com\/fr\/app\/","name":"Lootzino App pour iOS et Android","isPartOf":{"@id":"https:\/\/loot-zino.com\/fr\/#website"},"datePublished":"2025-11-17T09:22:59+00:00","dateModified":"2025-12-25T07:45:13+00:00","description":"Jouez n'importe o\u00f9 et n'importe quand avec Loot Zino Casino app pour iOS et Android. Retrouvez tous les jeux, un acc\u00e8s instantan\u00e9 et des paiements s\u00e9curis\u00e9s. T\u00e9l\u00e9chargez-la maintenant !","breadcrumb":{"@id":"https:\/\/loot-zino.com\/fr\/app\/#breadcrumb"},"inLanguage":"fr-FR","potentialAction":[{"@type":"ReadAction","target":["https:\/\/loot-zino.com\/fr\/app\/"]}]},{"@type":"BreadcrumbList","@id":"https:\/\/loot-zino.com\/fr\/app\/#breadcrumb","itemListElement":[{"@type":"ListItem","position":1,"name":"Lootzino","item":"https:\/\/loot-zino.com\/fr\/"},{"@type":"ListItem","position":2,"name":"App"}]},{"@type":"WebSite","@id":"https:\/\/loot-zino.com\/fr\/#website","url":"https:\/\/loot-zino.com\/fr\/","name":"Lootzino","description":"","publisher":{"@id":"https:\/\/loot-zino.com\/fr\/#organization"},"potentialAction":[{"@type":"SearchAction","target":{"@type":"EntryPoint","urlTemplate":"https:\/\/loot-zino.com\/fr\/?s={search_term_string}"},"query-input":{"@type":"PropertyValueSpecification","valueRequired":true,"valueName":"search_term_string"}}],"inLanguage":"fr-FR"},{"@type":"Organization","@id":"https:\/\/loot-zino.com\/fr\/#organization","name":"Lootzino","url":"https:\/\/loot-zino.com\/fr\/","logo":{"@type":"ImageObject","inLanguage":"fr-FR","@id":"https:\/\/loot-zino.com\/fr\/#\/schema\/logo\/image\/","url":"https:\/\/loot-zino.com\/wp-content\/uploads\/2025\/11\/lootzino-1.svg","contentUrl":"https:\/\/loot-zino.com\/wp-content\/uploads\/2025\/11\/lootzino-1.svg","width":16,"height":20,"caption":"Lootzino"},"image":{"@id":"https:\/\/loot-zino.com\/fr\/#\/schema\/logo\/image\/"}}]}},"_links":{"self":[{"href":"https:\/\/loot-zino.com\/fr\/wp-json\/wp\/v2\/pages\/1419","targetHints":{"allow":["GET"]}}],"collection":[{"href":"https:\/\/loot-zino.com\/fr\/wp-json\/wp\/v2\/pages"}],"about":[{"href":"https:\/\/loot-zino.com\/fr\/wp-json\/wp\/v2\/types\/page"}],"author":[{"embeddable":true,"href":"https:\/\/loot-zino.com\/fr\/wp-json\/wp\/v2\/users\/1"}],"replies":[{"embeddable":true,"href":"https:\/\/loot-zino.com\/fr\/wp-json\/wp\/v2\/comments?post=1419"}],"version-history":[{"count":3,"href":"https:\/\/loot-zino.com\/fr\/wp-json\/wp\/v2\/pages\/1419\/revisions"}],"predecessor-version":[{"id":1841,"href":"https:\/\/loot-zino.com\/fr\/wp-json\/wp\/v2\/pages\/1419\/revisions\/1841"}],"wp:attachment":[{"href":"https:\/\/loot-zino.com\/fr\/wp-json\/wp\/v2\/media?parent=1419"}],"curies":[{"name":"wp","href":"https:\/\/api.w.org\/{rel}","templated":true}]}}