{"id":1473,"date":"2025-11-17T09:35:36","date_gmt":"2025-11-17T09:35:36","guid":{"rendered":"https:\/\/loot-zino.com\/login-and-registration\/"},"modified":"2025-11-17T13:46:04","modified_gmt":"2025-11-17T13:46:04","slug":"inicio-de-sesion-y-registro","status":"publish","type":"page","link":"https:\/\/loot-zino.com\/es\/inicio-de-sesion-y-registro\/","title":{"rendered":"Inicio de sesi\u00f3n y Registro"},"content":{"rendered":"<h1>Lootzino configuraci\u00f3n del registro y el inicio de sesi\u00f3n<\/h1>\n<p>Para acceder a los juegos, bonificaciones, pagos y muchas otras secciones importantes de nuestro sitio web desde Espa\u00f1a, debes completar un sencillo proceso de Lootzino login. Para ello, solo tienes que introducir tu direcci\u00f3n de correo electr\u00f3nico y contrase\u00f1a. Nuestro sitio web permite a los usuarios espa\u00f1oles registrarse una vez que cumplen 18 a\u00f1os. Adem\u00e1s, cada persona solo puede tener una cuenta en Lootzino Casino.<\/p>\n<p><div class=\"banner-wrap\" aria-label=\"Banner\"><img src=\"https:\/\/loot-zino.com\/wp-content\/uploads\/2025\/11\/Lootzino-banner-carousel-800\u0445400.webp\" class=\"w-100 d-none d-lg-block img-pc main-banner-img\" alt=\"Lootzino banner desktop\" fetchpriority=\"high\" decoding=\"async\"><img src=\"https:\/\/loot-zino.com\/wp-content\/uploads\/2025\/12\/Group-25.webp\" class=\"w-100 d-none d-md-block d-lg-none main-banner-img\" alt=\"Lootzino banner mobile\" fetchpriority=\"high\" decoding=\"async\"><img src=\"https:\/\/loot-zino.com\/wp-content\/uploads\/2025\/12\/Group-25.webp\" class=\"w-100 d-md-none\" alt=\"Lootzino banner mobile\" fetchpriority=\"high\" decoding=\"async\"><div class=\"banner-description\">\n<div class=\"banner-title\">Bonos de bienvenida<\/div>\n<p class=\"banner-header-title\">1500 \u20ac<\/p>\n<div class=\"banner-header-AdditionalText\">+ 250 Giros gratis<\/div>\n<button data-item=\"homepage_banner_link\" class=\"goto m-button m-gradient-border m-button--primary m-button--large banner-button btn-orange\">\n            <div class=\"m-button-content\">\n                <span>Reg\u00edstrese ahora<\/span>\n                <span><\/span>\n            <\/div>\n        <\/button>\n<\/div>\n<div class=\"WelcomePack\">\n<p><img loading=\"lazy\" decoding=\"async\" class=\"alignnone size-full wp-image-1337\" src=\"https:\/\/loot-zino.com\/wp-content\/uploads\/2025\/11\/welcome-crown.svg\" alt=\"crown\" width=\"25\" height=\"26\" \/><\/p>\n<div class=\"WelcomePack-Info\">Reembolso semanal de hasta el 25 %<\/div>\n<p><img loading=\"lazy\" decoding=\"async\" class=\"alignnone size-full wp-image-1337\" src=\"https:\/\/loot-zino.com\/wp-content\/uploads\/2025\/11\/welcome-crown.svg\" alt=\"crown\" width=\"25\" height=\"26\" \/><\/p>\n<\/div>\n<\/div><div class=\"scrollable-content-wrap my-5\"><div class=\"scrollable-content-inner\"><h2>Lootzino registro y creaci\u00f3n de cuenta<\/h2>\n<p>El recorrido por nuestro sitio web o aplicaci\u00f3n comienza con el proceso de inicio de sesi\u00f3n en Loot Zino. Si a\u00fan no tienes una cuenta, primero debes registrarte. Este proceso no lleva m\u00e1s de 3 minutos, incluso para los nuevos clientes del casino online. A continuaci\u00f3n, encontrar\u00e1s instrucciones detalladas sobre c\u00f3mo registrarte en Lootzino Casino de forma sencilla:<\/p>\n<ol>\n<li>Haga clic en el bot\u00f3n \u00abRegistrarse\u00bb situado en la esquina superior derecha.<\/li>\n<li>En el formulario de registro, introduzca su direcci\u00f3n de correo electr\u00f3nico y cree una contrase\u00f1a. La contrase\u00f1a debe tener al menos 6 caracteres.<\/li>\n<li>Introduce un c\u00f3digo promocional si tienes uno.<\/li>\n<li>Confirma que eres mayor de 18 a\u00f1os y acepta los t\u00e9rminos y condiciones de nuestro sitio web.<\/li>\n<li>Haga clic en el bot\u00f3n \u00abRegistrarse\u00bb.<\/li>\n<\/ol>\n<p>Despu\u00e9s de completar el proceso de registro principal, debes rellenar un formulario con tus datos personales, como tu nombre, fecha de nacimiento y direcci\u00f3n. Introduce tu informaci\u00f3n real, ya que es importante para el proceso de verificaci\u00f3n.<\/p>\n<h3>Funciones y configuraci\u00f3n de la cuenta<\/h3>\n<p>Con una cuenta en Loot Zino Casino, puedes jugar a m\u00e1s de 6.000 t\u00edtulos diferentes con dinero real. Tendr\u00e1s acceso a todos los m\u00e9todos de pago disponibles con un dep\u00f3sito m\u00ednimo de entre 15 y 20 \u20ac. Adem\u00e1s, contamos con asistencia multiling\u00fce, disponible a trav\u00e9s del chat en vivo de la p\u00e1gina web o por correo electr\u00f3nico.<\/p>\n<p>En la configuraci\u00f3n de tu cuenta, siempre puedes consultar el historial de tus dep\u00f3sitos, el proceso de juego, las apuestas y las ganancias. Adem\u00e1s, all\u00ed puedes ver y gestionar tus bonificaciones y torneos activos. En la cuenta personal de Lootzino Casino, tambi\u00e9n hay herramientas para el juego responsable, como l\u00edmites de tiempo o financieros y una opci\u00f3n de autoexclusi\u00f3n.<\/p>\n<h2>C\u00f3mo iniciar sesi\u00f3n en Loot Zino<\/h2>\n<p>Si ya se ha registrado con nosotros, puede iniciar el proceso de inicio de sesi\u00f3n en Lootzino inmediatamente. Para ello, necesitar\u00e1 la informaci\u00f3n que introdujo durante el registro: su correo electr\u00f3nico y contrase\u00f1a. Despu\u00e9s de iniciar sesi\u00f3n, podr\u00e1 empezar a jugar a todos los juegos disponibles, realizar dep\u00f3sitos y retiradas y aprovechar el emocionante programa de bonificaciones.<\/p>\n<p>Las normas de nuestro sitio web no permiten realizar dep\u00f3sitos ni jugar con dinero real sin registrarse. Puede probar muchos t\u00edtulos en modo demo, donde utilizar\u00e1 cr\u00e9ditos virtuales. Pero en este caso, tampoco podr\u00e1 retirar las ganancias. Por eso le recomendamos encarecidamente que complete el proceso de inicio de sesi\u00f3n en Lootzino y disfrute de todas las funciones de la plataforma.<\/p>\n<p>Si no puede acceder a su cuenta o tiene cualquier otro problema relacionado con Lootzino Casino, puede ponerse en contacto con nuestro equipo de atenci\u00f3n al cliente, disponible las 24 horas del d\u00eda, los 7 d\u00edas de la semana. Para preguntas r\u00e1pidas y urgentes, utilice el chat en vivo de la p\u00e1gina web o de la aplicaci\u00f3n. Para cuestiones m\u00e1s detalladas, env\u00edenos un correo electr\u00f3nico.<\/p>\n<h3>\u00bfHa perdido su informaci\u00f3n de inicio de sesi\u00f3n?<\/h3>\n<p>En nuestra plataforma, no es un gran problema si olvidas alguno de tus datos de inicio de sesi\u00f3n en Lootzino. Al iniciar sesi\u00f3n, puedes utilizar el enlace \u00abOlvid\u00e9 mi contrase\u00f1a\u00bb. Esta funci\u00f3n est\u00e1 dise\u00f1ada para que puedas restablecer tu contrase\u00f1a en cualquier momento. Debes introducir tu direcci\u00f3n de correo electr\u00f3nico para que podamos enviarte un enlace de restablecimiento.<\/p>\n<p>Despu\u00e9s de eso, cuando accedas a tu cuenta, tendr\u00e1s que introducir tu nueva contrase\u00f1a. Adem\u00e1s, en la configuraci\u00f3n de la cuenta, puedes cambiar cualquier dato personal o de pago si es necesario.<\/p>\n<h2>Por qu\u00e9 es importante la verificaci\u00f3n de la cuenta<\/h2>\n<p>Para seguir siendo una plataforma de juego segura para todos los usuarios, le pedimos que complete el proceso de verificaci\u00f3n antes de realizar su primer retiro. Este proceso no le llevar\u00e1 mucho tiempo y no es complejo. Le pediremos que suba fotos o copias de los siguientes documentos:<\/p>\n<table>\n<tbody>\n<tr>\n<td>Documentos<\/td>\n<td>Detalles<\/td>\n<\/tr>\n<tr>\n<td>Prueba de identidad y edad<\/td>\n<td>Documento de identidad, pasaporte o permiso de conducir.<\/td>\n<\/tr>\n<tr>\n<td>Prueba de tu domicilio<\/td>\n<td>Factura de servicios p\u00fablicos con una antig\u00fcedad m\u00e1xima de 3 meses o extracto bancario.<\/td>\n<\/tr>\n<tr>\n<td>Prueba de la titularidad del m\u00e9todo de pago<\/td>\n<td>Extracto bancario o captura de pantalla de tu monedero electr\u00f3nico o de criptomonedas.<\/td>\n<\/tr>\n<\/tbody>\n<\/table>\n<p>Una vez que haya subido todos los documentos necesarios, nuestros gestores los revisar\u00e1n en un plazo de 48 horas y le responder\u00e1n en consecuencia. Una vez que su cuenta Lootzino haya sido verificada, podr\u00e1 realizar retiradas de fondos inmediatamente.<\/p>\n<h2>Preguntas frecuentes<\/h2>\n<h3>\u00bfC\u00f3mo puedo acceder a mi cuenta de Lootzino Casino?<\/h3>\n<p>Puedes realizar el proceso de inicio de sesi\u00f3n en Lootzino en el sitio web o en la aplicaci\u00f3n. Para ello, debes ir a la secci\u00f3n \u00abIniciar sesi\u00f3n\u00bb e introducir tu direcci\u00f3n de correo electr\u00f3nico y contrase\u00f1a.<\/p>\n<h3>\u00bfQu\u00e9 hago si no recuerdo la contrase\u00f1a?<\/h3>\n<p>Siempre puedes utilizar la funci\u00f3n \u00abOlvid\u00e9 mi contrase\u00f1a\u00bb para restablecer tu contrase\u00f1a y crear una nueva. Esta funci\u00f3n se encuentra en el formulario Inicio de sesi\u00f3n en Loot Zino. Recibir\u00e1s un correo electr\u00f3nico nuestro con el enlace para restablecer la contrase\u00f1a.<\/p>\n<h3>\u00bfPuedo modificar la informaci\u00f3n de mi cuenta una vez que me haya registrado?<\/h3>\n<p>Puedes cambiar tu informaci\u00f3n personal o de pago en la configuraci\u00f3n de la cuenta en cualquier momento. Siempre te enviamos un correo electr\u00f3nico de confirmaci\u00f3n cuando se modifica alg\u00fan dato para ayudar a prevenir el fraude en la plataforma.<\/p>\n<\/div><\/div><\/p>\n","protected":false},"excerpt":{"rendered":"<p>Lootzino configuraci\u00f3n del registro y el inicio de sesi\u00f3n Para acceder a los juegos, bonificaciones, pagos y muchas otras secciones importantes de nuestro sitio web desde Espa\u00f1a, debes completar un sencillo proceso de Lootzino login. Para ello, solo tienes que introducir tu direcci\u00f3n de correo electr\u00f3nico y contrase\u00f1a. Nuestro sitio web permite a los usuarios [&hellip;]<\/p>\n","protected":false},"author":1,"featured_media":0,"parent":0,"menu_order":0,"comment_status":"closed","ping_status":"closed","template":"template-builder.php","meta":{"_acf_changed":false,"inline_featured_image":false,"footnotes":""},"class_list":["post-1473","page","type-page","status-publish","hentry"],"acf":[],"yoast_head":"<!-- This site is optimized with the Yoast SEO plugin v27.3 - https:\/\/yoast.com\/product\/yoast-seo-wordpress\/ -->\n<title>Lootzino Login | Acceso y registro seguros de la cuenta<\/title>\n<meta name=\"description\" content=\"Accede f\u00e1cilmente a tu cuenta con tu Loot Zino login. Gestiona dep\u00f3sitos, bonos y ajustes personales en un solo lugar. Los nuevos usuarios pueden registrarse en segundos.\" \/>\n<meta name=\"robots\" content=\"index, follow, max-snippet:-1, max-image-preview:large, max-video-preview:-1\" \/>\n<link rel=\"canonical\" href=\"https:\/\/loot-zino.com\/es\/inicio-de-sesion-y-registro\/\" \/>\n<meta property=\"og:locale\" content=\"es_ES\" \/>\n<meta property=\"og:type\" content=\"article\" \/>\n<meta property=\"og:title\" content=\"Lootzino Login | Acceso y registro seguros de la cuenta\" \/>\n<meta property=\"og:description\" content=\"Accede f\u00e1cilmente a tu cuenta con tu Loot Zino login. Gestiona dep\u00f3sitos, bonos y ajustes personales en un solo lugar. Los nuevos usuarios pueden registrarse en segundos.\" \/>\n<meta property=\"og:url\" content=\"https:\/\/loot-zino.com\/es\/inicio-de-sesion-y-registro\/\" \/>\n<meta property=\"og:site_name\" content=\"lootzino\" \/>\n<meta property=\"article:modified_time\" content=\"2025-11-17T13:46:04+00:00\" \/>\n<meta name=\"twitter:card\" content=\"summary_large_image\" \/>\n<meta name=\"twitter:label1\" content=\"Est. reading time\" \/>\n\t<meta name=\"twitter:data1\" content=\"1 minute\" \/>\n<script type=\"application\/ld+json\" class=\"yoast-schema-graph\">{\"@context\":\"https:\\\/\\\/schema.org\",\"@graph\":[{\"@type\":\"WebPage\",\"@id\":\"https:\\\/\\\/loot-zino.com\\\/es\\\/inicio-de-sesion-y-registro\\\/\",\"url\":\"https:\\\/\\\/loot-zino.com\\\/es\\\/inicio-de-sesion-y-registro\\\/\",\"name\":\"Lootzino Login | Acceso y registro seguros de la cuenta\",\"isPartOf\":{\"@id\":\"https:\\\/\\\/loot-zino.com\\\/es\\\/#website\"},\"datePublished\":\"2025-11-17T09:35:36+00:00\",\"dateModified\":\"2025-11-17T13:46:04+00:00\",\"description\":\"Accede f\u00e1cilmente a tu cuenta con tu Loot Zino login. Gestiona dep\u00f3sitos, bonos y ajustes personales en un solo lugar. Los nuevos usuarios pueden registrarse en segundos.\",\"breadcrumb\":{\"@id\":\"https:\\\/\\\/loot-zino.com\\\/es\\\/inicio-de-sesion-y-registro\\\/#breadcrumb\"},\"inLanguage\":\"es-ES\",\"potentialAction\":[{\"@type\":\"ReadAction\",\"target\":[\"https:\\\/\\\/loot-zino.com\\\/es\\\/inicio-de-sesion-y-registro\\\/\"]}]},{\"@type\":\"BreadcrumbList\",\"@id\":\"https:\\\/\\\/loot-zino.com\\\/es\\\/inicio-de-sesion-y-registro\\\/#breadcrumb\",\"itemListElement\":[{\"@type\":\"ListItem\",\"position\":1,\"name\":\"Lootzino\",\"item\":\"https:\\\/\\\/loot-zino.com\\\/es\\\/\"},{\"@type\":\"ListItem\",\"position\":2,\"name\":\"Inicio de sesi\u00f3n y Registro\"}]},{\"@type\":\"WebSite\",\"@id\":\"https:\\\/\\\/loot-zino.com\\\/es\\\/#website\",\"url\":\"https:\\\/\\\/loot-zino.com\\\/es\\\/\",\"name\":\"Lootzino\",\"description\":\"\",\"publisher\":{\"@id\":\"https:\\\/\\\/loot-zino.com\\\/es\\\/#organization\"},\"potentialAction\":[{\"@type\":\"SearchAction\",\"target\":{\"@type\":\"EntryPoint\",\"urlTemplate\":\"https:\\\/\\\/loot-zino.com\\\/es\\\/?s={search_term_string}\"},\"query-input\":{\"@type\":\"PropertyValueSpecification\",\"valueRequired\":true,\"valueName\":\"search_term_string\"}}],\"inLanguage\":\"es-ES\"},{\"@type\":\"Organization\",\"@id\":\"https:\\\/\\\/loot-zino.com\\\/es\\\/#organization\",\"name\":\"Lootzino\",\"url\":\"https:\\\/\\\/loot-zino.com\\\/es\\\/\",\"logo\":{\"@type\":\"ImageObject\",\"inLanguage\":\"es-ES\",\"@id\":\"https:\\\/\\\/loot-zino.com\\\/es\\\/#\\\/schema\\\/logo\\\/image\\\/\",\"url\":\"https:\\\/\\\/loot-zino.com\\\/wp-content\\\/uploads\\\/2025\\\/11\\\/lootzino-1.svg\",\"contentUrl\":\"https:\\\/\\\/loot-zino.com\\\/wp-content\\\/uploads\\\/2025\\\/11\\\/lootzino-1.svg\",\"width\":16,\"height\":20,\"caption\":\"Lootzino\"},\"image\":{\"@id\":\"https:\\\/\\\/loot-zino.com\\\/es\\\/#\\\/schema\\\/logo\\\/image\\\/\"}}]}<\/script>\n<!-- \/ Yoast SEO plugin. -->","yoast_head_json":{"title":"Lootzino Login | Acceso y registro seguros de la cuenta","description":"Accede f\u00e1cilmente a tu cuenta con tu Loot Zino login. Gestiona dep\u00f3sitos, bonos y ajustes personales en un solo lugar. Los nuevos usuarios pueden registrarse en segundos.","robots":{"index":"index","follow":"follow","max-snippet":"max-snippet:-1","max-image-preview":"max-image-preview:large","max-video-preview":"max-video-preview:-1"},"canonical":"https:\/\/loot-zino.com\/es\/inicio-de-sesion-y-registro\/","og_locale":"es_ES","og_type":"article","og_title":"Lootzino Login | Acceso y registro seguros de la cuenta","og_description":"Accede f\u00e1cilmente a tu cuenta con tu Loot Zino login. Gestiona dep\u00f3sitos, bonos y ajustes personales en un solo lugar. Los nuevos usuarios pueden registrarse en segundos.","og_url":"https:\/\/loot-zino.com\/es\/inicio-de-sesion-y-registro\/","og_site_name":"lootzino","article_modified_time":"2025-11-17T13:46:04+00:00","twitter_card":"summary_large_image","twitter_misc":{"Est. reading time":"1 minute"},"schema":{"@context":"https:\/\/schema.org","@graph":[{"@type":"WebPage","@id":"https:\/\/loot-zino.com\/es\/inicio-de-sesion-y-registro\/","url":"https:\/\/loot-zino.com\/es\/inicio-de-sesion-y-registro\/","name":"Lootzino Login | Acceso y registro seguros de la cuenta","isPartOf":{"@id":"https:\/\/loot-zino.com\/es\/#website"},"datePublished":"2025-11-17T09:35:36+00:00","dateModified":"2025-11-17T13:46:04+00:00","description":"Accede f\u00e1cilmente a tu cuenta con tu Loot Zino login. Gestiona dep\u00f3sitos, bonos y ajustes personales en un solo lugar. Los nuevos usuarios pueden registrarse en segundos.","breadcrumb":{"@id":"https:\/\/loot-zino.com\/es\/inicio-de-sesion-y-registro\/#breadcrumb"},"inLanguage":"es-ES","potentialAction":[{"@type":"ReadAction","target":["https:\/\/loot-zino.com\/es\/inicio-de-sesion-y-registro\/"]}]},{"@type":"BreadcrumbList","@id":"https:\/\/loot-zino.com\/es\/inicio-de-sesion-y-registro\/#breadcrumb","itemListElement":[{"@type":"ListItem","position":1,"name":"Lootzino","item":"https:\/\/loot-zino.com\/es\/"},{"@type":"ListItem","position":2,"name":"Inicio de sesi\u00f3n y Registro"}]},{"@type":"WebSite","@id":"https:\/\/loot-zino.com\/es\/#website","url":"https:\/\/loot-zino.com\/es\/","name":"Lootzino","description":"","publisher":{"@id":"https:\/\/loot-zino.com\/es\/#organization"},"potentialAction":[{"@type":"SearchAction","target":{"@type":"EntryPoint","urlTemplate":"https:\/\/loot-zino.com\/es\/?s={search_term_string}"},"query-input":{"@type":"PropertyValueSpecification","valueRequired":true,"valueName":"search_term_string"}}],"inLanguage":"es-ES"},{"@type":"Organization","@id":"https:\/\/loot-zino.com\/es\/#organization","name":"Lootzino","url":"https:\/\/loot-zino.com\/es\/","logo":{"@type":"ImageObject","inLanguage":"es-ES","@id":"https:\/\/loot-zino.com\/es\/#\/schema\/logo\/image\/","url":"https:\/\/loot-zino.com\/wp-content\/uploads\/2025\/11\/lootzino-1.svg","contentUrl":"https:\/\/loot-zino.com\/wp-content\/uploads\/2025\/11\/lootzino-1.svg","width":16,"height":20,"caption":"Lootzino"},"image":{"@id":"https:\/\/loot-zino.com\/es\/#\/schema\/logo\/image\/"}}]}},"_links":{"self":[{"href":"https:\/\/loot-zino.com\/es\/wp-json\/wp\/v2\/pages\/1473","targetHints":{"allow":["GET"]}}],"collection":[{"href":"https:\/\/loot-zino.com\/es\/wp-json\/wp\/v2\/pages"}],"about":[{"href":"https:\/\/loot-zino.com\/es\/wp-json\/wp\/v2\/types\/page"}],"author":[{"embeddable":true,"href":"https:\/\/loot-zino.com\/es\/wp-json\/wp\/v2\/users\/1"}],"replies":[{"embeddable":true,"href":"https:\/\/loot-zino.com\/es\/wp-json\/wp\/v2\/comments?post=1473"}],"version-history":[{"count":2,"href":"https:\/\/loot-zino.com\/es\/wp-json\/wp\/v2\/pages\/1473\/revisions"}],"predecessor-version":[{"id":1788,"href":"https:\/\/loot-zino.com\/es\/wp-json\/wp\/v2\/pages\/1473\/revisions\/1788"}],"wp:attachment":[{"href":"https:\/\/loot-zino.com\/es\/wp-json\/wp\/v2\/media?parent=1473"}],"curies":[{"name":"wp","href":"https:\/\/api.w.org\/{rel}","templated":true}]}}