{"id":1428,"date":"2025-11-17T09:22:59","date_gmt":"2025-11-17T09:22:59","guid":{"rendered":"https:\/\/loot-zino.com\/app-2\/"},"modified":"2025-11-17T13:44:46","modified_gmt":"2025-11-17T13:44:46","slug":"aplicacion","status":"publish","type":"page","link":"https:\/\/loot-zino.com\/es\/aplicacion\/","title":{"rendered":"Aplicaci\u00f3n"},"content":{"rendered":"<h1>Lootzino Casino solicitud<\/h1>\n<p>Lootzino App es la opci\u00f3n perfecta para jugar a tus juegos favoritos mientras te desplazas por Espa\u00f1a. El software m\u00f3vil est\u00e1 desarrollado para todos los dispositivos Android e iOS modernos. Todos nuestros juegos de proveedores de software populares est\u00e1n optimizados para tu smartphone o tableta. No perder\u00e1s nada e incluso disfrutar\u00e1s de una mejor experiencia de juego. El software m\u00f3vil est\u00e1 disponible en nuestro sitio web y el proceso de instalaci\u00f3n no te llevar\u00e1 m\u00e1s de unos minutos.<\/p>\n<div class=\"banner-wrap\" aria-label=\"Banner\"><img src=\"https:\/\/loot-zino.com\/wp-content\/uploads\/2025\/11\/Lootzino-banner-carousel-800\u0445400.webp\" class=\"w-100 d-none d-lg-block img-pc main-banner-img\" alt=\"Lootzino banner desktop\" fetchpriority=\"high\" decoding=\"async\"><img src=\"https:\/\/loot-zino.com\/wp-content\/uploads\/2025\/12\/Group-25.webp\" class=\"w-100 d-none d-md-block d-lg-none main-banner-img\" alt=\"Lootzino banner mobile\" fetchpriority=\"high\" decoding=\"async\"><img src=\"https:\/\/loot-zino.com\/wp-content\/uploads\/2025\/12\/Group-25.webp\" class=\"w-100 d-md-none\" alt=\"Lootzino banner mobile\" fetchpriority=\"high\" decoding=\"async\"><div class=\"banner-description\">\n<div class=\"banner-title\">Bonos de bienvenida<\/div>\n<p class=\"banner-header-title\">1500 \u20ac<\/p>\n<div class=\"banner-header-AdditionalText\">+ 250 Giros gratis<\/div>\n<button data-item=\"homepage_banner_link\" class=\"goto m-button m-gradient-border m-button--primary m-button--large banner-button btn-orange\">\n            <div class=\"m-button-content\">\n                <span>Reg\u00edstrese ahora<\/span>\n                <span><\/span>\n            <\/div>\n        <\/button>\n<\/div>\n<div class=\"WelcomePack\">\n<p><img loading=\"lazy\" decoding=\"async\" class=\"alignnone size-full wp-image-1337\" src=\"https:\/\/loot-zino.com\/wp-content\/uploads\/2025\/11\/welcome-crown.svg\" alt=\"crown\" width=\"25\" height=\"26\" \/><\/p>\n<div class=\"WelcomePack-Info\">Reembolso semanal de hasta el 25 %<\/div>\n<p><img loading=\"lazy\" decoding=\"async\" class=\"alignnone size-full wp-image-1337\" src=\"https:\/\/loot-zino.com\/wp-content\/uploads\/2025\/11\/welcome-crown.svg\" alt=\"crown\" width=\"25\" height=\"26\" \/><\/p>\n<\/div>\n<\/div>\n<h2>Por qu\u00e9 deber\u00eda elegir la aplicaci\u00f3n m\u00f3vil Lootzino<\/h2>\n<p>Cada vez m\u00e1s personas prefieren jugar a sus juegos favoritos en dispositivos m\u00f3viles. Por eso hemos desarrollado una c\u00f3moda aplicaci\u00f3n Lootzino para Android e iOS. El 80 % de nuestros usuarios prefieren el software m\u00f3vil.<\/p>\n<p>El software m\u00f3vil refleja la versi\u00f3n principal para ordenador. Tiene el mismo dise\u00f1o y navegaci\u00f3n, pero est\u00e1 optimizado para pantallas m\u00e1s peque\u00f1as. Si ya ha probado nuestra versi\u00f3n para ordenador, no tendr\u00e1 ning\u00fan problema. Pero si encuentra alg\u00fan problema con el software m\u00f3vil, siempre puede ponerse en contacto con el equipo de atenci\u00f3n al cliente a trav\u00e9s del chat en vivo de la aplicaci\u00f3n o por correo electr\u00f3nico.<\/p>\n<p>La gente elige el software m\u00f3vil porque siempre est\u00e1 actualizado, incluso cuando no est\u00e1n en casa o cerca de su PC. Todos los bonos de Loot Zino Casino y m\u00e1s de 6.000 juegos est\u00e1n disponibles r\u00e1pidamente con solo unos pocos clics. Adem\u00e1s, en el software m\u00f3vil, puedes recibir notificaciones push personalizadas sobre tus logros y noticias.<\/p>\n<p><div style=\"clear: both\"><\/div><div class=\"d-flex justify-content-center\"><button data-item=\"decouvrez_link\" data-group=\"website_links\" class=\"goto fw-bold rounded-pill btn btn-orange\" aria-label=\"Descarga la aplicaci\u00f3n Lootzino Casino\" >Descarga la aplicaci\u00f3n Lootzino Casino<\/button><\/div><div class=\"scrollable-content-wrap my-5\"><div class=\"scrollable-content-inner\"><h2>Loot Zino Aplicaci\u00f3n para Android<\/h2>\n<p>Todos los usuarios de Android de Lootzino pueden disfrutar de tragamonedas en l\u00ednea, juegos de mesa, opciones con crupier en vivo, juegos instant\u00e1neos y mucho m\u00e1s directamente en sus dispositivos m\u00f3viles. Hemos desarrollado una aplicaci\u00f3n m\u00f3vil dedicada que no ocupa espacio de almacenamiento en tu tel\u00e9fono y ofrece m\u00e1s de 6.000 t\u00edtulos. Nuestros proveedores de software de confianza, como BGaming, Evolution y Playson, crean juegos que se adaptan perfectamente a los dispositivos m\u00f3viles modernos.<\/p>\n<p>Nuestros usuarios pueden elegir entre varias opciones para acceder a Lootzino Casino desde un smartphone o una tableta: la versi\u00f3n para navegador, una aplicaci\u00f3n web progresiva (PWA) y un icono de acceso directo. Puedes acceder a la plataforma a trav\u00e9s de cualquier navegador m\u00f3vil, por ejemplo, Google Chrome, Safari, etc. La PWA se puede descargar desde nuestro sitio web a trav\u00e9s del enlace \u00abAplicaci\u00f3n del casino\u00bb que se encuentra en el pie de p\u00e1gina. Para instalar el icono de acceso directo a Lootzino Casino y acceder al sitio web desde tu pantalla de inicio en un segundo, sigue las instrucciones que se indican a continuaci\u00f3n:<\/p>\n<ol>\n<li>Abre el navegador que prefieras en tu smartphone.<\/li>\n<li>Visite nuestro sitio web.<\/li>\n<li>Toca el icono \u00abM\u00e1s\u00bb en la barra de direcciones.<\/li>\n<li>Haga clic en \u00abA\u00f1adir a la pantalla de inicio\u00bb y, a continuaci\u00f3n, pulse \u00abA\u00f1adir\u00bb.<\/li>\n<li>Tienes que deslizar hacia arriba desde la parte inferior de la pantalla de inicio para abrir el caj\u00f3n de aplicaciones.<\/li>\n<li>Mant\u00e9n pulsado el icono de la aplicaci\u00f3n que deseas a\u00f1adir.<\/li>\n<li>Arrastra el icono a la ubicaci\u00f3n deseada en la pantalla de inicio y levanta el dedo.<\/li>\n<\/ol>\n<p><img loading=\"lazy\" decoding=\"async\" src=\"https:\/\/loot-zino.com\/wp-content\/uploads\/2025\/11\/Lootzino-Android-App.webp\" alt=\"Lootzino Android App\" width=\"1248\" height=\"536\" \/><\/p>\n<\/div><\/div><div style=\"clear: both\"><\/div><div class=\"d-flex justify-content-center\"><button data-item=\"decouvrez_link\" data-group=\"website_links\" class=\"goto fw-bold rounded-pill btn btn-orange\" aria-label=\"Descargar Lootzino\" >Descargar Lootzino<\/button><\/div><div class=\"scrollable-content-wrap my-5\"><div class=\"scrollable-content-inner\"><h2>Aplicaci\u00f3n para dispositivos iOS<\/h2>\n<p>Lootzino Casino ha tenido en cuenta a todos los usuarios de iPhone y ha desarrollado un software m\u00f3vil especial para ellos. Es intuitivo y f\u00e1cil de usar, incluso para aquellos que acaban de abrir una cuenta en un casino online. All\u00ed encontrar\u00e1s las mismas funciones, juegos y herramientas. Si a\u00fan no tienes una cuenta en Loot Zino, puedes crear una en la aplicaci\u00f3n en solo unos minutos.<\/p>\n<p>El software m\u00f3vil es tan seguro como la versi\u00f3n principal para ordenador. Todas tus transacciones, pagos y datos personales est\u00e1n protegidos con encriptaci\u00f3n SSL. Solo trabajamos con software y operadores de pago de confianza.<\/p>\n<p>Dado que la tienda oficial de Apple no permite aplicaciones de apuestas, puedes instalar el software m\u00f3vil Lootzino Casino desde el sitio web oficial. Para ello, solo tienes que seguir nuestras instrucciones:<\/p>\n<ol>\n<li>Ve al pie de p\u00e1gina (parte inferior de la p\u00e1gina) del sitio web Lootzino Casino.<\/li>\n<li>Haga clic en el bot\u00f3n \u00abAplicaci\u00f3n del casino\u00bb. La instalaci\u00f3n comenzar\u00e1 autom\u00e1ticamente.<\/li>\n<li>El icono del casino aparecer\u00e1 en tu pantalla de inicio.<\/li>\n<\/ol>\n<p>Para empezar a disfrutar de emocionantes juegos y bonificaciones, solo tienes que iniciar sesi\u00f3n en tu cuenta o crear una nueva. Antes de realizar tu primer retiro en el casino m\u00f3vil, deber\u00e1s completar el proceso de verificaci\u00f3n.<\/p>\n<p><img loading=\"lazy\" decoding=\"async\" src=\"https:\/\/loot-zino.com\/wp-content\/uploads\/2025\/11\/Lootzino-iOS-App.webp\" alt=\"Lootzino iOS App\" width=\"1248\" height=\"536\" \/><\/p>\n<\/div><\/div><div style=\"clear: both\"><\/div><div class=\"d-flex justify-content-center\"><button data-item=\"decouvrez_link\" data-group=\"website_links\" class=\"goto fw-bold rounded-pill btn btn-orange\" aria-label=\"Descarga la aplicaci\u00f3n Lootzino Casino\" >Descarga la aplicaci\u00f3n Lootzino Casino<\/button><\/div><div class=\"scrollable-content-wrap my-5\"><div class=\"scrollable-content-inner\"><h2>Aplicaci\u00f3n web para Mac o Windows<\/h2>\n<p>Algunos usuarios prefieren disfrutar de sus juegos favoritos en un PC cuando est\u00e1n tranquilamente en casa. Tienes una pantalla grande y sabes que no te perder\u00e1s nada del proceso. Ofrecemos dos opciones para utilizar Loot Zino en tu ordenador: una aplicaci\u00f3n web o una versi\u00f3n para navegador.<\/p>\n<p>El software de escritorio es m\u00e1s r\u00e1pido de acceder y ofrece una experiencia m\u00e1s personalizada. Se puede instalar desde nuestro sitio web oficial en solo unos minutos. A continuaci\u00f3n, encontrar\u00e1s una descripci\u00f3n m\u00e1s detallada de las diferencias entre la aplicaci\u00f3n Lootzino y la versi\u00f3n para navegador.<\/p>\n<p>&nbsp;<\/p>\n<table>\n<tbody>\n<tr>\n<td>Caracter\u00edstica<\/td>\n<td>Aplicaci\u00f3n web<\/td>\n<td>Versi\u00f3n del navegador<\/td>\n<\/tr>\n<tr>\n<td>Instalaci\u00f3n<\/td>\n<td>Se debe instalar una sola vez y se puede ejecutar como una aplicaci\u00f3n nativa.<\/td>\n<td>No requiere instalaci\u00f3n, se accede a trav\u00e9s de cualquier navegador.<\/td>\n<\/tr>\n<tr>\n<td>Modo sin conexi\u00f3n<\/td>\n<td>Algunas funciones funcionan sin conexi\u00f3n o con una conexi\u00f3n a Internet lenta.<\/td>\n<td>El sitio web requiere una conexi\u00f3n constante a Internet.<\/td>\n<\/tr>\n<tr>\n<td>Rendimiento<\/td>\n<td>Tiempos de carga m\u00e1s r\u00e1pidos, animaciones m\u00e1s fluidas, latencia reducida.<\/td>\n<td>Depende del rendimiento del navegador y de las extensiones.<\/td>\n<\/tr>\n<tr>\n<td>Interfaz de usuario<\/td>\n<td>Optimizado para ordenadores de sobremesa con una interfaz similar a la de una aplicaci\u00f3n.<\/td>\n<td>La interfaz de usuario puede variar ligeramente seg\u00fan el navegador y las extensiones.<\/td>\n<\/tr>\n<tr>\n<td>Notificaciones<\/td>\n<td>Notificaciones push disponibles para promociones, bonificaciones y alertas de juegos.<\/td>\n<td>Las notificaciones limitadas del navegador pueden requerir permiso manual.<\/td>\n<\/tr>\n<tr>\n<td>Accesibilidad<\/td>\n<td>Se puede iniciar desde la barra de tareas, el men\u00fa de inicio y es compatible con el modo de pantalla completa.<\/td>\n<td>Requiere abrir el navegador y es posible que no sea compatible con la pantalla completa de forma consistente.<\/td>\n<\/tr>\n<\/tbody>\n<\/table>\n<p><img loading=\"lazy\" decoding=\"async\" src=\"https:\/\/loot-zino.com\/wp-content\/uploads\/2025\/11\/Lootzino-Desktop.webp\" alt=\"Lootzino Desktop\" width=\"1248\" height=\"536\" \/><\/p>\n<\/div><\/div><div style=\"clear: both\"><\/div><div class=\"d-flex justify-content-center\"><button data-item=\"decouvrez_link\" data-group=\"website_links\" class=\"goto fw-bold rounded-pill btn btn-orange\" aria-label=\"Descargar Lootzino\" >Descargar Lootzino<\/button><\/div><div class=\"scrollable-content-wrap my-5\"><div class=\"scrollable-content-inner\"><h2>Preguntas frecuentes<\/h2>\n<h3>\u00bfLa aplicaci\u00f3n Loot Zino es compatible con iOS y Android?<\/h3>\n<p>La aplicaci\u00f3n Lootzino est\u00e1 desarrollada espec\u00edficamente para dispositivos Android e iOS. Todos los juegos y dem\u00e1s funcionalidades se adaptan perfectamente a los smartphones y tabletas modernos.<\/p>\n<h3>\u00bfLos juegos disponibles en la aplicaci\u00f3n son los mismos que en la versi\u00f3n de escritorio?<\/h3>\n<p>Hay m\u00e1s de 6.000 t\u00edtulos disponibles en la aplicaci\u00f3n Lootzino. Se trata de la misma colecci\u00f3n de juegos, que incluye tragamonedas, juegos de mesa, opciones con crupier en vivo, juegos crash y mucho m\u00e1s.<\/p>\n<h3>\u00bfC\u00f3mo puedo obtener la \u00faltima versi\u00f3n de la aplicaci\u00f3n Lootzino?<\/h3>\n<p>Actualizamos autom\u00e1ticamente el software m\u00f3vil, por lo que no tienes que hacer nada m\u00e1s. Sin embargo, si lanzamos actualizaciones importantes, recibir\u00e1s una notificaci\u00f3n para instalar la \u00faltima versi\u00f3n en nuestro sitio web.<\/p>\n<\/div><\/div><\/p>\n","protected":false},"excerpt":{"rendered":"<p>Lootzino Casino solicitud Lootzino App es la opci\u00f3n perfecta para jugar a tus juegos favoritos mientras te desplazas por Espa\u00f1a. El software m\u00f3vil est\u00e1 desarrollado para todos los dispositivos Android e iOS modernos. Todos nuestros juegos de proveedores de software populares est\u00e1n optimizados para tu smartphone o tableta. No perder\u00e1s nada e incluso disfrutar\u00e1s de [&hellip;]<\/p>\n","protected":false},"author":1,"featured_media":0,"parent":0,"menu_order":0,"comment_status":"closed","ping_status":"closed","template":"template-builder.php","meta":{"_acf_changed":false,"inline_featured_image":false,"footnotes":""},"class_list":["post-1428","page","type-page","status-publish","hentry"],"acf":[],"yoast_head":"<!-- This site is optimized with the Yoast SEO plugin v27.3 - https:\/\/yoast.com\/product\/yoast-seo-wordpress\/ -->\n<title>Lootzino App para iOS y Android<\/title>\n<meta name=\"description\" content=\"Juega cuando quieras y donde quieras con la Loot Zino Casino app para iOS y Android. Incluye todos los juegos, acceso instant\u00e1neo y pagos seguros. \u00a1Desc\u00e1rgala ya!\" \/>\n<meta name=\"robots\" content=\"index, follow, max-snippet:-1, max-image-preview:large, max-video-preview:-1\" \/>\n<link rel=\"canonical\" href=\"https:\/\/loot-zino.com\/es\/aplicacion\/\" \/>\n<meta property=\"og:locale\" content=\"es_ES\" \/>\n<meta property=\"og:type\" content=\"article\" \/>\n<meta property=\"og:title\" content=\"Lootzino App para iOS y Android\" \/>\n<meta property=\"og:description\" content=\"Juega cuando quieras y donde quieras con la Loot Zino Casino app para iOS y Android. Incluye todos los juegos, acceso instant\u00e1neo y pagos seguros. \u00a1Desc\u00e1rgala ya!\" \/>\n<meta property=\"og:url\" content=\"https:\/\/loot-zino.com\/es\/aplicacion\/\" \/>\n<meta property=\"og:site_name\" content=\"lootzino\" \/>\n<meta property=\"article:modified_time\" content=\"2025-11-17T13:44:46+00:00\" \/>\n<meta name=\"twitter:card\" content=\"summary_large_image\" \/>\n<meta name=\"twitter:label1\" content=\"Est. reading time\" \/>\n\t<meta name=\"twitter:data1\" content=\"2 minutes\" \/>\n<script type=\"application\/ld+json\" class=\"yoast-schema-graph\">{\"@context\":\"https:\\\/\\\/schema.org\",\"@graph\":[{\"@type\":\"WebPage\",\"@id\":\"https:\\\/\\\/loot-zino.com\\\/es\\\/aplicacion\\\/\",\"url\":\"https:\\\/\\\/loot-zino.com\\\/es\\\/aplicacion\\\/\",\"name\":\"Lootzino App para iOS y Android\",\"isPartOf\":{\"@id\":\"https:\\\/\\\/loot-zino.com\\\/es\\\/#website\"},\"datePublished\":\"2025-11-17T09:22:59+00:00\",\"dateModified\":\"2025-11-17T13:44:46+00:00\",\"description\":\"Juega cuando quieras y donde quieras con la Loot Zino Casino app para iOS y Android. Incluye todos los juegos, acceso instant\u00e1neo y pagos seguros. \u00a1Desc\u00e1rgala ya!\",\"breadcrumb\":{\"@id\":\"https:\\\/\\\/loot-zino.com\\\/es\\\/aplicacion\\\/#breadcrumb\"},\"inLanguage\":\"es-ES\",\"potentialAction\":[{\"@type\":\"ReadAction\",\"target\":[\"https:\\\/\\\/loot-zino.com\\\/es\\\/aplicacion\\\/\"]}]},{\"@type\":\"BreadcrumbList\",\"@id\":\"https:\\\/\\\/loot-zino.com\\\/es\\\/aplicacion\\\/#breadcrumb\",\"itemListElement\":[{\"@type\":\"ListItem\",\"position\":1,\"name\":\"Lootzino\",\"item\":\"https:\\\/\\\/loot-zino.com\\\/es\\\/\"},{\"@type\":\"ListItem\",\"position\":2,\"name\":\"Aplicaci\u00f3n\"}]},{\"@type\":\"WebSite\",\"@id\":\"https:\\\/\\\/loot-zino.com\\\/es\\\/#website\",\"url\":\"https:\\\/\\\/loot-zino.com\\\/es\\\/\",\"name\":\"Lootzino\",\"description\":\"\",\"publisher\":{\"@id\":\"https:\\\/\\\/loot-zino.com\\\/es\\\/#organization\"},\"potentialAction\":[{\"@type\":\"SearchAction\",\"target\":{\"@type\":\"EntryPoint\",\"urlTemplate\":\"https:\\\/\\\/loot-zino.com\\\/es\\\/?s={search_term_string}\"},\"query-input\":{\"@type\":\"PropertyValueSpecification\",\"valueRequired\":true,\"valueName\":\"search_term_string\"}}],\"inLanguage\":\"es-ES\"},{\"@type\":\"Organization\",\"@id\":\"https:\\\/\\\/loot-zino.com\\\/es\\\/#organization\",\"name\":\"Lootzino\",\"url\":\"https:\\\/\\\/loot-zino.com\\\/es\\\/\",\"logo\":{\"@type\":\"ImageObject\",\"inLanguage\":\"es-ES\",\"@id\":\"https:\\\/\\\/loot-zino.com\\\/es\\\/#\\\/schema\\\/logo\\\/image\\\/\",\"url\":\"https:\\\/\\\/loot-zino.com\\\/wp-content\\\/uploads\\\/2025\\\/11\\\/lootzino-1.svg\",\"contentUrl\":\"https:\\\/\\\/loot-zino.com\\\/wp-content\\\/uploads\\\/2025\\\/11\\\/lootzino-1.svg\",\"width\":16,\"height\":20,\"caption\":\"Lootzino\"},\"image\":{\"@id\":\"https:\\\/\\\/loot-zino.com\\\/es\\\/#\\\/schema\\\/logo\\\/image\\\/\"}}]}<\/script>\n<!-- \/ Yoast SEO plugin. -->","yoast_head_json":{"title":"Lootzino App para iOS y Android","description":"Juega cuando quieras y donde quieras con la Loot Zino Casino app para iOS y Android. Incluye todos los juegos, acceso instant\u00e1neo y pagos seguros. \u00a1Desc\u00e1rgala ya!","robots":{"index":"index","follow":"follow","max-snippet":"max-snippet:-1","max-image-preview":"max-image-preview:large","max-video-preview":"max-video-preview:-1"},"canonical":"https:\/\/loot-zino.com\/es\/aplicacion\/","og_locale":"es_ES","og_type":"article","og_title":"Lootzino App para iOS y Android","og_description":"Juega cuando quieras y donde quieras con la Loot Zino Casino app para iOS y Android. Incluye todos los juegos, acceso instant\u00e1neo y pagos seguros. \u00a1Desc\u00e1rgala ya!","og_url":"https:\/\/loot-zino.com\/es\/aplicacion\/","og_site_name":"lootzino","article_modified_time":"2025-11-17T13:44:46+00:00","twitter_card":"summary_large_image","twitter_misc":{"Est. reading time":"2 minutes"},"schema":{"@context":"https:\/\/schema.org","@graph":[{"@type":"WebPage","@id":"https:\/\/loot-zino.com\/es\/aplicacion\/","url":"https:\/\/loot-zino.com\/es\/aplicacion\/","name":"Lootzino App para iOS y Android","isPartOf":{"@id":"https:\/\/loot-zino.com\/es\/#website"},"datePublished":"2025-11-17T09:22:59+00:00","dateModified":"2025-11-17T13:44:46+00:00","description":"Juega cuando quieras y donde quieras con la Loot Zino Casino app para iOS y Android. Incluye todos los juegos, acceso instant\u00e1neo y pagos seguros. \u00a1Desc\u00e1rgala ya!","breadcrumb":{"@id":"https:\/\/loot-zino.com\/es\/aplicacion\/#breadcrumb"},"inLanguage":"es-ES","potentialAction":[{"@type":"ReadAction","target":["https:\/\/loot-zino.com\/es\/aplicacion\/"]}]},{"@type":"BreadcrumbList","@id":"https:\/\/loot-zino.com\/es\/aplicacion\/#breadcrumb","itemListElement":[{"@type":"ListItem","position":1,"name":"Lootzino","item":"https:\/\/loot-zino.com\/es\/"},{"@type":"ListItem","position":2,"name":"Aplicaci\u00f3n"}]},{"@type":"WebSite","@id":"https:\/\/loot-zino.com\/es\/#website","url":"https:\/\/loot-zino.com\/es\/","name":"Lootzino","description":"","publisher":{"@id":"https:\/\/loot-zino.com\/es\/#organization"},"potentialAction":[{"@type":"SearchAction","target":{"@type":"EntryPoint","urlTemplate":"https:\/\/loot-zino.com\/es\/?s={search_term_string}"},"query-input":{"@type":"PropertyValueSpecification","valueRequired":true,"valueName":"search_term_string"}}],"inLanguage":"es-ES"},{"@type":"Organization","@id":"https:\/\/loot-zino.com\/es\/#organization","name":"Lootzino","url":"https:\/\/loot-zino.com\/es\/","logo":{"@type":"ImageObject","inLanguage":"es-ES","@id":"https:\/\/loot-zino.com\/es\/#\/schema\/logo\/image\/","url":"https:\/\/loot-zino.com\/wp-content\/uploads\/2025\/11\/lootzino-1.svg","contentUrl":"https:\/\/loot-zino.com\/wp-content\/uploads\/2025\/11\/lootzino-1.svg","width":16,"height":20,"caption":"Lootzino"},"image":{"@id":"https:\/\/loot-zino.com\/es\/#\/schema\/logo\/image\/"}}]}},"_links":{"self":[{"href":"https:\/\/loot-zino.com\/es\/wp-json\/wp\/v2\/pages\/1428","targetHints":{"allow":["GET"]}}],"collection":[{"href":"https:\/\/loot-zino.com\/es\/wp-json\/wp\/v2\/pages"}],"about":[{"href":"https:\/\/loot-zino.com\/es\/wp-json\/wp\/v2\/types\/page"}],"author":[{"embeddable":true,"href":"https:\/\/loot-zino.com\/es\/wp-json\/wp\/v2\/users\/1"}],"replies":[{"embeddable":true,"href":"https:\/\/loot-zino.com\/es\/wp-json\/wp\/v2\/comments?post=1428"}],"version-history":[{"count":2,"href":"https:\/\/loot-zino.com\/es\/wp-json\/wp\/v2\/pages\/1428\/revisions"}],"predecessor-version":[{"id":1786,"href":"https:\/\/loot-zino.com\/es\/wp-json\/wp\/v2\/pages\/1428\/revisions\/1786"}],"wp:attachment":[{"href":"https:\/\/loot-zino.com\/es\/wp-json\/wp\/v2\/media?parent=1428"}],"curies":[{"name":"wp","href":"https:\/\/api.w.org\/{rel}","templated":true}]}}