{"id":1469,"date":"2025-11-17T09:35:36","date_gmt":"2025-11-17T09:35:36","guid":{"rendered":"https:\/\/loot-zino.com\/login-and-registration\/"},"modified":"2025-11-17T12:12:48","modified_gmt":"2025-11-17T12:12:48","slug":"anmeldung-und-registrierung","status":"publish","type":"page","link":"https:\/\/loot-zino.com\/de\/anmeldung-und-registrierung\/","title":{"rendered":"Anmeldung und Registrierung"},"content":{"rendered":"<h1>Lootzino Registrierung und Einrichtung des Logins<\/h1>\n<p>Um auf Spiele, Boni, Zahlungen und viele andere wichtige Bereiche unserer Website zugreifen zu k\u00f6nnen, m\u00fcssen Sie einen einfachen Lootzino Login Prozess durchlaufen. Dazu m\u00fcssen Sie lediglich Ihre E-Mail-Adresse und Ihr Passwort eingeben. Auf unserer Website k\u00f6nnen sich Nutzer registrieren, sobald sie das 18. Lebensjahr vollendet haben. Dar\u00fcber hinaus kann jede Person nur ein Konto bei Lootzino Casino haben.<\/p>\n<p><div class=\"banner-wrap\" aria-label=\"Banner\"><img src=\"https:\/\/loot-zino.com\/wp-content\/uploads\/2025\/11\/Lootzino-banner-carousel-800\u0445400.webp\" class=\"w-100 d-none d-lg-block img-pc main-banner-img\" alt=\"Lootzino banner desktop\" fetchpriority=\"high\" decoding=\"async\"><img src=\"https:\/\/loot-zino.com\/wp-content\/uploads\/2025\/12\/Group-25.webp\" class=\"w-100 d-none d-md-block d-lg-none main-banner-img\" alt=\"Lootzino banner mobile\" fetchpriority=\"high\" decoding=\"async\"><img src=\"https:\/\/loot-zino.com\/wp-content\/uploads\/2025\/12\/Group-25.webp\" class=\"w-100 d-md-none\" alt=\"Lootzino banner mobile\" fetchpriority=\"high\" decoding=\"async\"><div class=\"banner-description\">\n<div class=\"banner-title\">Willkommensboni<\/div>\n<p class=\"banner-header-title\">1500 \u20ac<\/p>\n<div class=\"banner-header-AdditionalText\">+ 250 Freispiele<\/div>\n<button data-item=\"homepage_banner_link\" class=\"goto m-button m-gradient-border m-button--primary m-button--large banner-button btn-orange\">\n            <div class=\"m-button-content\">\n                <span>Jetzt anmelden<\/span>\n                <span><\/span>\n            <\/div>\n        <\/button>\n<\/div>\n<div class=\"WelcomePack\">\n<p><img loading=\"lazy\" decoding=\"async\" class=\"alignnone size-full wp-image-1337\" src=\"https:\/\/loot-zino.com\/wp-content\/uploads\/2025\/11\/welcome-crown.svg\" alt=\"crown\" width=\"25\" height=\"26\" \/><\/p>\n<div class=\"WelcomePack-Info\">W\u00f6chentlicher Cashback von bis zu 25 %<\/div>\n<p><img loading=\"lazy\" decoding=\"async\" class=\"alignnone size-full wp-image-1337\" src=\"https:\/\/loot-zino.com\/wp-content\/uploads\/2025\/11\/welcome-crown.svg\" alt=\"crown\" width=\"25\" height=\"26\" \/><\/p>\n<\/div>\n<\/div><div class=\"scrollable-content-wrap my-5\"><div class=\"scrollable-content-inner\"><h2>Lootzino Registrierung und Kontoerstellung<\/h2>\n<p>Die Reise auf unserer Website oder in unserer App beginnt mit dem Loot Zino-Anmeldeprozess. Wenn Sie noch kein Konto haben, sollten Sie sich zun\u00e4chst registrieren. Dieser Vorgang dauert selbst f\u00fcr neue Online-Casino-Kunden nicht l\u00e4nger als 3 Minuten. Nachfolgend finden Sie eine detaillierte Anleitung, wie Sie sich ganz einfach bei Lootzino Casino registrieren k\u00f6nnen:<\/p>\n<ol>\n<li>Klicken Sie auf die Schaltfl\u00e4che \u201eAnmelden\u201c in der oberen rechten Ecke.<\/li>\n<li>Geben Sie im Registrierungsformular Ihre E-Mail-Adresse ein und erstellen Sie ein Passwort. Das Passwort muss mindestens 6 Zeichen lang sein.<\/li>\n<li>Geben Sie einen Aktionscode ein, falls Sie einen haben.<\/li>\n<li>Best\u00e4tigen Sie, dass Sie mindestens 18 Jahre alt sind und die Nutzungsbedingungen unserer Website akzeptieren.<\/li>\n<li>Klicken Sie auf die Schaltfl\u00e4che \u201eAnmelden\u201c.<\/li>\n<\/ol>\n<p>Nach Abschluss des Hauptregistrierungsprozesses m\u00fcssen Sie ein Formular mit Ihren pers\u00f6nlichen Daten wie Name, Geburtsdatum und Wohnadresse ausf\u00fcllen. Bitte geben Sie Ihre tats\u00e4chlichen Daten ein, da diese f\u00fcr den Verifizierungsprozess wichtig sind.<\/p>\n<h3>Funktionen und Kontoeinstellungen<\/h3>\n<p>Mit einem Konto bei Loot Zino Casino k\u00f6nnen Sie \u00fcber 6.000 verschiedene Titel um echtes Geld spielen. Sie erhalten Zugang zu allen verf\u00fcgbaren Zahlungsmethoden mit einer Mindesteinzahlung von 15\u201320 \u20ac. Dar\u00fcber hinaus bieten wir einen mehrsprachigen Kundensupport, der \u00fcber den Live-Chat auf der Website oder per E-Mail erreichbar ist.<\/p>\n<p>In Ihren Kontoeinstellungen k\u00f6nnen Sie jederzeit den Verlauf Ihrer Einzahlungen, Spielvorg\u00e4nge, Wetten und Gewinne einsehen. Au\u00dferdem k\u00f6nnen Sie dort Ihre aktiven Boni und Turniere einsehen und verwalten. Im pers\u00f6nlichen Konto von Lootzino Casino finden Sie auch Tools f\u00fcr verantwortungsbewusstes Spielen, wie Zeit- oder Finanzlimits und eine Selbstausschlussoption.<\/p>\n<h2>So melden Sie sich bei Loot Zino an<\/h2>\n<p>Wenn Sie sich bereits bei uns registriert haben, k\u00f6nnen Sie sofort mit dem Lootzino-Login beginnen. Dazu ben\u00f6tigen Sie die Informationen, die Sie bei der Registrierung angegeben haben: Ihre E-Mail-Adresse und Ihr Passwort. Nach dem Einloggen k\u00f6nnen Sie alle verf\u00fcgbaren Spiele spielen, Ein- und Auszahlungen vornehmen und das spannende Bonusprogramm nutzen.<\/p>\n<p>Die Regeln unserer Website erlauben es Ihnen nicht, Einzahlungen zu t\u00e4tigen und Spiele um echtes Geld zu spielen, ohne sich zu registrieren. Sie k\u00f6nnen viele Titel im Demo-Modus ausprobieren, in dem Sie virtuelle Credits verwenden. In diesem Fall k\u00f6nnen Sie jedoch auch keine Gewinne auszahlen lassen. Deshalb empfehlen wir Ihnen dringend, den Lootzino-Anmeldeprozess abzuschlie\u00dfen und alle Funktionen der Plattform zu nutzen.<\/p>\n<p>Wenn Sie nicht auf Ihr Konto zugreifen k\u00f6nnen oder andere Probleme mit Lootzino Casino haben, k\u00f6nnen Sie sich rund um die Uhr an unseren Kundendienst wenden. F\u00fcr schnelle und dringende Fragen nutzen Sie bitte den Live-Chat auf der Website oder in der App. Bei detaillierteren Fragen senden Sie uns bitte eine E-Mail.<\/p>\n<h3>Haben Sie Ihre Anmeldedaten vergessen?<\/h3>\n<p>Auf unserer Plattform ist es kein gro\u00dfes Problem, wenn Sie Ihre Lootzino-Anmeldedaten vergessen haben. W\u00e4hrend der Anmeldung k\u00f6nnen Sie den Link \u201ePasswort vergessen\u201c verwenden. Mit dieser Funktion k\u00f6nnen Sie Ihr Passwort jederzeit zur\u00fccksetzen. Sie m\u00fcssen Ihre E-Mail-Adresse eingeben, damit wir Ihnen einen Link zum Zur\u00fccksetzen zusenden k\u00f6nnen.<\/p>\n<p>Wenn Sie sich anschlie\u00dfend bei Ihrem Konto anmelden, m\u00fcssen Sie Ihr neues Passwort eingeben. Dar\u00fcber hinaus k\u00f6nnen Sie in den Kontoeinstellungen bei Bedarf Ihre pers\u00f6nlichen Daten oder Zahlungsinformationen \u00e4ndern.<\/p>\n<h2>Warum die Kontoverifizierung wichtig ist<\/h2>\n<p>Um eine sichere Gl\u00fccksspielplattform f\u00fcr alle Nutzer zu bleiben, bitten wir Sie, vor Ihrer ersten Auszahlung den Verifizierungsprozess abzuschlie\u00dfen. Dieser Vorgang nimmt nicht viel Zeit in Anspruch und ist nicht kompliziert. Wir bitten Sie, Fotos oder Kopien der folgenden Dokumente hochzuladen:<\/p>\n<table>\n<tbody>\n<tr>\n<td>Dokumente<\/td>\n<td>Details<\/td>\n<\/tr>\n<tr>\n<td>Identit\u00e4ts- und Altersnachweis<\/td>\n<td>Personalausweis, Reisepass oder F\u00fchrerschein<\/td>\n<\/tr>\n<tr>\n<td>Nachweis Ihrer Wohnadresse<\/td>\n<td>Stromrechnung, die nicht \u00e4lter als 3 Monate ist, oder Kontoauszug<\/td>\n<\/tr>\n<tr>\n<td>Nachweis der Eigentumsrechte an der Zahlungsmethode<\/td>\n<td>Kontoauszug oder Screenshot Ihrer Kryptow\u00e4hrung oder E-Wallet<\/td>\n<\/tr>\n<\/tbody>\n<\/table>\n<p>Sobald Sie alle erforderlichen Dokumente hochgeladen haben, werden unsere Manager diese innerhalb von 48 Stunden pr\u00fcfen und entsprechend reagieren. Nachdem Ihr Lootzino-Konto verifiziert wurde, k\u00f6nnen Sie sofort Auszahlungen vornehmen.<\/p>\n<h2>H\u00e4ufig gestellte Fragen<\/h2>\n<h3>Wie kann ich auf mein Lootzino Casino Konto zugreifen?<\/h3>\n<p>Sie k\u00f6nnen den Lootzino-Anmeldeprozess auf der Website oder in der App durchf\u00fchren. Dazu m\u00fcssen Sie zum Abschnitt \u201eAnmelden\u201d gehen und Ihre E-Mail-Adresse und Ihr Passwort eingeben.<\/p>\n<h3>Was mache ich, wenn ich mich nicht an das Passwort erinnern kann?<\/h3>\n<p>Sie k\u00f6nnen jederzeit die Funktion \u201ePasswort vergessen\u201c verwenden, um Ihr Passwort zur\u00fcckzusetzen und ein neues zu erstellen. Diese Funktion befindet sich im Formular \u201eLoot Zino Login\u201c. Sie erhalten von uns eine E-Mail mit dem Link zum Zur\u00fccksetzen des Passworts.<\/p>\n<h3>Kann ich meine Kontoinformationen nach der Registrierung \u00e4ndern?<\/h3>\n<p>Sie k\u00f6nnen Ihre pers\u00f6nlichen Daten oder Zahlungsinformationen jederzeit in den Kontoeinstellungen \u00e4ndern. Wir senden Ihnen immer eine Best\u00e4tigungs-E-Mail, wenn Daten ge\u00e4ndert werden, um Betrug auf der Plattform zu verhindern.<\/p>\n<\/div><\/div><\/p>\n","protected":false},"excerpt":{"rendered":"<p>Lootzino Registrierung und Einrichtung des Logins Um auf Spiele, Boni, Zahlungen und viele andere wichtige Bereiche unserer Website zugreifen zu k\u00f6nnen, m\u00fcssen Sie einen einfachen Lootzino Login Prozess durchlaufen. Dazu m\u00fcssen Sie lediglich Ihre E-Mail-Adresse und Ihr Passwort eingeben. Auf unserer Website k\u00f6nnen sich Nutzer registrieren, sobald sie das 18. Lebensjahr vollendet haben. Dar\u00fcber hinaus [&hellip;]<\/p>\n","protected":false},"author":1,"featured_media":0,"parent":0,"menu_order":0,"comment_status":"closed","ping_status":"closed","template":"template-builder.php","meta":{"_acf_changed":false,"inline_featured_image":false,"footnotes":""},"class_list":["post-1469","page","type-page","status-publish","hentry"],"acf":[],"yoast_head":"<!-- This site is optimized with the Yoast SEO plugin v27.3 - https:\/\/yoast.com\/product\/yoast-seo-wordpress\/ -->\n<title>Lootzino Login | Sicherer Kontozugriff &amp; Registrierung<\/title>\n<meta name=\"description\" content=\"Greifen Sie mit Ihren Loot Zino login ganz einfach auf Ihr Konto zu. Verwalten Sie Einzahlungen, Boni und pers\u00f6nliche Einstellungen zentral. Neukunden k\u00f6nnen sich in Sekundenschnelle registrieren.\" \/>\n<meta name=\"robots\" content=\"index, follow, max-snippet:-1, max-image-preview:large, max-video-preview:-1\" \/>\n<link rel=\"canonical\" href=\"https:\/\/loot-zino.com\/de\/anmeldung-und-registrierung\/\" \/>\n<meta property=\"og:locale\" content=\"de_DE\" \/>\n<meta property=\"og:type\" content=\"article\" \/>\n<meta property=\"og:title\" content=\"Lootzino Login | Sicherer Kontozugriff &amp; Registrierung\" \/>\n<meta property=\"og:description\" content=\"Greifen Sie mit Ihren Loot Zino login ganz einfach auf Ihr Konto zu. Verwalten Sie Einzahlungen, Boni und pers\u00f6nliche Einstellungen zentral. Neukunden k\u00f6nnen sich in Sekundenschnelle registrieren.\" \/>\n<meta property=\"og:url\" content=\"https:\/\/loot-zino.com\/de\/anmeldung-und-registrierung\/\" \/>\n<meta property=\"og:site_name\" content=\"lootzino\" \/>\n<meta property=\"article:modified_time\" content=\"2025-11-17T12:12:48+00:00\" \/>\n<meta name=\"twitter:card\" content=\"summary_large_image\" \/>\n<meta name=\"twitter:label1\" content=\"Gesch\u00e4tzte Lesezeit\" \/>\n\t<meta name=\"twitter:data1\" content=\"1\u00a0Minute\" \/>\n<script type=\"application\/ld+json\" class=\"yoast-schema-graph\">{\"@context\":\"https:\\\/\\\/schema.org\",\"@graph\":[{\"@type\":\"WebPage\",\"@id\":\"https:\\\/\\\/loot-zino.com\\\/de\\\/anmeldung-und-registrierung\\\/\",\"url\":\"https:\\\/\\\/loot-zino.com\\\/de\\\/anmeldung-und-registrierung\\\/\",\"name\":\"Lootzino Login | Sicherer Kontozugriff & Registrierung\",\"isPartOf\":{\"@id\":\"https:\\\/\\\/loot-zino.com\\\/de\\\/#website\"},\"datePublished\":\"2025-11-17T09:35:36+00:00\",\"dateModified\":\"2025-11-17T12:12:48+00:00\",\"description\":\"Greifen Sie mit Ihren Loot Zino login ganz einfach auf Ihr Konto zu. Verwalten Sie Einzahlungen, Boni und pers\u00f6nliche Einstellungen zentral. Neukunden k\u00f6nnen sich in Sekundenschnelle registrieren.\",\"breadcrumb\":{\"@id\":\"https:\\\/\\\/loot-zino.com\\\/de\\\/anmeldung-und-registrierung\\\/#breadcrumb\"},\"inLanguage\":\"de\",\"potentialAction\":[{\"@type\":\"ReadAction\",\"target\":[\"https:\\\/\\\/loot-zino.com\\\/de\\\/anmeldung-und-registrierung\\\/\"]}]},{\"@type\":\"BreadcrumbList\",\"@id\":\"https:\\\/\\\/loot-zino.com\\\/de\\\/anmeldung-und-registrierung\\\/#breadcrumb\",\"itemListElement\":[{\"@type\":\"ListItem\",\"position\":1,\"name\":\"Lootzino\",\"item\":\"https:\\\/\\\/loot-zino.com\\\/de\\\/\"},{\"@type\":\"ListItem\",\"position\":2,\"name\":\"Anmeldung und Registrierung\"}]},{\"@type\":\"WebSite\",\"@id\":\"https:\\\/\\\/loot-zino.com\\\/de\\\/#website\",\"url\":\"https:\\\/\\\/loot-zino.com\\\/de\\\/\",\"name\":\"Lootzino\",\"description\":\"\",\"publisher\":{\"@id\":\"https:\\\/\\\/loot-zino.com\\\/de\\\/#organization\"},\"potentialAction\":[{\"@type\":\"SearchAction\",\"target\":{\"@type\":\"EntryPoint\",\"urlTemplate\":\"https:\\\/\\\/loot-zino.com\\\/de\\\/?s={search_term_string}\"},\"query-input\":{\"@type\":\"PropertyValueSpecification\",\"valueRequired\":true,\"valueName\":\"search_term_string\"}}],\"inLanguage\":\"de\"},{\"@type\":\"Organization\",\"@id\":\"https:\\\/\\\/loot-zino.com\\\/de\\\/#organization\",\"name\":\"Lootzino\",\"url\":\"https:\\\/\\\/loot-zino.com\\\/de\\\/\",\"logo\":{\"@type\":\"ImageObject\",\"inLanguage\":\"de\",\"@id\":\"https:\\\/\\\/loot-zino.com\\\/de\\\/#\\\/schema\\\/logo\\\/image\\\/\",\"url\":\"https:\\\/\\\/loot-zino.com\\\/wp-content\\\/uploads\\\/2025\\\/11\\\/lootzino-1.svg\",\"contentUrl\":\"https:\\\/\\\/loot-zino.com\\\/wp-content\\\/uploads\\\/2025\\\/11\\\/lootzino-1.svg\",\"width\":16,\"height\":20,\"caption\":\"Lootzino\"},\"image\":{\"@id\":\"https:\\\/\\\/loot-zino.com\\\/de\\\/#\\\/schema\\\/logo\\\/image\\\/\"}}]}<\/script>\n<!-- \/ Yoast SEO plugin. -->","yoast_head_json":{"title":"Lootzino Login | Sicherer Kontozugriff & Registrierung","description":"Greifen Sie mit Ihren Loot Zino login ganz einfach auf Ihr Konto zu. Verwalten Sie Einzahlungen, Boni und pers\u00f6nliche Einstellungen zentral. Neukunden k\u00f6nnen sich in Sekundenschnelle registrieren.","robots":{"index":"index","follow":"follow","max-snippet":"max-snippet:-1","max-image-preview":"max-image-preview:large","max-video-preview":"max-video-preview:-1"},"canonical":"https:\/\/loot-zino.com\/de\/anmeldung-und-registrierung\/","og_locale":"de_DE","og_type":"article","og_title":"Lootzino Login | Sicherer Kontozugriff & Registrierung","og_description":"Greifen Sie mit Ihren Loot Zino login ganz einfach auf Ihr Konto zu. Verwalten Sie Einzahlungen, Boni und pers\u00f6nliche Einstellungen zentral. Neukunden k\u00f6nnen sich in Sekundenschnelle registrieren.","og_url":"https:\/\/loot-zino.com\/de\/anmeldung-und-registrierung\/","og_site_name":"lootzino","article_modified_time":"2025-11-17T12:12:48+00:00","twitter_card":"summary_large_image","twitter_misc":{"Gesch\u00e4tzte Lesezeit":"1\u00a0Minute"},"schema":{"@context":"https:\/\/schema.org","@graph":[{"@type":"WebPage","@id":"https:\/\/loot-zino.com\/de\/anmeldung-und-registrierung\/","url":"https:\/\/loot-zino.com\/de\/anmeldung-und-registrierung\/","name":"Lootzino Login | Sicherer Kontozugriff & Registrierung","isPartOf":{"@id":"https:\/\/loot-zino.com\/de\/#website"},"datePublished":"2025-11-17T09:35:36+00:00","dateModified":"2025-11-17T12:12:48+00:00","description":"Greifen Sie mit Ihren Loot Zino login ganz einfach auf Ihr Konto zu. Verwalten Sie Einzahlungen, Boni und pers\u00f6nliche Einstellungen zentral. Neukunden k\u00f6nnen sich in Sekundenschnelle registrieren.","breadcrumb":{"@id":"https:\/\/loot-zino.com\/de\/anmeldung-und-registrierung\/#breadcrumb"},"inLanguage":"de","potentialAction":[{"@type":"ReadAction","target":["https:\/\/loot-zino.com\/de\/anmeldung-und-registrierung\/"]}]},{"@type":"BreadcrumbList","@id":"https:\/\/loot-zino.com\/de\/anmeldung-und-registrierung\/#breadcrumb","itemListElement":[{"@type":"ListItem","position":1,"name":"Lootzino","item":"https:\/\/loot-zino.com\/de\/"},{"@type":"ListItem","position":2,"name":"Anmeldung und Registrierung"}]},{"@type":"WebSite","@id":"https:\/\/loot-zino.com\/de\/#website","url":"https:\/\/loot-zino.com\/de\/","name":"Lootzino","description":"","publisher":{"@id":"https:\/\/loot-zino.com\/de\/#organization"},"potentialAction":[{"@type":"SearchAction","target":{"@type":"EntryPoint","urlTemplate":"https:\/\/loot-zino.com\/de\/?s={search_term_string}"},"query-input":{"@type":"PropertyValueSpecification","valueRequired":true,"valueName":"search_term_string"}}],"inLanguage":"de"},{"@type":"Organization","@id":"https:\/\/loot-zino.com\/de\/#organization","name":"Lootzino","url":"https:\/\/loot-zino.com\/de\/","logo":{"@type":"ImageObject","inLanguage":"de","@id":"https:\/\/loot-zino.com\/de\/#\/schema\/logo\/image\/","url":"https:\/\/loot-zino.com\/wp-content\/uploads\/2025\/11\/lootzino-1.svg","contentUrl":"https:\/\/loot-zino.com\/wp-content\/uploads\/2025\/11\/lootzino-1.svg","width":16,"height":20,"caption":"Lootzino"},"image":{"@id":"https:\/\/loot-zino.com\/de\/#\/schema\/logo\/image\/"}}]}},"_links":{"self":[{"href":"https:\/\/loot-zino.com\/de\/wp-json\/wp\/v2\/pages\/1469","targetHints":{"allow":["GET"]}}],"collection":[{"href":"https:\/\/loot-zino.com\/de\/wp-json\/wp\/v2\/pages"}],"about":[{"href":"https:\/\/loot-zino.com\/de\/wp-json\/wp\/v2\/types\/page"}],"author":[{"embeddable":true,"href":"https:\/\/loot-zino.com\/de\/wp-json\/wp\/v2\/users\/1"}],"replies":[{"embeddable":true,"href":"https:\/\/loot-zino.com\/de\/wp-json\/wp\/v2\/comments?post=1469"}],"version-history":[{"count":2,"href":"https:\/\/loot-zino.com\/de\/wp-json\/wp\/v2\/pages\/1469\/revisions"}],"predecessor-version":[{"id":1606,"href":"https:\/\/loot-zino.com\/de\/wp-json\/wp\/v2\/pages\/1469\/revisions\/1606"}],"wp:attachment":[{"href":"https:\/\/loot-zino.com\/de\/wp-json\/wp\/v2\/media?parent=1469"}],"curies":[{"name":"wp","href":"https:\/\/api.w.org\/{rel}","templated":true}]}}