{"id":1421,"date":"2025-11-17T09:22:59","date_gmt":"2025-11-17T09:22:59","guid":{"rendered":"https:\/\/loot-zino.com\/app-2\/"},"modified":"2025-11-17T12:13:08","modified_gmt":"2025-11-17T12:13:08","slug":"app","status":"publish","type":"page","link":"https:\/\/loot-zino.com\/de\/app\/","title":{"rendered":"App"},"content":{"rendered":"<h1>Lootzino Casino Bewerbung<\/h1>\n<p>Die Lootzino App ist die perfekte Wahl, um Ihre Lieblingsspiele auch unterwegs zu spielen. Die mobile Software wurde f\u00fcr alle modernen Android- und iOS-Ger\u00e4te entwickelt. Alle unsere Spiele von beliebten Softwareanbietern sind f\u00fcr Ihr Smartphone oder Tablet optimiert. Sie verlieren nichts und haben sogar ein besseres Spielerlebnis. Die mobile Software ist auf unserer Website verf\u00fcgbar und die Installation dauert nur wenige Minuten.<\/p>\n<div class=\"banner-wrap\" aria-label=\"Banner\"><img src=\"https:\/\/loot-zino.com\/wp-content\/uploads\/2025\/11\/Lootzino-banner-carousel-800\u0445400.webp\" class=\"w-100 d-none d-lg-block img-pc main-banner-img\" alt=\"Lootzino banner desktop\" fetchpriority=\"high\" decoding=\"async\"><img src=\"https:\/\/loot-zino.com\/wp-content\/uploads\/2025\/12\/Group-25.webp\" class=\"w-100 d-none d-md-block d-lg-none main-banner-img\" alt=\"Lootzino banner mobile\" fetchpriority=\"high\" decoding=\"async\"><img src=\"https:\/\/loot-zino.com\/wp-content\/uploads\/2025\/12\/Group-25.webp\" class=\"w-100 d-md-none\" alt=\"Lootzino banner mobile\" fetchpriority=\"high\" decoding=\"async\"><div class=\"banner-description\">\n<div class=\"banner-title\">Willkommensboni<\/div>\n<p class=\"banner-header-title\">1500 \u20ac<\/p>\n<div class=\"banner-header-AdditionalText\">+ 250 Freispiele<\/div>\n<button data-item=\"homepage_banner_link\" class=\"goto m-button m-gradient-border m-button--primary m-button--large banner-button btn-orange\">\n            <div class=\"m-button-content\">\n                <span>Jetzt anmelden<\/span>\n                <span><\/span>\n            <\/div>\n        <\/button>\n<\/div>\n<div class=\"WelcomePack\">\n<p><img loading=\"lazy\" decoding=\"async\" class=\"alignnone size-full wp-image-1337\" src=\"https:\/\/loot-zino.com\/wp-content\/uploads\/2025\/11\/welcome-crown.svg\" alt=\"crown\" width=\"25\" height=\"26\" \/><\/p>\n<div class=\"WelcomePack-Info\">W\u00f6chentlicher Cashback von bis zu 25 %<\/div>\n<p><img loading=\"lazy\" decoding=\"async\" class=\"alignnone size-full wp-image-1337\" src=\"https:\/\/loot-zino.com\/wp-content\/uploads\/2025\/11\/welcome-crown.svg\" alt=\"crown\" width=\"25\" height=\"26\" \/><\/p>\n<\/div>\n<\/div>\n<h2>Warum Sie sich f\u00fcr die mobile App Lootzino entscheiden sollten<\/h2>\n<p>Immer mehr Menschen bevorzugen es, ihre Lieblingsspiele auf mobilen Ger\u00e4ten zu spielen. Aus diesem Grund haben wir eine praktische Lootzino-App f\u00fcr Android und iOS entwickelt. 80 % unserer Nutzer bevorzugen die mobile Software.<\/p>\n<p>Die mobile Software entspricht der Desktop-Version. Sie hat das gleiche Design und die gleiche Navigation, ist jedoch f\u00fcr kleinere Bildschirme optimiert. Wenn Sie unsere Desktop-Version bereits ausprobiert haben, werden Sie sich schnell zurechtfinden. Sollten Sie dennoch Probleme mit der mobilen Software haben, k\u00f6nnen Sie sich jederzeit \u00fcber den Live-Chat in der App oder per E-Mail an den Kundensupport wenden.<\/p>\n<p>Die Menschen entscheiden sich f\u00fcr mobile Software, weil sie immer auf dem neuesten Stand ist, auch wenn sie nicht zu Hause oder in der N\u00e4he ihres PCs sind. Alle Loot Zino Casino-Boni und \u00fcber 6.000 Spiele sind mit nur wenigen Klicks schnell verf\u00fcgbar. Dar\u00fcber hinaus k\u00f6nnen Sie in der mobilen Software personalisierte Push-Benachrichtigungen \u00fcber Ihre Erfolge und Neuigkeiten erhalten.<\/p>\n<p><div style=\"clear: both\"><\/div><div class=\"d-flex justify-content-center\"><button data-item=\"decouvrez_link\" data-group=\"website_links\" class=\"goto fw-bold rounded-pill btn btn-orange\" aria-label=\"Laden Sie die Lootzino Casino App herunter\" >Laden Sie die Lootzino Casino App herunter<\/button><\/div><div class=\"scrollable-content-wrap my-5\"><div class=\"scrollable-content-inner\"><h2>Loot Zino Android Anwendung<\/h2>\n<p>Alle Lootzino Android-Nutzer k\u00f6nnen Online-Slots, Tischspiele, Live-Dealer-Optionen, Sofortspiele und vieles mehr direkt auf ihren Mobilger\u00e4ten genie\u00dfen. Wir haben eine spezielle mobile App entwickelt, die keinen Speicherplatz auf Ihrem Smartphone beansprucht und \u00fcber 6.000 Titel bietet. Unsere vertrauensw\u00fcrdigen Softwareanbieter wie BGaming, Evolution und Playson entwickeln Spiele, die sich perfekt an moderne Mobilger\u00e4te anpassen.<\/p>\n<p>Unsere Nutzer k\u00f6nnen zwischen mehreren Optionen w\u00e4hlen, um mit ihrem Smartphone oder Tablet auf das Lootzino Casino zuzugreifen: die Browser-Version, eine Progressive Web App (PWA) und ein Shortcut-Symbol. Sie k\u00f6nnen \u00fcber jeden mobilen Browser, z. B. Google Chrome, Safari usw., auf die Plattform zugreifen. Die PWA kann \u00fcber den Link \u201eCasino-App\u201d in der Fu\u00dfzeile unserer Website heruntergeladen werden. Um das Verkn\u00fcpfungssymbol f\u00fcr das Lootzino Casino zu installieren und in Sekundenschnelle \u00fcber Ihren Startbildschirm auf die Website zugreifen zu k\u00f6nnen, befolgen Sie die folgenden Anweisungen:<\/p>\n<ol>\n<li>\u00d6ffnen Sie den bevorzugten Browser auf Ihrem Smartphone.<\/li>\n<li>Besuchen Sie unsere Website.<\/li>\n<li>Tippen Sie auf das Symbol \u201eMehr\u201c in der Adressleiste.<\/li>\n<li>Klicken Sie auf \u201eZum Startbildschirm hinzuf\u00fcgen\u201c und tippen Sie dann auf \u201eHinzuf\u00fcgen\u201c.<\/li>\n<li>Sie m\u00fcssen vom unteren Rand Ihres Startbildschirms nach oben wischen, um den App-Drawer zu \u00f6ffnen.<\/li>\n<li>Klicken Sie auf das Symbol der App, die Sie hinzuf\u00fcgen m\u00f6chten, und halten Sie es gedr\u00fcckt.<\/li>\n<li>Ziehen Sie das Symbol an die gew\u00fcnschte Stelle auf dem Startbildschirm und heben Sie den Finger.<\/li>\n<\/ol>\n<p><img loading=\"lazy\" decoding=\"async\" src=\"https:\/\/loot-zino.com\/wp-content\/uploads\/2025\/11\/Lootzino-Android-App.webp\" alt=\"Lootzino Android App\" width=\"1248\" height=\"536\" \/><\/p>\n<\/div><\/div><div style=\"clear: both\"><\/div><div class=\"d-flex justify-content-center\"><button data-item=\"decouvrez_link\" data-group=\"website_links\" class=\"goto fw-bold rounded-pill btn btn-orange\" aria-label=\"Lootzino herunterladen\" >Lootzino herunterladen<\/button><\/div><div class=\"scrollable-content-wrap my-5\"><div class=\"scrollable-content-inner\"><h2>App f\u00fcr iOS Ger\u00e4te<\/h2>\n<p>Lootzino Casino hat an alle iPhone-Nutzer gedacht und eine spezielle mobile Software f\u00fcr sie entwickelt. Diese ist intuitiv und einfach zu bedienen, selbst f\u00fcr diejenigen, die gerade erst ein Online-Casino-Konto er\u00f6ffnet haben. Dort stehen Ihnen dieselben Funktionen, Spiele und Tools zur Verf\u00fcgung. Wenn Sie noch kein Konto bei Loot Zino haben, k\u00f6nnen Sie in der App in nur wenigen Minuten eines erstellen.<\/p>\n<p>Die mobile Software ist genauso sicher wie die Desktop-Version. Alle Ihre Transaktionen, Zahlungen und pers\u00f6nlichen Daten sind durch SSL-Verschl\u00fcsselung gesch\u00fctzt. Wir arbeiten nur mit vertrauensw\u00fcrdiger Software und Zahlungsdienstleistern zusammen.<\/p>\n<p>Da der offizielle Apple Store keine Gl\u00fccksspiel-Apps zul\u00e4sst, k\u00f6nnen Sie die mobile Software Lootzino Casino von der offiziellen Website installieren. Befolgen Sie dazu einfach unsere Anweisungen:<\/p>\n<ol>\n<li>Gehen Sie zur Fu\u00dfzeile (unterer Rand der Seite) auf der Website Lootzino Casino.<\/li>\n<li>Klicken Sie auf die Schaltfl\u00e4che \u201eCasino App\u201c. Die Installation startet automatisch.<\/li>\n<li>Das Casino-Symbol wird auf Ihrem Startbildschirm angezeigt.<\/li>\n<\/ol>\n<p>Um mit spannenden Spielen und Boni zu beginnen, melden Sie sich einfach bei Ihrem Konto an oder erstellen Sie ein neues Konto. Bevor Sie Ihre erste Auszahlung im Mobilcasino vornehmen k\u00f6nnen, m\u00fcssen Sie den Verifizierungsprozess abschlie\u00dfen.<\/p>\n<p><img loading=\"lazy\" decoding=\"async\" src=\"https:\/\/loot-zino.com\/wp-content\/uploads\/2025\/11\/Lootzino-iOS-App.webp\" alt=\"Lootzino iOS App\" width=\"1248\" height=\"536\" \/><\/p>\n<\/div><\/div><div style=\"clear: both\"><\/div><div class=\"d-flex justify-content-center\"><button data-item=\"decouvrez_link\" data-group=\"website_links\" class=\"goto fw-bold rounded-pill btn btn-orange\" aria-label=\"Laden Sie die Lootzino Casino App herunter\" >Laden Sie die Lootzino Casino App herunter<\/button><\/div><div class=\"scrollable-content-wrap my-5\"><div class=\"scrollable-content-inner\"><h2>Web App f\u00fcr Mac oder Windows<\/h2>\n<p>Einige Nutzer bevorzugen es, ihre Lieblingsspiele auf einem PC zu spielen, wenn sie ruhig zu Hause sind. Sie haben einen gro\u00dfen Bildschirm und wissen, dass Sie nichts vom Spielgeschehen verpassen werden. Wir bieten zwei Optionen f\u00fcr die Nutzung von Loot Zino auf Ihrem Desktop: eine Web-App oder eine Browser-Version.<\/p>\n<p>Die Desktop-Software ist schneller zug\u00e4nglich und bietet ein personalisierteres Erlebnis. Sie kann in wenigen Minuten von unserer offiziellen Website installiert werden. Nachfolgend finden Sie eine detailliertere \u00dcbersicht \u00fcber die Unterschiede zwischen der Lootzino-App und der Browser-Version.<\/p>\n<table>\n<tbody>\n<tr>\n<td>Funktion<\/td>\n<td>Web-App<\/td>\n<td>Browser Version<\/td>\n<\/tr>\n<tr>\n<td>Installation<\/td>\n<td>Es muss einmal installiert werden und kann wie eine native App gestartet werden.<\/td>\n<td>Keine Installation erforderlich, Zugriff \u00fcber jeden Browser m\u00f6glich<\/td>\n<\/tr>\n<tr>\n<td>Offline-Modus<\/td>\n<td>Einige Funktionen funktionieren offline oder mit einer schwachen Internetverbindung.<\/td>\n<td>Die Website erfordert eine st\u00e4ndige Internetverbindung.<\/td>\n<\/tr>\n<tr>\n<td>Leistung<\/td>\n<td>Schnellere Ladezeiten, fl\u00fcssigere Animationen, geringere Latenz<\/td>\n<td>H\u00e4ngt von der Browserleistung und den Erweiterungen ab<\/td>\n<\/tr>\n<tr>\n<td>Benutzeroberfl\u00e4che<\/td>\n<td>Optimiert f\u00fcr Desktop-PCs mit einer App-\u00e4hnlichen Benutzeroberfl\u00e4che<\/td>\n<td>Die Benutzeroberfl\u00e4che kann je nach Browser und Erweiterungen leicht variieren.<\/td>\n<\/tr>\n<tr>\n<td>Benachrichtigungen<\/td>\n<td>Push-Benachrichtigungen f\u00fcr Werbeaktionen, Boni und Spielbenachrichtigungen verf\u00fcgbar<\/td>\n<td>Eingeschr\u00e4nkte Browser-Benachrichtigungen erfordern m\u00f6glicherweise eine manuelle Genehmigung.<\/td>\n<\/tr>\n<tr>\n<td>Barrierefreiheit<\/td>\n<td>Startbar \u00fcber die Taskleiste, das Startmen\u00fc und Vollbildmodus wird unterst\u00fctzt<\/td>\n<td>Erfordert das \u00d6ffnen des Browsers und unterst\u00fctzt m\u00f6glicherweise nicht durchg\u00e4ngig den Vollbildmodus.<\/td>\n<\/tr>\n<\/tbody>\n<\/table>\n<p><img loading=\"lazy\" decoding=\"async\" src=\"https:\/\/loot-zino.com\/wp-content\/uploads\/2025\/11\/Lootzino-Desktop.webp\" alt=\"Lootzino Desktop\" width=\"1248\" height=\"536\" \/><\/p>\n<\/div><\/div><div style=\"clear: both\"><\/div><div class=\"d-flex justify-content-center\"><button data-item=\"decouvrez_link\" data-group=\"website_links\" class=\"goto fw-bold rounded-pill btn btn-orange\" aria-label=\"Lootzino herunterladen\" >Lootzino herunterladen<\/button><\/div><div class=\"scrollable-content-wrap my-5\"><div class=\"scrollable-content-inner\"><h2>H\u00e4ufig gestellte Fragen<\/h2>\n<h3>Ist die Loot Zino App mit iOS und Android kompatibel?<\/h3>\n<p>Die Lootzino-App wurde speziell f\u00fcr Android- und iOS-Ger\u00e4te entwickelt. Alle Spiele und sonstigen Funktionen sind perfekt auf moderne Smartphones und Tablets abgestimmt.<\/p>\n<h3>Sind die Spiele in der App dieselben wie auf dem Desktop?<\/h3>\n<p>In der Lootzino-App sind mehr als 6.000 Titel verf\u00fcgbar. Es handelt sich um dieselbe Spielesammlung, die Slots, Tischspiele, Live-Dealer-Optionen, Crash-Spiele und vieles mehr umfasst.<\/p>\n<h3>Wie bekomme ich die neueste Version der Lootzino App?<\/h3>\n<p>Wir aktualisieren die mobile Software automatisch, sodass Sie nichts weiter tun m\u00fcssen. Bei gr\u00f6\u00dferen Updates erhalten Sie jedoch eine Benachrichtigung, um die neueste Version auf unserer Website zu installieren.<\/p>\n<\/div><\/div><\/p>\n","protected":false},"excerpt":{"rendered":"<p>Lootzino Casino Bewerbung Die Lootzino App ist die perfekte Wahl, um Ihre Lieblingsspiele auch unterwegs zu spielen. Die mobile Software wurde f\u00fcr alle modernen Android- und iOS-Ger\u00e4te entwickelt. Alle unsere Spiele von beliebten Softwareanbietern sind f\u00fcr Ihr Smartphone oder Tablet optimiert. Sie verlieren nichts und haben sogar ein besseres Spielerlebnis. Die mobile Software ist auf [&hellip;]<\/p>\n","protected":false},"author":1,"featured_media":0,"parent":0,"menu_order":0,"comment_status":"closed","ping_status":"closed","template":"template-builder.php","meta":{"_acf_changed":false,"inline_featured_image":false,"footnotes":""},"class_list":["post-1421","page","type-page","status-publish","hentry"],"acf":[],"yoast_head":"<!-- This site is optimized with the Yoast SEO plugin v27.3 - https:\/\/yoast.com\/product\/yoast-seo-wordpress\/ -->\n<title>Lootzino App f\u00fcr iOS &amp; Android<\/title>\n<meta name=\"description\" content=\"Spiele jederzeit und \u00fcberall mit der Loot Zino Casino App f\u00fcr iOS und Android. Alle Spiele, sofortiger Zugriff und sichere Zahlungen inklusive. Jetzt herunterladen!\" \/>\n<meta name=\"robots\" content=\"index, follow, max-snippet:-1, max-image-preview:large, max-video-preview:-1\" \/>\n<link rel=\"canonical\" href=\"https:\/\/loot-zino.com\/de\/app\/\" \/>\n<meta property=\"og:locale\" content=\"de_DE\" \/>\n<meta property=\"og:type\" content=\"article\" \/>\n<meta property=\"og:title\" content=\"Lootzino App f\u00fcr iOS &amp; Android\" \/>\n<meta property=\"og:description\" content=\"Spiele jederzeit und \u00fcberall mit der Loot Zino Casino App f\u00fcr iOS und Android. Alle Spiele, sofortiger Zugriff und sichere Zahlungen inklusive. Jetzt herunterladen!\" \/>\n<meta property=\"og:url\" content=\"https:\/\/loot-zino.com\/de\/app\/\" \/>\n<meta property=\"og:site_name\" content=\"lootzino\" \/>\n<meta property=\"article:modified_time\" content=\"2025-11-17T12:13:08+00:00\" \/>\n<meta name=\"twitter:card\" content=\"summary_large_image\" \/>\n<meta name=\"twitter:label1\" content=\"Gesch\u00e4tzte Lesezeit\" \/>\n\t<meta name=\"twitter:data1\" content=\"2\u00a0Minuten\" \/>\n<script type=\"application\/ld+json\" class=\"yoast-schema-graph\">{\"@context\":\"https:\\\/\\\/schema.org\",\"@graph\":[{\"@type\":\"WebPage\",\"@id\":\"https:\\\/\\\/loot-zino.com\\\/de\\\/app\\\/\",\"url\":\"https:\\\/\\\/loot-zino.com\\\/de\\\/app\\\/\",\"name\":\"Lootzino App f\u00fcr iOS & Android\",\"isPartOf\":{\"@id\":\"https:\\\/\\\/loot-zino.com\\\/de\\\/#website\"},\"datePublished\":\"2025-11-17T09:22:59+00:00\",\"dateModified\":\"2025-11-17T12:13:08+00:00\",\"description\":\"Spiele jederzeit und \u00fcberall mit der Loot Zino Casino App f\u00fcr iOS und Android. Alle Spiele, sofortiger Zugriff und sichere Zahlungen inklusive. Jetzt herunterladen!\",\"breadcrumb\":{\"@id\":\"https:\\\/\\\/loot-zino.com\\\/de\\\/app\\\/#breadcrumb\"},\"inLanguage\":\"de\",\"potentialAction\":[{\"@type\":\"ReadAction\",\"target\":[\"https:\\\/\\\/loot-zino.com\\\/de\\\/app\\\/\"]}]},{\"@type\":\"BreadcrumbList\",\"@id\":\"https:\\\/\\\/loot-zino.com\\\/de\\\/app\\\/#breadcrumb\",\"itemListElement\":[{\"@type\":\"ListItem\",\"position\":1,\"name\":\"Lootzino\",\"item\":\"https:\\\/\\\/loot-zino.com\\\/de\\\/\"},{\"@type\":\"ListItem\",\"position\":2,\"name\":\"App\"}]},{\"@type\":\"WebSite\",\"@id\":\"https:\\\/\\\/loot-zino.com\\\/de\\\/#website\",\"url\":\"https:\\\/\\\/loot-zino.com\\\/de\\\/\",\"name\":\"Lootzino\",\"description\":\"\",\"publisher\":{\"@id\":\"https:\\\/\\\/loot-zino.com\\\/de\\\/#organization\"},\"potentialAction\":[{\"@type\":\"SearchAction\",\"target\":{\"@type\":\"EntryPoint\",\"urlTemplate\":\"https:\\\/\\\/loot-zino.com\\\/de\\\/?s={search_term_string}\"},\"query-input\":{\"@type\":\"PropertyValueSpecification\",\"valueRequired\":true,\"valueName\":\"search_term_string\"}}],\"inLanguage\":\"de\"},{\"@type\":\"Organization\",\"@id\":\"https:\\\/\\\/loot-zino.com\\\/de\\\/#organization\",\"name\":\"Lootzino\",\"url\":\"https:\\\/\\\/loot-zino.com\\\/de\\\/\",\"logo\":{\"@type\":\"ImageObject\",\"inLanguage\":\"de\",\"@id\":\"https:\\\/\\\/loot-zino.com\\\/de\\\/#\\\/schema\\\/logo\\\/image\\\/\",\"url\":\"https:\\\/\\\/loot-zino.com\\\/wp-content\\\/uploads\\\/2025\\\/11\\\/lootzino-1.svg\",\"contentUrl\":\"https:\\\/\\\/loot-zino.com\\\/wp-content\\\/uploads\\\/2025\\\/11\\\/lootzino-1.svg\",\"width\":16,\"height\":20,\"caption\":\"Lootzino\"},\"image\":{\"@id\":\"https:\\\/\\\/loot-zino.com\\\/de\\\/#\\\/schema\\\/logo\\\/image\\\/\"}}]}<\/script>\n<!-- \/ Yoast SEO plugin. -->","yoast_head_json":{"title":"Lootzino App f\u00fcr iOS & Android","description":"Spiele jederzeit und \u00fcberall mit der Loot Zino Casino App f\u00fcr iOS und Android. Alle Spiele, sofortiger Zugriff und sichere Zahlungen inklusive. Jetzt herunterladen!","robots":{"index":"index","follow":"follow","max-snippet":"max-snippet:-1","max-image-preview":"max-image-preview:large","max-video-preview":"max-video-preview:-1"},"canonical":"https:\/\/loot-zino.com\/de\/app\/","og_locale":"de_DE","og_type":"article","og_title":"Lootzino App f\u00fcr iOS & Android","og_description":"Spiele jederzeit und \u00fcberall mit der Loot Zino Casino App f\u00fcr iOS und Android. Alle Spiele, sofortiger Zugriff und sichere Zahlungen inklusive. Jetzt herunterladen!","og_url":"https:\/\/loot-zino.com\/de\/app\/","og_site_name":"lootzino","article_modified_time":"2025-11-17T12:13:08+00:00","twitter_card":"summary_large_image","twitter_misc":{"Gesch\u00e4tzte Lesezeit":"2\u00a0Minuten"},"schema":{"@context":"https:\/\/schema.org","@graph":[{"@type":"WebPage","@id":"https:\/\/loot-zino.com\/de\/app\/","url":"https:\/\/loot-zino.com\/de\/app\/","name":"Lootzino App f\u00fcr iOS & Android","isPartOf":{"@id":"https:\/\/loot-zino.com\/de\/#website"},"datePublished":"2025-11-17T09:22:59+00:00","dateModified":"2025-11-17T12:13:08+00:00","description":"Spiele jederzeit und \u00fcberall mit der Loot Zino Casino App f\u00fcr iOS und Android. Alle Spiele, sofortiger Zugriff und sichere Zahlungen inklusive. Jetzt herunterladen!","breadcrumb":{"@id":"https:\/\/loot-zino.com\/de\/app\/#breadcrumb"},"inLanguage":"de","potentialAction":[{"@type":"ReadAction","target":["https:\/\/loot-zino.com\/de\/app\/"]}]},{"@type":"BreadcrumbList","@id":"https:\/\/loot-zino.com\/de\/app\/#breadcrumb","itemListElement":[{"@type":"ListItem","position":1,"name":"Lootzino","item":"https:\/\/loot-zino.com\/de\/"},{"@type":"ListItem","position":2,"name":"App"}]},{"@type":"WebSite","@id":"https:\/\/loot-zino.com\/de\/#website","url":"https:\/\/loot-zino.com\/de\/","name":"Lootzino","description":"","publisher":{"@id":"https:\/\/loot-zino.com\/de\/#organization"},"potentialAction":[{"@type":"SearchAction","target":{"@type":"EntryPoint","urlTemplate":"https:\/\/loot-zino.com\/de\/?s={search_term_string}"},"query-input":{"@type":"PropertyValueSpecification","valueRequired":true,"valueName":"search_term_string"}}],"inLanguage":"de"},{"@type":"Organization","@id":"https:\/\/loot-zino.com\/de\/#organization","name":"Lootzino","url":"https:\/\/loot-zino.com\/de\/","logo":{"@type":"ImageObject","inLanguage":"de","@id":"https:\/\/loot-zino.com\/de\/#\/schema\/logo\/image\/","url":"https:\/\/loot-zino.com\/wp-content\/uploads\/2025\/11\/lootzino-1.svg","contentUrl":"https:\/\/loot-zino.com\/wp-content\/uploads\/2025\/11\/lootzino-1.svg","width":16,"height":20,"caption":"Lootzino"},"image":{"@id":"https:\/\/loot-zino.com\/de\/#\/schema\/logo\/image\/"}}]}},"_links":{"self":[{"href":"https:\/\/loot-zino.com\/de\/wp-json\/wp\/v2\/pages\/1421","targetHints":{"allow":["GET"]}}],"collection":[{"href":"https:\/\/loot-zino.com\/de\/wp-json\/wp\/v2\/pages"}],"about":[{"href":"https:\/\/loot-zino.com\/de\/wp-json\/wp\/v2\/types\/page"}],"author":[{"embeddable":true,"href":"https:\/\/loot-zino.com\/de\/wp-json\/wp\/v2\/users\/1"}],"replies":[{"embeddable":true,"href":"https:\/\/loot-zino.com\/de\/wp-json\/wp\/v2\/comments?post=1421"}],"version-history":[{"count":3,"href":"https:\/\/loot-zino.com\/de\/wp-json\/wp\/v2\/pages\/1421\/revisions"}],"predecessor-version":[{"id":1607,"href":"https:\/\/loot-zino.com\/de\/wp-json\/wp\/v2\/pages\/1421\/revisions\/1607"}],"wp:attachment":[{"href":"https:\/\/loot-zino.com\/de\/wp-json\/wp\/v2\/media?parent=1421"}],"curies":[{"name":"wp","href":"https:\/\/api.w.org\/{rel}","templated":true}]}}